{"id":17360,"date":"2023-10-17T08:22:10","date_gmt":"2023-10-17T06:22:10","guid":{"rendered":"https:\/\/flanca.si\/izdelek\/mound-organsko-gnojivo-rajcica-15-kg\/"},"modified":"2023-10-17T08:22:10","modified_gmt":"2023-10-17T06:22:10","slug":"mound-organsko-gnojivo-rajcica-15-kg","status":"publish","type":"product","link":"https:\/\/flanca.si\/hr\/proizvod\/mound-organsko-gnojivo-rajcica-15-kg\/","title":{"rendered":"Mound, Organsko gnojivo raj\u010dica 1,5 KG"},"content":{"rendered":"<p>Kvalitetno organsko mineralno gnojivo za raj\u010dice i druge plodne biljke, pripremljeno od proteinskih sirovina s dodatkom ekstrakta vinaze i bra\u0161na od perja i krvi. Gnojivo osigurava sve potrebne hranjive sastojke za zdrav i ujedna\u010den rast biljaka. Pospje\u0161uje plodnost tla i pove\u0107ava organsku masu u tlu. Zbog ve\u0107eg sadr\u017eaja huminske i fulvinske kiseline, gnojivo ubrzava dostupnost postoje\u0107ih hranjivih sastojaka u tlu. Gnojivo se koristi za osnovnu i dodatnu gnojidbu vrtnih kultura ili u kombinaciji s organskim i mineralnim gnojivima. Kombiniranjem gnojiva sprje\u010davamo jednostrano iscrpljivanje tla i omogu\u0107ujemo bolje prinose. Preporu\u010dujemo: Jedna otvorena \u0161aka gnojiva je ca. 30-35 g. Za 0,1 kg to su 3 otvorene \u0161ake, a za 1 kg &#8211; 30 otvorenih \u0161aka. Po\u017eeljno je ugraditi gnojivo u tlo, gdje \u0107e biti za\u0161ti\u0107eno od isu\u0161ivanja i UV zraka. S ni\u017eim dozama gnojite svaki 1 mjesec, a s ve\u0107im dozama svakih 1,5 do 2 mjeseca. Prilagodite gnojidbu prema fazama rasta. Za ve\u0107e i bujno rastu\u0107e biljke pove\u0107ajte doze. Prije pove\u0107anja doze gnojiva, napravite eksperiment na manjem podru\u010dju. Gnojivo mo\u017eete koristiti i u ljetnoj gnojidbi drugog povr\u0107a, vo\u0107aka, vinove loze itd. Gnojivo se pakira u vre\u0107u od 1,5 kilograma.<\/p>\n<p><strong>Gnojiva se razvijaju i proizvode za profesionalnu upotrebu na planta\u017eama i rasadnicima. Gnojivo je higijenizirano i ne sadr\u017ei patogene klice, \u0161teto\u010dine ili sjeme korova. <\/strong><\/p>\n","protected":false},"excerpt":{"rendered":"<ul>\n<li>Kvalitetno univerzalno gnojivo za raj\u010dice<\/li>\n<li>zdrav i ujedna\u010den rast biljaka<\/li>\n<li>poti\u010de pove\u0107anje organske tvari u tlu<\/li>\n<\/ul>\n<h4><strong>Pakirano po 1,5 kg!<\/strong><\/h4>\n","protected":false},"featured_media":17361,"template":"","meta":{"site-sidebar-layout":"default","site-content-layout":"default","ast-site-content-layout":"default","site-content-style":"default","site-sidebar-style":"default","ast-global-header-display":"","ast-banner-title-visibility":"","ast-main-header-display":"","ast-hfb-above-header-display":"","ast-hfb-below-header-display":"","ast-hfb-mobile-header-display":"","site-post-title":"","ast-breadcrumbs-content":"","ast-featured-img":"","footer-sml-layout":"","ast-disable-related-posts":"","theme-transparent-header-meta":"default","adv-header-id-meta":"","stick-header-meta":"default","header-above-stick-meta":"","header-main-stick-meta":"","header-below-stick-meta":"","astra-migrate-meta-layouts":"default","ast-page-background-enabled":"default","ast-page-background-meta":{"desktop":{"background-color":"","background-image":"","background-repeat":"repeat","background-position":"center center","background-size":"auto","background-attachment":"scroll","background-type":"","background-media":"","overlay-type":"","overlay-color":"","overlay-opacity":"","overlay-gradient":""},"tablet":{"background-color":"","background-image":"","background-repeat":"repeat","background-position":"center center","background-size":"auto","background-attachment":"scroll","background-type":"","background-media":"","overlay-type":"","overlay-color":"","overlay-opacity":"","overlay-gradient":""},"mobile":{"background-color":"","background-image":"","background-repeat":"repeat","background-position":"center center","background-size":"auto","background-attachment":"scroll","background-type":"","background-media":"","overlay-type":"","overlay-color":"","overlay-opacity":"","overlay-gradient":""}},"ast-content-background-meta":{"desktop":{"background-color":"var(--ast-global-color-5)","background-image":"","background-repeat":"repeat","background-position":"center center","background-size":"auto","background-attachment":"scroll","background-type":"","background-media":"","overlay-type":"","overlay-color":"","overlay-opacity":"","overlay-gradient":""},"tablet":{"background-color":"var(--ast-global-color-5)","background-image":"","background-repeat":"repeat","background-position":"center center","background-size":"auto","background-attachment":"scroll","background-type":"","background-media":"","overlay-type":"","overlay-color":"","overlay-opacity":"","overlay-gradient":""},"mobile":{"background-color":"var(--ast-global-color-5)","background-image":"","background-repeat":"repeat","background-position":"center center","background-size":"auto","background-attachment":"scroll","background-type":"","background-media":"","overlay-type":"","overlay-color":"","overlay-opacity":"","overlay-gradient":""}}},"product_brand":[],"product_cat":[1987],"product_tag":[2039,1985,1591,1634],"class_list":{"0":"post-17360","1":"product","2":"type-product","3":"status-publish","4":"has-post-thumbnail","6":"product_cat-gnojiva","7":"product_tag-bolji-rast","8":"product_tag-gnojivo","9":"product_tag-plodista","10":"product_tag-rajcice","11":"desktop-align-left","12":"tablet-align-left","13":"mobile-align-left","14":"ast-product-gallery-layout-horizontal","15":"ast-product-gallery-with-no-image","16":"ast-product-tabs-layout-horizontal","17":"ast-qv-on-image","19":"first","20":"outofstock","21":"taxable","22":"shipping-taxable","23":"purchasable","24":"product-type-simple"},"aioseo_notices":[],"_links":{"self":[{"href":"https:\/\/flanca.si\/hr\/wp-json\/wp\/v2\/product\/17360","targetHints":{"allow":["GET"]}}],"collection":[{"href":"https:\/\/flanca.si\/hr\/wp-json\/wp\/v2\/product"}],"about":[{"href":"https:\/\/flanca.si\/hr\/wp-json\/wp\/v2\/types\/product"}],"wp:featuredmedia":[{"embeddable":true,"href":"https:\/\/flanca.si\/hr\/wp-json\/wp\/v2\/media\/17361"}],"wp:attachment":[{"href":"https:\/\/flanca.si\/hr\/wp-json\/wp\/v2\/media?parent=17360"}],"wp:term":[{"taxonomy":"product_brand","embeddable":true,"href":"https:\/\/flanca.si\/hr\/wp-json\/wp\/v2\/product_brand?post=17360"},{"taxonomy":"product_cat","embeddable":true,"href":"https:\/\/flanca.si\/hr\/wp-json\/wp\/v2\/product_cat?post=17360"},{"taxonomy":"product_tag","embeddable":true,"href":"https:\/\/flanca.si\/hr\/wp-json\/wp\/v2\/product_tag?post=17360"}],"curies":[{"name":"wp","href":"https:\/\/api.w.org\/{rel}","templated":true}]}}