{"id":17349,"date":"2024-01-22T11:07:40","date_gmt":"2024-01-22T10:07:40","guid":{"rendered":"https:\/\/flanca.si\/izdelek\/crvenolisni-japanski-javor-atropurpureum\/"},"modified":"2026-04-08T07:16:05","modified_gmt":"2026-04-08T05:16:05","slug":"crvenolisni-japanski-javor-atropurpureum","status":"publish","type":"product","link":"https:\/\/flanca.si\/hr\/proizvod\/crvenolisni-japanski-javor-atropurpureum\/","title":{"rendered":"Crvenolisni japanski javor &#8216;Atropurpureum&#8217;"},"content":{"rendered":"<p>Sorta Atropurpureum sporo je rastu\u0107e, uspravno, listopadno drvo. U visinu naraste do 5 m. U prolje\u0107e ni\u010du tamnocrveni \u0161irokolisni listovi s duboko urezanim rubom. Javorovi su prili\u010dno nepretenciozna stabla, pogodna i za urbane sredine, dobro podnose razne vrste tla, osim prete\u0161kih i stalno vla\u017enih. Sadi se na sun\u010danom ili djelomi\u010dno sjenovitom polo\u017eaju. Crvenim sortama treba malo vi\u0161e izravne sun\u010deve svjetlosti za svoju atraktivnu boju. Idealan je za male vrtove, atrije, kao pojedinac ili u skupini s drugim javorima. Posebna pa\u017enja u vezi s obrezivanjem nije potrebna. Uklanjaju se samo slomljene ili suhe grane. Visina nadzemnog dijela sadnice: 30 &#8211; 45 cm  <\/p>\n","protected":false},"excerpt":{"rendered":"<ul>\n<li><em>Acer palmatum &#8220;Atropurpureum&#8221;<\/em><\/li>\n<li>Sporo rastu\u0107i japanski javor<\/li>\n<li>li\u0161\u0107e obojeno tamnocrvenom bojom<\/li>\n<li>Idealno za male vrtove i atrije<\/li>\n<li>visina sadnice: 30 &#8211; 45 cm<\/li>\n<\/ul>\n<h3><strong>Pakirana 1 sadnica odjednom!<\/strong><\/h3>\n","protected":false},"featured_media":21809,"template":"","meta":{"site-sidebar-layout":"default","site-content-layout":"default","ast-site-content-layout":"default","site-content-style":"default","site-sidebar-style":"default","ast-global-header-display":"","ast-banner-title-visibility":"","ast-main-header-display":"","ast-hfb-above-header-display":"","ast-hfb-below-header-display":"","ast-hfb-mobile-header-display":"","site-post-title":"","ast-breadcrumbs-content":"","ast-featured-img":"","footer-sml-layout":"","ast-disable-related-posts":"","theme-transparent-header-meta":"default","adv-header-id-meta":"","stick-header-meta":"default","header-above-stick-meta":"","header-main-stick-meta":"","header-below-stick-meta":"","astra-migrate-meta-layouts":"default","ast-page-background-enabled":"default","ast-page-background-meta":{"desktop":{"background-color":"","background-image":"","background-repeat":"repeat","background-position":"center center","background-size":"auto","background-attachment":"scroll","background-type":"","background-media":"","overlay-type":"","overlay-color":"","overlay-opacity":"","overlay-gradient":""},"tablet":{"background-color":"","background-image":"","background-repeat":"repeat","background-position":"center center","background-size":"auto","background-attachment":"scroll","background-type":"","background-media":"","overlay-type":"","overlay-color":"","overlay-opacity":"","overlay-gradient":""},"mobile":{"background-color":"","background-image":"","background-repeat":"repeat","background-position":"center center","background-size":"auto","background-attachment":"scroll","background-type":"","background-media":"","overlay-type":"","overlay-color":"","overlay-opacity":"","overlay-gradient":""}},"ast-content-background-meta":{"desktop":{"background-color":"var(--ast-global-color-5)","background-image":"","background-repeat":"repeat","background-position":"center center","background-size":"auto","background-attachment":"scroll","background-type":"","background-media":"","overlay-type":"","overlay-color":"","overlay-opacity":"","overlay-gradient":""},"tablet":{"background-color":"var(--ast-global-color-5)","background-image":"","background-repeat":"repeat","background-position":"center center","background-size":"auto","background-attachment":"scroll","background-type":"","background-media":"","overlay-type":"","overlay-color":"","overlay-opacity":"","overlay-gradient":""},"mobile":{"background-color":"var(--ast-global-color-5)","background-image":"","background-repeat":"repeat","background-position":"center center","background-size":"auto","background-attachment":"scroll","background-type":"","background-media":"","overlay-type":"","overlay-color":"","overlay-opacity":"","overlay-gradient":""}}},"product_brand":[],"product_cat":[1916],"product_tag":[2124,2198,2222],"class_list":{"0":"post-17349","1":"product","2":"type-product","3":"status-publish","4":"has-post-thumbnail","6":"product_cat-grmlje-i-drvece","7":"product_tag-dekorativne-grede-hr","8":"product_tag-javor-hr","9":"product_tag-ukrasno-drvece","10":"desktop-align-left","11":"tablet-align-left","12":"mobile-align-left","13":"ast-product-gallery-layout-horizontal","14":"ast-product-gallery-with-no-image","15":"ast-product-tabs-layout-horizontal","16":"ast-qv-on-image","18":"first","19":"instock","20":"taxable","21":"shipping-taxable","22":"purchasable","23":"product-type-simple"},"aioseo_notices":[],"_links":{"self":[{"href":"https:\/\/flanca.si\/hr\/wp-json\/wp\/v2\/product\/17349","targetHints":{"allow":["GET"]}}],"collection":[{"href":"https:\/\/flanca.si\/hr\/wp-json\/wp\/v2\/product"}],"about":[{"href":"https:\/\/flanca.si\/hr\/wp-json\/wp\/v2\/types\/product"}],"wp:featuredmedia":[{"embeddable":true,"href":"https:\/\/flanca.si\/hr\/wp-json\/wp\/v2\/media\/21809"}],"wp:attachment":[{"href":"https:\/\/flanca.si\/hr\/wp-json\/wp\/v2\/media?parent=17349"}],"wp:term":[{"taxonomy":"product_brand","embeddable":true,"href":"https:\/\/flanca.si\/hr\/wp-json\/wp\/v2\/product_brand?post=17349"},{"taxonomy":"product_cat","embeddable":true,"href":"https:\/\/flanca.si\/hr\/wp-json\/wp\/v2\/product_cat?post=17349"},{"taxonomy":"product_tag","embeddable":true,"href":"https:\/\/flanca.si\/hr\/wp-json\/wp\/v2\/product_tag?post=17349"}],"curies":[{"name":"wp","href":"https:\/\/api.w.org\/{rel}","templated":true}]}}