{"id":17344,"date":"2024-02-12T09:03:07","date_gmt":"2024-02-12T08:03:07","guid":{"rendered":"https:\/\/flanca.si\/izdelek\/klasmann-tonsubstrate-70l\/"},"modified":"2024-02-12T09:03:07","modified_gmt":"2024-02-12T08:03:07","slug":"klasmann-tonsubstrate-70l","status":"publish","type":"product","link":"https:\/\/flanca.si\/hr\/proizvod\/klasmann-tonsubstrate-70l\/","title":{"rendered":"Klasmann Tonsubstrate 70L"},"content":{"rendered":"<p>Klasmann Tonsubstrate je profesionalni supstrat za cvije\u0107e. Formula supstrata pa\u017eljivo je uravnote\u017eena kako bi se osigurala stabilna vla\u017enost tla i optimalno zadr\u017eavanje hranjivih tvari, omogu\u0107uju\u0107i dugoro\u010dno zdravlje i vitalnost biljaka. Supstrat za presa\u0111ivanje s visokim udjelom aditiva gline 25%. Posebno pogodan za ciklame, jaglace, pelargonije i jednogodi\u0161nje biljke, kao i za balkonske biljke. Pakiran je po 70l po vre\u0107ici.   <\/p>\n","protected":false},"excerpt":{"rendered":"<ul>\n<li>za presa\u0111ivanje grmlja i drve\u0107a<\/li>\n<li>dobro dreniran<\/li>\n<li>dodana organska gnojiva<\/li>\n<li>Profesionalna i vrtlarska upotreba<\/li>\n<li>70l\/ vre\u0107ica<\/li>\n<\/ul>\n<h4><strong>Pakirano po 1 komad!<\/strong><\/h4>\n","protected":false},"featured_media":17345,"template":"","meta":{"site-sidebar-layout":"default","site-content-layout":"default","ast-site-content-layout":"default","site-content-style":"default","site-sidebar-style":"default","ast-global-header-display":"","ast-banner-title-visibility":"","ast-main-header-display":"","ast-hfb-above-header-display":"","ast-hfb-below-header-display":"","ast-hfb-mobile-header-display":"","site-post-title":"","ast-breadcrumbs-content":"","ast-featured-img":"","footer-sml-layout":"","ast-disable-related-posts":"","theme-transparent-header-meta":"default","adv-header-id-meta":"","stick-header-meta":"default","header-above-stick-meta":"","header-main-stick-meta":"","header-below-stick-meta":"","astra-migrate-meta-layouts":"default","ast-page-background-enabled":"default","ast-page-background-meta":{"desktop":{"background-color":"","background-image":"","background-repeat":"repeat","background-position":"center center","background-size":"auto","background-attachment":"scroll","background-type":"","background-media":"","overlay-type":"","overlay-color":"","overlay-opacity":"","overlay-gradient":""},"tablet":{"background-color":"","background-image":"","background-repeat":"repeat","background-position":"center center","background-size":"auto","background-attachment":"scroll","background-type":"","background-media":"","overlay-type":"","overlay-color":"","overlay-opacity":"","overlay-gradient":""},"mobile":{"background-color":"","background-image":"","background-repeat":"repeat","background-position":"center center","background-size":"auto","background-attachment":"scroll","background-type":"","background-media":"","overlay-type":"","overlay-color":"","overlay-opacity":"","overlay-gradient":""}},"ast-content-background-meta":{"desktop":{"background-color":"var(--ast-global-color-5)","background-image":"","background-repeat":"repeat","background-position":"center center","background-size":"auto","background-attachment":"scroll","background-type":"","background-media":"","overlay-type":"","overlay-color":"","overlay-opacity":"","overlay-gradient":""},"tablet":{"background-color":"var(--ast-global-color-5)","background-image":"","background-repeat":"repeat","background-position":"center center","background-size":"auto","background-attachment":"scroll","background-type":"","background-media":"","overlay-type":"","overlay-color":"","overlay-opacity":"","overlay-gradient":""},"mobile":{"background-color":"var(--ast-global-color-5)","background-image":"","background-repeat":"repeat","background-position":"center center","background-size":"auto","background-attachment":"scroll","background-type":"","background-media":"","overlay-type":"","overlay-color":"","overlay-opacity":"","overlay-gradient":""}}},"product_brand":[],"product_cat":[2036],"product_tag":[1957,1985,2035,2034],"class_list":{"0":"post-17344","1":"product","2":"type-product","3":"status-publish","4":"has-post-thumbnail","6":"product_cat-supstrati","7":"product_tag-cvijece","8":"product_tag-gnojivo","9":"product_tag-podloga","10":"product_tag-vrt-hr","11":"product_shipping_class-osobno-preuzimanje","12":"desktop-align-left","13":"tablet-align-left","14":"mobile-align-left","15":"ast-product-gallery-layout-horizontal","16":"ast-product-gallery-with-no-image","17":"ast-product-tabs-layout-horizontal","18":"ast-qv-on-image","20":"first","21":"instock","22":"taxable","23":"shipping-taxable","24":"purchasable","25":"product-type-simple"},"aioseo_notices":[],"_links":{"self":[{"href":"https:\/\/flanca.si\/hr\/wp-json\/wp\/v2\/product\/17344","targetHints":{"allow":["GET"]}}],"collection":[{"href":"https:\/\/flanca.si\/hr\/wp-json\/wp\/v2\/product"}],"about":[{"href":"https:\/\/flanca.si\/hr\/wp-json\/wp\/v2\/types\/product"}],"wp:featuredmedia":[{"embeddable":true,"href":"https:\/\/flanca.si\/hr\/wp-json\/wp\/v2\/media\/17345"}],"wp:attachment":[{"href":"https:\/\/flanca.si\/hr\/wp-json\/wp\/v2\/media?parent=17344"}],"wp:term":[{"taxonomy":"product_brand","embeddable":true,"href":"https:\/\/flanca.si\/hr\/wp-json\/wp\/v2\/product_brand?post=17344"},{"taxonomy":"product_cat","embeddable":true,"href":"https:\/\/flanca.si\/hr\/wp-json\/wp\/v2\/product_cat?post=17344"},{"taxonomy":"product_tag","embeddable":true,"href":"https:\/\/flanca.si\/hr\/wp-json\/wp\/v2\/product_tag?post=17344"}],"curies":[{"name":"wp","href":"https:\/\/api.w.org\/{rel}","templated":true}]}}