{"id":17334,"date":"2024-02-14T10:35:45","date_gmt":"2024-02-14T09:35:45","guid":{"rendered":"https:\/\/flanca.si\/izdelek\/ruza-cajevca-grande-amore\/"},"modified":"2024-02-14T10:35:45","modified_gmt":"2024-02-14T09:35:45","slug":"ruza-cajevca-grande-amore","status":"publish","type":"product","link":"https:\/\/flanca.si\/hr\/proizvod\/ruza-cajevca-grande-amore\/","title":{"rendered":"Ru\u017ea \u010dajevca &#8216;Grande Amore&#8217;"},"content":{"rendered":"<p>Ru\u017ee \u010dajevca (Rosa \u00d7 grandiflora) hibridne su ru\u017ee koje su popularne zbog svojih velikih, obi\u010dno mirisnih cvjetova i elegantnog rasta. Zna\u010dajka ru\u017ea \u010dajevca je dugo i opetovano cvjetanje tijekom vegetacije, \u0161to ih \u010dini popularnim izborom u hortikulturi i cvje\u0107arstvu. Cvjetovi ru\u017ea \u010dajevca su srednje do velike veli\u010dine. Njihova paleta boja kre\u0107e se od nje\u017enih pastelnih nijansi do \u017eivih boja, \u0161to omogu\u0107uje mnoge mogu\u0107nosti za vrtlarske aran\u017emane i ukrase. Osim estetske vrijednosti, ru\u017ee \u010dajevca imaju i ljekovita svojstva, jer se njihovi cvjetovi \u0161iroko koriste u tradicionalnoj medicini zbog svog protuupalnog i sedativnog djelovanja. S dugom povije\u0161\u0107u uzgoja i \u0161irokom paletom sorti, \u010dajne ru\u017ee ostaju jedna od najcjenjenijih i najomiljenijih ru\u017ea u svijetu vrtlarstva. Sorta Grande amore ima uspravni grmoliki rast. Naraste do 80 cm visine. Poznat je po svojim izuzetno velikim cvjetovima, koji su puni i bogati, te atraktivno mirisni. <span style=\"font-size: 16px;\">Intenzivna nijansa crvene boje isti\u010de se i donosi sna\u017enu vizualnu privla\u010dnost svakom vrtu ili cvjetnom aran\u017emanu. <\/span><span style=\"font-size: 16px;\">Grande Amore poznat je po svojoj sposobnosti ponovnog cvjetanja, tako da mo\u017eete u\u017eivati u njegovim prekrasnim cvjetovima nekoliko puta godi\u0161nje. <\/span> Najbolje vrijeme za sadnju ru\u017ea je rano prolje\u0107e ili kasna jesen. Orezuju se ovisno o snazi svake sorte. \u0160to bujnije raste, to se manje re\u017ee kako bi se malo smirilo. Slabo rastu\u0107e sorte orezuju se na dva do tri oka kako bi se potaknuo njihov rast. <\/p>\n","protected":false},"excerpt":{"rendered":"<ul>\n<li><em>Rosa hybrida &#8216;Grande Amore&#8217;<\/em><\/li>\n<li>Ru\u017eino stablo \u010daja<\/li>\n<li>veliki bogati cvjetovi<\/li>\n<li>intenzivna crvena nijansa<\/li>\n<li>sna\u017ean i otporan rast<\/li>\n<li>O\u010daravaju\u0107i miris<\/li>\n<\/ul>\n","protected":false},"featured_media":17335,"template":"","meta":{"site-sidebar-layout":"default","site-content-layout":"","ast-site-content-layout":"default","site-content-style":"default","site-sidebar-style":"default","ast-global-header-display":"","ast-banner-title-visibility":"","ast-main-header-display":"","ast-hfb-above-header-display":"","ast-hfb-below-header-display":"","ast-hfb-mobile-header-display":"","site-post-title":"","ast-breadcrumbs-content":"","ast-featured-img":"","footer-sml-layout":"","ast-disable-related-posts":"","theme-transparent-header-meta":"default","adv-header-id-meta":"","stick-header-meta":"default","header-above-stick-meta":"","header-main-stick-meta":"","header-below-stick-meta":"","astra-migrate-meta-layouts":"default","ast-page-background-enabled":"default","ast-page-background-meta":{"desktop":{"background-color":"","background-image":"","background-repeat":"repeat","background-position":"center center","background-size":"auto","background-attachment":"scroll","background-type":"","background-media":"","overlay-type":"","overlay-color":"","overlay-opacity":"","overlay-gradient":""},"tablet":{"background-color":"","background-image":"","background-repeat":"repeat","background-position":"center center","background-size":"auto","background-attachment":"scroll","background-type":"","background-media":"","overlay-type":"","overlay-color":"","overlay-opacity":"","overlay-gradient":""},"mobile":{"background-color":"","background-image":"","background-repeat":"repeat","background-position":"center center","background-size":"auto","background-attachment":"scroll","background-type":"","background-media":"","overlay-type":"","overlay-color":"","overlay-opacity":"","overlay-gradient":""}},"ast-content-background-meta":{"desktop":{"background-color":"var(--ast-global-color-5)","background-image":"","background-repeat":"repeat","background-position":"center center","background-size":"auto","background-attachment":"scroll","background-type":"","background-media":"","overlay-type":"","overlay-color":"","overlay-opacity":"","overlay-gradient":""},"tablet":{"background-color":"var(--ast-global-color-5)","background-image":"","background-repeat":"repeat","background-position":"center center","background-size":"auto","background-attachment":"scroll","background-type":"","background-media":"","overlay-type":"","overlay-color":"","overlay-opacity":"","overlay-gradient":""},"mobile":{"background-color":"var(--ast-global-color-5)","background-image":"","background-repeat":"repeat","background-position":"center center","background-size":"auto","background-attachment":"scroll","background-type":"","background-media":"","overlay-type":"","overlay-color":"","overlay-opacity":"","overlay-gradient":""}}},"product_brand":[],"product_cat":[1916],"product_tag":[],"class_list":{"0":"post-17334","1":"product","2":"type-product","3":"status-publish","4":"has-post-thumbnail","6":"product_cat-grmlje-i-drvece","7":"desktop-align-left","8":"tablet-align-left","9":"mobile-align-left","10":"ast-product-gallery-layout-horizontal","11":"ast-product-tabs-layout-horizontal","12":"ast-qv-on-image","14":"first","15":"outofstock","16":"taxable","17":"shipping-taxable","18":"purchasable","19":"product-type-simple"},"aioseo_notices":[],"_links":{"self":[{"href":"https:\/\/flanca.si\/hr\/wp-json\/wp\/v2\/product\/17334","targetHints":{"allow":["GET"]}}],"collection":[{"href":"https:\/\/flanca.si\/hr\/wp-json\/wp\/v2\/product"}],"about":[{"href":"https:\/\/flanca.si\/hr\/wp-json\/wp\/v2\/types\/product"}],"wp:featuredmedia":[{"embeddable":true,"href":"https:\/\/flanca.si\/hr\/wp-json\/wp\/v2\/media\/17335"}],"wp:attachment":[{"href":"https:\/\/flanca.si\/hr\/wp-json\/wp\/v2\/media?parent=17334"}],"wp:term":[{"taxonomy":"product_brand","embeddable":true,"href":"https:\/\/flanca.si\/hr\/wp-json\/wp\/v2\/product_brand?post=17334"},{"taxonomy":"product_cat","embeddable":true,"href":"https:\/\/flanca.si\/hr\/wp-json\/wp\/v2\/product_cat?post=17334"},{"taxonomy":"product_tag","embeddable":true,"href":"https:\/\/flanca.si\/hr\/wp-json\/wp\/v2\/product_tag?post=17334"}],"curies":[{"name":"wp","href":"https:\/\/api.w.org\/{rel}","templated":true}]}}