{"id":17330,"date":"2024-02-16T11:50:24","date_gmt":"2024-02-16T10:50:24","guid":{"rendered":"https:\/\/flanca.si\/izdelek\/kivi-samooplodanjenny\/"},"modified":"2024-02-16T11:50:24","modified_gmt":"2024-02-16T10:50:24","slug":"kivi-samooplodanjenny","status":"publish","type":"product","link":"https:\/\/flanca.si\/hr\/proizvod\/kivi-samooplodanjenny\/","title":{"rendered":"Kivi samooplodan&#8217;Jenny&#8217;"},"content":{"rendered":"<p>Rije\u010d je o samooplodnoj sorti koja je iznimno otporna na niske zimske temperature (do -20\u00b0C). Cvate u svibnju, dozrijeva krajem listopada, po\u010detkom studenog. Plodovi su sme\u0111i, blago dlakavi, izrazito aromati\u010dni i mogu se jesti zajedno s korom. Plodovi su veli\u010dine oraha. Sorta Jenny obi\u010dno ulazi u plod ve\u0107 nakon tre\u0107e godine od sadnje. Naraste od 3 do 4 m visine. Orezuje se krajem zime ili vrlo rano prolje\u0107e. \u0160to se ti\u010de tla i njege, to je vrlo nepretenciozna biljka. Nije prikladna sorta za opra\u0161ivanje drugih sorti. Visina nadzemnog dijela biljke: cca 30 cm        <\/p>\n","protected":false},"excerpt":{"rendered":"<ul>\n<li><em>Actinidia deliciosa &#8216;Jenny&#8217;<\/em><\/li>\n<li>Sitnoplodni kivi<\/li>\n<li>plodovi su blago pubertetski<\/li>\n<li><strong>Samooplodna sorta<\/strong><\/li>\n<li>brzo prelazi u plodnost<\/li>\n<li>dobro podnosi niske temperature<\/li>\n<li>plodovi sazrijevaju u listopadu<\/li>\n<li>Visina sadnice: 20 cm<\/li>\n<\/ul>\n<h3><strong>Pakirana 1 sadnica odjednom!<\/strong><\/h3>\n","protected":false},"featured_media":17333,"template":"","meta":{"site-sidebar-layout":"default","site-content-layout":"default","ast-site-content-layout":"default","site-content-style":"default","site-sidebar-style":"default","ast-global-header-display":"","ast-banner-title-visibility":"","ast-main-header-display":"","ast-hfb-above-header-display":"","ast-hfb-below-header-display":"","ast-hfb-mobile-header-display":"","site-post-title":"","ast-breadcrumbs-content":"","ast-featured-img":"","footer-sml-layout":"","ast-disable-related-posts":"","theme-transparent-header-meta":"default","adv-header-id-meta":"","stick-header-meta":"default","header-above-stick-meta":"","header-main-stick-meta":"","header-below-stick-meta":"","astra-migrate-meta-layouts":"default","ast-page-background-enabled":"default","ast-page-background-meta":{"desktop":{"background-color":"","background-image":"","background-repeat":"repeat","background-position":"center center","background-size":"auto","background-attachment":"scroll","background-type":"","background-media":"","overlay-type":"","overlay-color":"","overlay-opacity":"","overlay-gradient":""},"tablet":{"background-color":"","background-image":"","background-repeat":"repeat","background-position":"center center","background-size":"auto","background-attachment":"scroll","background-type":"","background-media":"","overlay-type":"","overlay-color":"","overlay-opacity":"","overlay-gradient":""},"mobile":{"background-color":"","background-image":"","background-repeat":"repeat","background-position":"center center","background-size":"auto","background-attachment":"scroll","background-type":"","background-media":"","overlay-type":"","overlay-color":"","overlay-opacity":"","overlay-gradient":""}},"ast-content-background-meta":{"desktop":{"background-color":"var(--ast-global-color-5)","background-image":"","background-repeat":"repeat","background-position":"center center","background-size":"auto","background-attachment":"scroll","background-type":"","background-media":"","overlay-type":"","overlay-color":"","overlay-opacity":"","overlay-gradient":""},"tablet":{"background-color":"var(--ast-global-color-5)","background-image":"","background-repeat":"repeat","background-position":"center center","background-size":"auto","background-attachment":"scroll","background-type":"","background-media":"","overlay-type":"","overlay-color":"","overlay-opacity":"","overlay-gradient":""},"mobile":{"background-color":"var(--ast-global-color-5)","background-image":"","background-repeat":"repeat","background-position":"center center","background-size":"auto","background-attachment":"scroll","background-type":"","background-media":"","overlay-type":"","overlay-color":"","overlay-opacity":"","overlay-gradient":""}}},"product_brand":[],"product_cat":[2170],"product_tag":[2213,2207,1771,1990],"class_list":{"0":"post-17330","1":"product","2":"type-product","3":"status-publish","4":"has-post-thumbnail","6":"product_cat-ostale-bobice","7":"product_tag-kivi-hr","8":"product_tag-kuhinja-hr-2","9":"product_tag-vitamini-hr","10":"product_tag-voce","11":"desktop-align-left","12":"tablet-align-left","13":"mobile-align-left","14":"ast-product-gallery-layout-horizontal","15":"ast-product-gallery-with-no-image","16":"ast-product-tabs-layout-horizontal","17":"ast-qv-on-image","19":"first","20":"instock","21":"taxable","22":"shipping-taxable","23":"purchasable","24":"product-type-simple"},"aioseo_notices":[],"_links":{"self":[{"href":"https:\/\/flanca.si\/hr\/wp-json\/wp\/v2\/product\/17330","targetHints":{"allow":["GET"]}}],"collection":[{"href":"https:\/\/flanca.si\/hr\/wp-json\/wp\/v2\/product"}],"about":[{"href":"https:\/\/flanca.si\/hr\/wp-json\/wp\/v2\/types\/product"}],"wp:featuredmedia":[{"embeddable":true,"href":"https:\/\/flanca.si\/hr\/wp-json\/wp\/v2\/media\/17333"}],"wp:attachment":[{"href":"https:\/\/flanca.si\/hr\/wp-json\/wp\/v2\/media?parent=17330"}],"wp:term":[{"taxonomy":"product_brand","embeddable":true,"href":"https:\/\/flanca.si\/hr\/wp-json\/wp\/v2\/product_brand?post=17330"},{"taxonomy":"product_cat","embeddable":true,"href":"https:\/\/flanca.si\/hr\/wp-json\/wp\/v2\/product_cat?post=17330"},{"taxonomy":"product_tag","embeddable":true,"href":"https:\/\/flanca.si\/hr\/wp-json\/wp\/v2\/product_tag?post=17330"}],"curies":[{"name":"wp","href":"https:\/\/api.w.org\/{rel}","templated":true}]}}