{"id":17324,"date":"2024-02-16T12:25:29","date_gmt":"2024-02-16T11:25:29","guid":{"rendered":"https:\/\/flanca.si\/izdelek\/jagoda-ananas-snjeguljica\/"},"modified":"2024-02-16T12:25:29","modified_gmt":"2024-02-16T11:25:29","slug":"jagoda-ananas-snjeguljica","status":"publish","type":"product","link":"https:\/\/flanca.si\/hr\/proizvod\/jagoda-ananas-snjeguljica\/","title":{"rendered":"Jagoda ananas &#8216;Snjeguljica&#8217;"},"content":{"rendered":"<p>Jagode Snjeguljica od borovnice (Fragaria \u00d7 ananas &#8216;Snjeguljica&#8217;) iznimna su i neobi\u010dna sorta jagoda koja impresionira svojom bijelom bojom, slatkastim okusom i aromom ananasa. Ove bobice su prava rijetkost i isti\u010du se me\u0111u tradicionalnim crvenim bobicama svojom neobi\u010dnom bojom. Pineberry Snjeguljica poznata je po svojim srednje velikim, okruglim plodovima koji su bijeli s crvenim sjemenkama. Sorta se tako\u0111er isti\u010de otporno\u0161\u0107u na bolesti i \u0161tetnike, \u0161to olak\u0161ava njihov uzgoj i odr\u017eavanje u vrtovima. Ove jagode izvrstan su izbor za one koji \u017eele raznolikost i jedinstvenost u svom vrtu i u\u017eivaju u ukusnim i ukrasnim bobicama koje nudi Pineberry Snow White.    <\/p>\n","protected":false},"excerpt":{"rendered":"<ul>\n<li>plodovi bijele boje<\/li>\n<li>slatkastog okusa s aromom ananasa<\/li>\n<li>plodovi su srednje veli\u010dine i okrugli<\/li>\n<li>Sorta je poznata po visokoj otpornosti<\/li>\n<\/ul>\n<h4><strong>Pakirana 1 sadnica odjednom!<\/strong><\/h4>\n","protected":false},"featured_media":17327,"template":"","meta":{"site-sidebar-layout":"default","site-content-layout":"default","ast-site-content-layout":"default","site-content-style":"default","site-sidebar-style":"default","ast-global-header-display":"","ast-banner-title-visibility":"","ast-main-header-display":"","ast-hfb-above-header-display":"","ast-hfb-below-header-display":"","ast-hfb-mobile-header-display":"","site-post-title":"","ast-breadcrumbs-content":"","ast-featured-img":"","footer-sml-layout":"","ast-disable-related-posts":"","theme-transparent-header-meta":"default","adv-header-id-meta":"","stick-header-meta":"default","header-above-stick-meta":"","header-main-stick-meta":"","header-below-stick-meta":"","astra-migrate-meta-layouts":"default","ast-page-background-enabled":"default","ast-page-background-meta":{"desktop":{"background-color":"","background-image":"","background-repeat":"repeat","background-position":"center center","background-size":"auto","background-attachment":"scroll","background-type":"","background-media":"","overlay-type":"","overlay-color":"","overlay-opacity":"","overlay-gradient":""},"tablet":{"background-color":"","background-image":"","background-repeat":"repeat","background-position":"center center","background-size":"auto","background-attachment":"scroll","background-type":"","background-media":"","overlay-type":"","overlay-color":"","overlay-opacity":"","overlay-gradient":""},"mobile":{"background-color":"","background-image":"","background-repeat":"repeat","background-position":"center center","background-size":"auto","background-attachment":"scroll","background-type":"","background-media":"","overlay-type":"","overlay-color":"","overlay-opacity":"","overlay-gradient":""}},"ast-content-background-meta":{"desktop":{"background-color":"var(--ast-global-color-5)","background-image":"","background-repeat":"repeat","background-position":"center center","background-size":"auto","background-attachment":"scroll","background-type":"","background-media":"","overlay-type":"","overlay-color":"","overlay-opacity":"","overlay-gradient":""},"tablet":{"background-color":"var(--ast-global-color-5)","background-image":"","background-repeat":"repeat","background-position":"center center","background-size":"auto","background-attachment":"scroll","background-type":"","background-media":"","overlay-type":"","overlay-color":"","overlay-opacity":"","overlay-gradient":""},"mobile":{"background-color":"var(--ast-global-color-5)","background-image":"","background-repeat":"repeat","background-position":"center center","background-size":"auto","background-attachment":"scroll","background-type":"","background-media":"","overlay-type":"","overlay-color":"","overlay-opacity":"","overlay-gradient":""}}},"product_brand":[],"product_cat":[1903],"product_tag":[1904,1905,2177,1990],"class_list":{"0":"post-17324","1":"product","2":"type-product","3":"status-publish","4":"has-post-thumbnail","6":"product_cat-jagode-hr","7":"product_tag-jagoda-hr-2","8":"product_tag-mjesecni","9":"product_tag-mnogostruk","10":"product_tag-voce","11":"desktop-align-left","12":"tablet-align-left","13":"mobile-align-left","14":"ast-product-gallery-layout-horizontal","15":"ast-product-gallery-with-no-image","16":"ast-product-tabs-layout-horizontal","17":"ast-qv-on-image","19":"first","20":"outofstock","21":"taxable","22":"shipping-taxable","23":"purchasable","24":"product-type-simple"},"aioseo_notices":[],"_links":{"self":[{"href":"https:\/\/flanca.si\/hr\/wp-json\/wp\/v2\/product\/17324","targetHints":{"allow":["GET"]}}],"collection":[{"href":"https:\/\/flanca.si\/hr\/wp-json\/wp\/v2\/product"}],"about":[{"href":"https:\/\/flanca.si\/hr\/wp-json\/wp\/v2\/types\/product"}],"wp:featuredmedia":[{"embeddable":true,"href":"https:\/\/flanca.si\/hr\/wp-json\/wp\/v2\/media\/17327"}],"wp:attachment":[{"href":"https:\/\/flanca.si\/hr\/wp-json\/wp\/v2\/media?parent=17324"}],"wp:term":[{"taxonomy":"product_brand","embeddable":true,"href":"https:\/\/flanca.si\/hr\/wp-json\/wp\/v2\/product_brand?post=17324"},{"taxonomy":"product_cat","embeddable":true,"href":"https:\/\/flanca.si\/hr\/wp-json\/wp\/v2\/product_cat?post=17324"},{"taxonomy":"product_tag","embeddable":true,"href":"https:\/\/flanca.si\/hr\/wp-json\/wp\/v2\/product_tag?post=17324"}],"curies":[{"name":"wp","href":"https:\/\/api.w.org\/{rel}","templated":true}]}}