{"id":17310,"date":"2024-03-11T07:29:45","date_gmt":"2024-03-11T06:29:45","guid":{"rendered":"https:\/\/flanca.si\/izdelek\/penjacka-ruza-florentina-rosso-scuro\/"},"modified":"2026-03-04T19:43:56","modified_gmt":"2026-03-04T18:43:56","slug":"penjacka-ruza-florentina-rosso-scuro","status":"publish","type":"product","link":"https:\/\/flanca.si\/hr\/proizvod\/penjacka-ruza-florentina-rosso-scuro\/","title":{"rendered":"Penja\u010dka ru\u017ea &#8216;Florentina rosso scuro&#8217;"},"content":{"rendered":"<div class=\"images \">\n<div class=\"thumbnails slider\">\n<p><span style=\"font-size: 16px;\">Florentina di Kordes je rustikalna uspinja\u010da od ru\u017ea, vrlo dobro podnosi zimsku hladno\u0107u.  <\/span><span style=\"font-size: 16px;\">Nostalgi\u010dni tamnocrveni cvjetovi imaju istaknuti \u017euti gumb u sredini. Dvostruki cvjetovi intenzivne crvene boje nje\u017enog mirisa.   <\/span><span style=\"font-size: 16px;\">Dobio je ADR certifikat za prirodnu otpornost na bolesti i nagradu Best of the Best u La Taciti.  <\/span><span style=\"font-size: 16px;\">Brzo dose\u017ee 2 metra, ali ostaje na ovoj visini \u010dak i kada je potpuno razvijen. Pogodno za sadnju du\u017e pergola i lukova. Ru\u017ea nije pogodna za sadnju u kontejnere.  <\/span><\/p>\n<\/div>\n<\/div>\n","protected":false},"excerpt":{"rendered":"<ul>\n<li><em>Rosa hybrida &#8216;Florentina rosso scuro&#8217;<\/em><\/li>\n<li>Ru\u017ea penja\u010dica<\/li>\n<li>veliki, dvostruki cvjetovi<\/li>\n<li>intenzivna crvena nijansa<\/li>\n<li>Visina rasta cca. 2,5 milijuna <\/li>\n<li>O\u010daravaju\u0107i miris<\/li>\n<\/ul>\n","protected":false},"featured_media":17311,"template":"","meta":{"site-sidebar-layout":"default","site-content-layout":"","ast-site-content-layout":"default","site-content-style":"default","site-sidebar-style":"default","ast-global-header-display":"","ast-banner-title-visibility":"","ast-main-header-display":"","ast-hfb-above-header-display":"","ast-hfb-below-header-display":"","ast-hfb-mobile-header-display":"","site-post-title":"","ast-breadcrumbs-content":"","ast-featured-img":"","footer-sml-layout":"","ast-disable-related-posts":"","theme-transparent-header-meta":"default","adv-header-id-meta":"","stick-header-meta":"default","header-above-stick-meta":"","header-main-stick-meta":"","header-below-stick-meta":"","astra-migrate-meta-layouts":"set","ast-page-background-enabled":"default","ast-page-background-meta":{"desktop":{"background-color":"","background-image":"","background-repeat":"repeat","background-position":"center center","background-size":"auto","background-attachment":"scroll","background-type":"","background-media":"","overlay-type":"","overlay-color":"","overlay-opacity":"","overlay-gradient":""},"tablet":{"background-color":"","background-image":"","background-repeat":"repeat","background-position":"center center","background-size":"auto","background-attachment":"scroll","background-type":"","background-media":"","overlay-type":"","overlay-color":"","overlay-opacity":"","overlay-gradient":""},"mobile":{"background-color":"","background-image":"","background-repeat":"repeat","background-position":"center center","background-size":"auto","background-attachment":"scroll","background-type":"","background-media":"","overlay-type":"","overlay-color":"","overlay-opacity":"","overlay-gradient":""}},"ast-content-background-meta":{"desktop":{"background-color":"var(--ast-global-color-5)","background-image":"","background-repeat":"repeat","background-position":"center center","background-size":"auto","background-attachment":"scroll","background-type":"","background-media":"","overlay-type":"","overlay-color":"","overlay-opacity":"","overlay-gradient":""},"tablet":{"background-color":"var(--ast-global-color-5)","background-image":"","background-repeat":"repeat","background-position":"center center","background-size":"auto","background-attachment":"scroll","background-type":"","background-media":"","overlay-type":"","overlay-color":"","overlay-opacity":"","overlay-gradient":""},"mobile":{"background-color":"var(--ast-global-color-5)","background-image":"","background-repeat":"repeat","background-position":"center center","background-size":"auto","background-attachment":"scroll","background-type":"","background-media":"","overlay-type":"","overlay-color":"","overlay-opacity":"","overlay-gradient":""}}},"product_brand":[],"product_cat":[15],"product_tag":[],"class_list":{"0":"post-17310","1":"product","2":"type-product","3":"status-publish","4":"has-post-thumbnail","6":"product_cat-nekategorizirano","7":"desktop-align-left","8":"tablet-align-left","9":"mobile-align-left","10":"ast-product-gallery-layout-horizontal","11":"ast-product-gallery-with-no-image","12":"ast-product-tabs-layout-horizontal","13":"ast-qv-on-image","15":"first","16":"instock","17":"taxable","18":"shipping-taxable","19":"purchasable","20":"product-type-simple"},"aioseo_notices":[],"_links":{"self":[{"href":"https:\/\/flanca.si\/hr\/wp-json\/wp\/v2\/product\/17310","targetHints":{"allow":["GET"]}}],"collection":[{"href":"https:\/\/flanca.si\/hr\/wp-json\/wp\/v2\/product"}],"about":[{"href":"https:\/\/flanca.si\/hr\/wp-json\/wp\/v2\/types\/product"}],"wp:featuredmedia":[{"embeddable":true,"href":"https:\/\/flanca.si\/hr\/wp-json\/wp\/v2\/media\/17311"}],"wp:attachment":[{"href":"https:\/\/flanca.si\/hr\/wp-json\/wp\/v2\/media?parent=17310"}],"wp:term":[{"taxonomy":"product_brand","embeddable":true,"href":"https:\/\/flanca.si\/hr\/wp-json\/wp\/v2\/product_brand?post=17310"},{"taxonomy":"product_cat","embeddable":true,"href":"https:\/\/flanca.si\/hr\/wp-json\/wp\/v2\/product_cat?post=17310"},{"taxonomy":"product_tag","embeddable":true,"href":"https:\/\/flanca.si\/hr\/wp-json\/wp\/v2\/product_tag?post=17310"}],"curies":[{"name":"wp","href":"https:\/\/api.w.org\/{rel}","templated":true}]}}