{"id":17305,"date":"2024-03-14T15:54:47","date_gmt":"2024-03-14T14:54:47","guid":{"rendered":"https:\/\/flanca.si\/izdelek\/astecki-zasladivac-lippia-dulcis\/"},"modified":"2024-03-14T15:54:47","modified_gmt":"2024-03-14T14:54:47","slug":"astecki-zasladivac-lippia-dulcis","status":"publish","type":"product","link":"https:\/\/flanca.si\/hr\/proizvod\/astecki-zasladivac-lippia-dulcis\/","title":{"rendered":"Aste\u010dki zasla\u0111iva\u010d &#8216;Lippia dulcis&#8217;"},"content":{"rendered":"<p>Aste\u010dki slatki grm, aste\u010dki zasla\u0111iva\u010d ili slatka lipija puzaju\u0107a je vi\u0161egodi\u0161nja biljka koja naraste do 30 cm visine. Ima male zelene kopljaste ovalne listove koji su nazubljeni. Biljka cvjeta malim bijelim cvjetovima. Kao \u0161to ime sugerira, aste\u010dki slatki grm porijeklom je iz Srednje Amerike. U prirodi se nalazi u Meksiku, Kubi i susjednim otocima. Slatka lipija je vrlo jednostavna za uzgoj. Najbolje uspijeva na dobro dreniranim, pjeskovitim ilovastim tlima. U\u017eiva u sun\u010danim polo\u017eajima. Mo\u017ee se uzgajati u vrtu ili u raznim posudama. Stabljike se lagano spu\u0161taju, pa se mogu uzgajati kao vje\u0161alica. Biljka je vi\u0161egodi\u0161nja biljka u svojoj domovini, ali kod nas ne prezimljuje na otvorenom, pa se premje\u0161ta na hladno i \u0161to svjetlije mjesto prije mraza. Listovi imaju aromu poput mente i sadr\u017ee prirodni zasla\u0111iva\u010d hernandulcin, koji je 1500 puta sla\u0111i od bijelog \u0161e\u0107era. Osu\u0161eni ili svje\u017ei listovi mogu se koristiti za zasla\u0111ivanje \u010daja i raznih slastica.    <\/p>\n","protected":false},"excerpt":{"rendered":"<ul>\n<li><em>Lippia dulcis<\/em><\/li>\n<li>Aste\u010dki zasla\u0111iva\u010d<\/li>\n<li>Nemojte prezimiti na otvorenom<\/li>\n<li>Prirodni zasla\u0111iva\u010d bez kalorija<\/li>\n<li>Listovi se mogu koristiti za zasla\u0111ivanje \u010dajeva i drugih napitaka<\/li>\n<\/ul>\n<h4><strong>Pakirana 1 sadnica odjednom!<\/strong><\/h4>\n","protected":false},"featured_media":17307,"template":"","meta":{"site-sidebar-layout":"default","site-content-layout":"default","ast-site-content-layout":"default","site-content-style":"default","site-sidebar-style":"default","ast-global-header-display":"","ast-banner-title-visibility":"","ast-main-header-display":"","ast-hfb-above-header-display":"","ast-hfb-below-header-display":"","ast-hfb-mobile-header-display":"","site-post-title":"","ast-breadcrumbs-content":"","ast-featured-img":"","footer-sml-layout":"","ast-disable-related-posts":"","theme-transparent-header-meta":"default","adv-header-id-meta":"","stick-header-meta":"default","header-above-stick-meta":"","header-main-stick-meta":"","header-below-stick-meta":"","astra-migrate-meta-layouts":"default","ast-page-background-enabled":"default","ast-page-background-meta":{"desktop":{"background-color":"","background-image":"","background-repeat":"repeat","background-position":"center center","background-size":"auto","background-attachment":"scroll","background-type":"","background-media":"","overlay-type":"","overlay-color":"","overlay-opacity":"","overlay-gradient":""},"tablet":{"background-color":"","background-image":"","background-repeat":"repeat","background-position":"center center","background-size":"auto","background-attachment":"scroll","background-type":"","background-media":"","overlay-type":"","overlay-color":"","overlay-opacity":"","overlay-gradient":""},"mobile":{"background-color":"","background-image":"","background-repeat":"repeat","background-position":"center center","background-size":"auto","background-attachment":"scroll","background-type":"","background-media":"","overlay-type":"","overlay-color":"","overlay-opacity":"","overlay-gradient":""}},"ast-content-background-meta":{"desktop":{"background-color":"var(--ast-global-color-5)","background-image":"","background-repeat":"repeat","background-position":"center center","background-size":"auto","background-attachment":"scroll","background-type":"","background-media":"","overlay-type":"","overlay-color":"","overlay-opacity":"","overlay-gradient":""},"tablet":{"background-color":"var(--ast-global-color-5)","background-image":"","background-repeat":"repeat","background-position":"center center","background-size":"auto","background-attachment":"scroll","background-type":"","background-media":"","overlay-type":"","overlay-color":"","overlay-opacity":"","overlay-gradient":""},"mobile":{"background-color":"var(--ast-global-color-5)","background-image":"","background-repeat":"repeat","background-position":"center center","background-size":"auto","background-attachment":"scroll","background-type":"","background-media":"","overlay-type":"","overlay-color":"","overlay-opacity":"","overlay-gradient":""}}},"product_brand":[],"product_cat":[1752],"product_tag":[1763,2110,2108,2109],"class_list":{"0":"post-17305","1":"product","2":"type-product","3":"status-publish","4":"has-post-thumbnail","6":"product_cat-ostalo-bilje","7":"product_tag-ljekovita-biljka","8":"product_tag-njega-koze","9":"product_tag-sladilo-hr","10":"product_tag-stevia-hr","11":"desktop-align-left","12":"tablet-align-left","13":"mobile-align-left","14":"ast-product-gallery-layout-horizontal","15":"ast-product-gallery-with-no-image","16":"ast-product-tabs-layout-horizontal","17":"ast-qv-on-image","19":"first","20":"outofstock","21":"taxable","22":"shipping-taxable","23":"purchasable","24":"product-type-simple"},"aioseo_notices":[],"_links":{"self":[{"href":"https:\/\/flanca.si\/hr\/wp-json\/wp\/v2\/product\/17305","targetHints":{"allow":["GET"]}}],"collection":[{"href":"https:\/\/flanca.si\/hr\/wp-json\/wp\/v2\/product"}],"about":[{"href":"https:\/\/flanca.si\/hr\/wp-json\/wp\/v2\/types\/product"}],"wp:featuredmedia":[{"embeddable":true,"href":"https:\/\/flanca.si\/hr\/wp-json\/wp\/v2\/media\/17307"}],"wp:attachment":[{"href":"https:\/\/flanca.si\/hr\/wp-json\/wp\/v2\/media?parent=17305"}],"wp:term":[{"taxonomy":"product_brand","embeddable":true,"href":"https:\/\/flanca.si\/hr\/wp-json\/wp\/v2\/product_brand?post=17305"},{"taxonomy":"product_cat","embeddable":true,"href":"https:\/\/flanca.si\/hr\/wp-json\/wp\/v2\/product_cat?post=17305"},{"taxonomy":"product_tag","embeddable":true,"href":"https:\/\/flanca.si\/hr\/wp-json\/wp\/v2\/product_tag?post=17305"}],"curies":[{"name":"wp","href":"https:\/\/api.w.org\/{rel}","templated":true}]}}