{"id":17261,"date":"2024-04-19T07:23:51","date_gmt":"2024-04-19T05:23:51","guid":{"rendered":"https:\/\/flanca.si\/izdelek\/bel-od-ribizle\/"},"modified":"2024-04-19T07:23:51","modified_gmt":"2024-04-19T05:23:51","slug":"bel-od-ribizle","status":"publish","type":"product","link":"https:\/\/flanca.si\/hr\/proizvod\/bel-od-ribizle\/","title":{"rendered":"Bel od ribizle"},"content":{"rendered":"<p>Bijeli ribiz (Ribes rubrum) je grm porijeklom iz Europe i poznat je po slatkim i so\u010dnim plodovima. Ovaj grm mo\u017ee narasti do visine od 1-1,5 metara i ima karakteristi\u010dne lisnate parcele i sitne cvjetove koji se pojavljuju u prolje\u0107e. Bijeli ribiz lako se uzgaja i zahtijeva sun\u010dano ili polusjenovito mjesto i dobro drenirano tlo. Njega uklju\u010duje redovito zalijevanje, gnojidbu i obrezivanje po potrebi. Plodovi bijelog ribiza obi\u010dno su zreli u ljetnim mjesecima i bogat su izvor vitamina C i drugih hranjivih tvari. Mogu se koristiti za pripremu d\u017eemova, sokova, slastica i drugih jela. Osim toga, plodovi bijelog ribiza cijenjeni su i zbog svog ljekovitog u\u010dinka, jer mogu pomo\u0107i u ja\u010danju imunolo\u0161kog sustava, pobolj\u0161ati probavu i sniziti krvni tlak.      <\/p>\n","protected":false},"excerpt":{"rendered":"<ul>\n<li><em>Ribes rubrum<\/em><\/li>\n<li>bogat izvor vitamina<\/li>\n<li>Jednostavan uzgoj<\/li>\n<li>plodovi bijele boje<\/li>\n<li>grmoliki rast<\/li>\n<\/ul>\n<h4><strong>Pakirana 1 sadnica odjednom!<\/strong><\/h4>\n","protected":false},"featured_media":17263,"template":"","meta":{"site-sidebar-layout":"default","site-content-layout":"default","ast-site-content-layout":"default","site-content-style":"default","site-sidebar-style":"default","ast-global-header-display":"","ast-banner-title-visibility":"","ast-main-header-display":"","ast-hfb-above-header-display":"","ast-hfb-below-header-display":"","ast-hfb-mobile-header-display":"","site-post-title":"","ast-breadcrumbs-content":"","ast-featured-img":"","footer-sml-layout":"","ast-disable-related-posts":"","theme-transparent-header-meta":"default","adv-header-id-meta":"","stick-header-meta":"default","header-above-stick-meta":"","header-main-stick-meta":"","header-below-stick-meta":"","astra-migrate-meta-layouts":"default","ast-page-background-enabled":"default","ast-page-background-meta":{"desktop":{"background-color":"","background-image":"","background-repeat":"repeat","background-position":"center center","background-size":"auto","background-attachment":"scroll","background-type":"","background-media":"","overlay-type":"","overlay-color":"","overlay-opacity":"","overlay-gradient":""},"tablet":{"background-color":"","background-image":"","background-repeat":"repeat","background-position":"center center","background-size":"auto","background-attachment":"scroll","background-type":"","background-media":"","overlay-type":"","overlay-color":"","overlay-opacity":"","overlay-gradient":""},"mobile":{"background-color":"","background-image":"","background-repeat":"repeat","background-position":"center center","background-size":"auto","background-attachment":"scroll","background-type":"","background-media":"","overlay-type":"","overlay-color":"","overlay-opacity":"","overlay-gradient":""}},"ast-content-background-meta":{"desktop":{"background-color":"var(--ast-global-color-5)","background-image":"","background-repeat":"repeat","background-position":"center center","background-size":"auto","background-attachment":"scroll","background-type":"","background-media":"","overlay-type":"","overlay-color":"","overlay-opacity":"","overlay-gradient":""},"tablet":{"background-color":"var(--ast-global-color-5)","background-image":"","background-repeat":"repeat","background-position":"center center","background-size":"auto","background-attachment":"scroll","background-type":"","background-media":"","overlay-type":"","overlay-color":"","overlay-opacity":"","overlay-gradient":""},"mobile":{"background-color":"var(--ast-global-color-5)","background-image":"","background-repeat":"repeat","background-position":"center center","background-size":"auto","background-attachment":"scroll","background-type":"","background-media":"","overlay-type":"","overlay-color":"","overlay-opacity":"","overlay-gradient":""}}},"product_brand":[],"product_cat":[1903],"product_tag":[2176,1609,2175,1908,1771],"class_list":{"0":"post-17261","1":"product","2":"type-product","3":"status-publish","4":"has-post-thumbnail","6":"product_cat-jagode-hr","7":"product_tag-crvena-ribizla","8":"product_tag-ljeto","9":"product_tag-ribiz","10":"product_tag-telugu-hr-5","11":"product_tag-vitamini-hr","12":"desktop-align-left","13":"tablet-align-left","14":"mobile-align-left","15":"ast-product-gallery-layout-horizontal","16":"ast-product-gallery-with-no-image","17":"ast-product-tabs-layout-horizontal","18":"ast-qv-on-image","20":"first","21":"outofstock","22":"taxable","23":"shipping-taxable","24":"purchasable","25":"product-type-simple"},"aioseo_notices":[],"_links":{"self":[{"href":"https:\/\/flanca.si\/hr\/wp-json\/wp\/v2\/product\/17261","targetHints":{"allow":["GET"]}}],"collection":[{"href":"https:\/\/flanca.si\/hr\/wp-json\/wp\/v2\/product"}],"about":[{"href":"https:\/\/flanca.si\/hr\/wp-json\/wp\/v2\/types\/product"}],"wp:featuredmedia":[{"embeddable":true,"href":"https:\/\/flanca.si\/hr\/wp-json\/wp\/v2\/media\/17263"}],"wp:attachment":[{"href":"https:\/\/flanca.si\/hr\/wp-json\/wp\/v2\/media?parent=17261"}],"wp:term":[{"taxonomy":"product_brand","embeddable":true,"href":"https:\/\/flanca.si\/hr\/wp-json\/wp\/v2\/product_brand?post=17261"},{"taxonomy":"product_cat","embeddable":true,"href":"https:\/\/flanca.si\/hr\/wp-json\/wp\/v2\/product_cat?post=17261"},{"taxonomy":"product_tag","embeddable":true,"href":"https:\/\/flanca.si\/hr\/wp-json\/wp\/v2\/product_tag?post=17261"}],"curies":[{"name":"wp","href":"https:\/\/api.w.org\/{rel}","templated":true}]}}