{"id":17228,"date":"2024-09-16T13:52:12","date_gmt":"2024-09-16T11:52:12","guid":{"rendered":"https:\/\/flanca.si\/izdelek\/jesenske-astere-bijele\/"},"modified":"2024-09-16T13:52:12","modified_gmt":"2024-09-16T11:52:12","slug":"jesenske-astere-bijele","status":"publish","type":"product","link":"https:\/\/flanca.si\/hr\/proizvod\/jesenske-astere-bijele\/","title":{"rendered":"Jesenske astere bijele"},"content":{"rendered":"<p>U jesen na cvjetnjacima vladaju astre koje svojim \u0161arenim cvjetovima privla\u010de posljednje p\u010dele i zadovoljne poglede vrtlara. Ljubi\u010dasto-plavkaste nijanse cvije\u0107a isti\u010du se na jesenskom svjetlu. Asteri nisu zahtjevne ukrasne biljke, jer uspijevaju i na sun\u010danim i na polusjenovitim polo\u017eajima, u obi\u010dnom vrtnom tlu, bez posebne njege hranjivim tvarima. Pogodni su za razli\u010dite dijelove vrta, za kamenjare, za pozadinu bogato zasa\u0111enih gredica, a posebno su lijepo uhva\u0107eni ukrasnim travama, jer obje skupine biljaka dosti\u017eu svoj vrhunac u istom razdoblju. Nove belgijske astre, ili glatkolisne astere kako ih nazivaju i stru\u010dnjaci, dose\u017eu visinu od oko 1 m. \u010cak i ako glatkolisne astere postanu grmolike, dobro \u0107e im do\u0107i ako im barem jednom do lipnja odre\u017eemo vrh i tako razgranamo njihov rast. U jesen se mogu koristiti kao cvjetnica u zasadima, a u prolje\u0107e se mogu presaditi na cvjetnjak. <\/p>\n","protected":false},"excerpt":{"rendered":"<ul>\n<li>Trajnice<\/li>\n<li>jesensko cvjetanje<\/li>\n<li>bijelo cvije\u0107e<\/li>\n<li>Nepretenciozne trajnice<\/li>\n<\/ul>\n<h4><strong>Pakirana 1 sadnica odjednom!<\/strong><\/h4>\n","protected":false},"featured_media":17230,"template":"","meta":{"site-sidebar-layout":"default","site-content-layout":"default","ast-site-content-layout":"default","site-content-style":"default","site-sidebar-style":"default","ast-global-header-display":"","ast-banner-title-visibility":"","ast-main-header-display":"","ast-hfb-above-header-display":"","ast-hfb-below-header-display":"","ast-hfb-mobile-header-display":"","site-post-title":"","ast-breadcrumbs-content":"","ast-featured-img":"","footer-sml-layout":"","ast-disable-related-posts":"","theme-transparent-header-meta":"default","adv-header-id-meta":"","stick-header-meta":"default","header-above-stick-meta":"","header-main-stick-meta":"","header-below-stick-meta":"","astra-migrate-meta-layouts":"default","ast-page-background-enabled":"default","ast-page-background-meta":{"desktop":{"background-color":"","background-image":"","background-repeat":"repeat","background-position":"center center","background-size":"auto","background-attachment":"scroll","background-type":"","background-media":"","overlay-type":"","overlay-color":"","overlay-opacity":"","overlay-gradient":""},"tablet":{"background-color":"","background-image":"","background-repeat":"repeat","background-position":"center center","background-size":"auto","background-attachment":"scroll","background-type":"","background-media":"","overlay-type":"","overlay-color":"","overlay-opacity":"","overlay-gradient":""},"mobile":{"background-color":"","background-image":"","background-repeat":"repeat","background-position":"center center","background-size":"auto","background-attachment":"scroll","background-type":"","background-media":"","overlay-type":"","overlay-color":"","overlay-opacity":"","overlay-gradient":""}},"ast-content-background-meta":{"desktop":{"background-color":"var(--ast-global-color-5)","background-image":"","background-repeat":"repeat","background-position":"center center","background-size":"auto","background-attachment":"scroll","background-type":"","background-media":"","overlay-type":"","overlay-color":"","overlay-opacity":"","overlay-gradient":""},"tablet":{"background-color":"var(--ast-global-color-5)","background-image":"","background-repeat":"repeat","background-position":"center center","background-size":"auto","background-attachment":"scroll","background-type":"","background-media":"","overlay-type":"","overlay-color":"","overlay-opacity":"","overlay-gradient":""},"mobile":{"background-color":"var(--ast-global-color-5)","background-image":"","background-repeat":"repeat","background-position":"center center","background-size":"auto","background-attachment":"scroll","background-type":"","background-media":"","overlay-type":"","overlay-color":"","overlay-opacity":"","overlay-gradient":""}}},"product_brand":[],"product_cat":[1833],"product_tag":[1601,1941,1839],"class_list":{"0":"post-17228","1":"product","2":"type-product","3":"status-publish","4":"has-post-thumbnail","6":"product_cat-biljke-za-korita-i-gredice","7":"product_tag-jesen-hr","8":"product_tag-jesenske-sadnje","9":"product_tag-trajnice-hr","10":"desktop-align-left","11":"tablet-align-left","12":"mobile-align-left","13":"ast-product-gallery-layout-horizontal","14":"ast-product-gallery-with-no-image","15":"ast-product-tabs-layout-horizontal","16":"ast-qv-on-image","18":"first","19":"outofstock","20":"taxable","21":"shipping-taxable","22":"purchasable","23":"product-type-simple"},"aioseo_notices":[],"_links":{"self":[{"href":"https:\/\/flanca.si\/hr\/wp-json\/wp\/v2\/product\/17228","targetHints":{"allow":["GET"]}}],"collection":[{"href":"https:\/\/flanca.si\/hr\/wp-json\/wp\/v2\/product"}],"about":[{"href":"https:\/\/flanca.si\/hr\/wp-json\/wp\/v2\/types\/product"}],"wp:featuredmedia":[{"embeddable":true,"href":"https:\/\/flanca.si\/hr\/wp-json\/wp\/v2\/media\/17230"}],"wp:attachment":[{"href":"https:\/\/flanca.si\/hr\/wp-json\/wp\/v2\/media?parent=17228"}],"wp:term":[{"taxonomy":"product_brand","embeddable":true,"href":"https:\/\/flanca.si\/hr\/wp-json\/wp\/v2\/product_brand?post=17228"},{"taxonomy":"product_cat","embeddable":true,"href":"https:\/\/flanca.si\/hr\/wp-json\/wp\/v2\/product_cat?post=17228"},{"taxonomy":"product_tag","embeddable":true,"href":"https:\/\/flanca.si\/hr\/wp-json\/wp\/v2\/product_tag?post=17228"}],"curies":[{"name":"wp","href":"https:\/\/api.w.org\/{rel}","templated":true}]}}