{"id":17225,"date":"2024-09-17T07:44:34","date_gmt":"2024-09-17T05:44:34","guid":{"rendered":"https:\/\/flanca.si\/izdelek\/pak-choi\/"},"modified":"2024-09-17T07:44:34","modified_gmt":"2024-09-17T05:44:34","slug":"pak-choi","status":"publish","type":"product","link":"https:\/\/flanca.si\/hr\/proizvod\/pak-choi\/","title":{"rendered":"Pak Choi"},"content":{"rendered":"<p>Pak choi (Brassica rapa var. chinensis), tako\u0111er poznat kao pekin\u0161ki kupus, brzorastu\u0107e je povr\u0107e koje se uglavnom koristi u azijskoj kuhinji. Biljka tvori guste rozete glatkih, mesnatih, tamnozelenih listova, koji se postavljaju na debele, bijele peteljke. Listovi su blago gorki, a peteljke hrskave i so\u010dne, \u0161to pak choi \u010dini izvrsnim za salate, jela od pr\u017eenja ili kuhanje na pari. Pak choi je lako uzgajati, jer uspijeva u vla\u017enom, dobro dreniranom tlu i na sun\u010danim ili polusjenovitim mjestima. Va\u017eno je odr\u017eavati tlo ravnomjerno vla\u017enim, jer su\u0161a mo\u017ee uzrokovati prebrzo cvjetanje biljke. Biljka dobro podnosi ni\u017ee temperature, pa se mo\u017ee sijati u prolje\u0107e ili jesen kada su temperature ni\u017ee. Pak choi je svestrano povr\u0107e koje se mo\u017ee koristiti sirovo u salatama, blan\u0161irano ili pe\u010deno u jelima. Zbog brzog rasta i bogatog prinosa popularan je izbor u povrtnjacima, posebno kod onih koji \u017eele brzu berbu svje\u017eeg povr\u0107a.  <\/p>\n","protected":false},"excerpt":{"rendered":"<ul>\n<li>Sadimo krajem ljeta i jeseni<\/li>\n<li>berba mjesec i pol dana nakon presa\u0111ivanja<\/li>\n<li>korisno u azijskoj kuhinji<\/li>\n<\/ul>\n<h4><strong>Pakirano za 9 sadnica!<\/strong><\/h4>\n","protected":false},"featured_media":17227,"template":"","meta":{"site-sidebar-layout":"default","site-content-layout":"default","ast-site-content-layout":"default","site-content-style":"default","site-sidebar-style":"default","ast-global-header-display":"","ast-banner-title-visibility":"","ast-main-header-display":"","ast-hfb-above-header-display":"","ast-hfb-below-header-display":"","ast-hfb-mobile-header-display":"","site-post-title":"","ast-breadcrumbs-content":"","ast-featured-img":"","footer-sml-layout":"","ast-disable-related-posts":"","theme-transparent-header-meta":"default","adv-header-id-meta":"","stick-header-meta":"default","header-above-stick-meta":"","header-main-stick-meta":"","header-below-stick-meta":"","astra-migrate-meta-layouts":"default","ast-page-background-enabled":"default","ast-page-background-meta":{"desktop":{"background-color":"","background-image":"","background-repeat":"repeat","background-position":"center center","background-size":"auto","background-attachment":"scroll","background-type":"","background-media":"","overlay-type":"","overlay-color":"","overlay-opacity":"","overlay-gradient":""},"tablet":{"background-color":"","background-image":"","background-repeat":"repeat","background-position":"center center","background-size":"auto","background-attachment":"scroll","background-type":"","background-media":"","overlay-type":"","overlay-color":"","overlay-opacity":"","overlay-gradient":""},"mobile":{"background-color":"","background-image":"","background-repeat":"repeat","background-position":"center center","background-size":"auto","background-attachment":"scroll","background-type":"","background-media":"","overlay-type":"","overlay-color":"","overlay-opacity":"","overlay-gradient":""}},"ast-content-background-meta":{"desktop":{"background-color":"var(--ast-global-color-5)","background-image":"","background-repeat":"repeat","background-position":"center center","background-size":"auto","background-attachment":"scroll","background-type":"","background-media":"","overlay-type":"","overlay-color":"","overlay-opacity":"","overlay-gradient":""},"tablet":{"background-color":"var(--ast-global-color-5)","background-image":"","background-repeat":"repeat","background-position":"center center","background-size":"auto","background-attachment":"scroll","background-type":"","background-media":"","overlay-type":"","overlay-color":"","overlay-opacity":"","overlay-gradient":""},"mobile":{"background-color":"var(--ast-global-color-5)","background-image":"","background-repeat":"repeat","background-position":"center center","background-size":"auto","background-attachment":"scroll","background-type":"","background-media":"","overlay-type":"","overlay-color":"","overlay-opacity":"","overlay-gradient":""}}},"product_brand":[],"product_cat":[1691],"product_tag":[1694,1693,1696],"class_list":{"0":"post-17225","1":"product","2":"type-product","3":"status-publish","4":"has-post-thumbnail","6":"product_cat-kupusnjace","7":"product_tag-kupus","8":"product_tag-kupusnjace","9":"product_tag-zelena-salata-celer","10":"desktop-align-left","11":"tablet-align-left","12":"mobile-align-left","13":"ast-product-gallery-layout-horizontal","14":"ast-product-gallery-with-no-image","15":"ast-product-tabs-layout-horizontal","16":"ast-qv-on-image","18":"first","19":"outofstock","20":"taxable","21":"shipping-taxable","22":"purchasable","23":"product-type-simple"},"aioseo_notices":[],"_links":{"self":[{"href":"https:\/\/flanca.si\/hr\/wp-json\/wp\/v2\/product\/17225","targetHints":{"allow":["GET"]}}],"collection":[{"href":"https:\/\/flanca.si\/hr\/wp-json\/wp\/v2\/product"}],"about":[{"href":"https:\/\/flanca.si\/hr\/wp-json\/wp\/v2\/types\/product"}],"wp:featuredmedia":[{"embeddable":true,"href":"https:\/\/flanca.si\/hr\/wp-json\/wp\/v2\/media\/17227"}],"wp:attachment":[{"href":"https:\/\/flanca.si\/hr\/wp-json\/wp\/v2\/media?parent=17225"}],"wp:term":[{"taxonomy":"product_brand","embeddable":true,"href":"https:\/\/flanca.si\/hr\/wp-json\/wp\/v2\/product_brand?post=17225"},{"taxonomy":"product_cat","embeddable":true,"href":"https:\/\/flanca.si\/hr\/wp-json\/wp\/v2\/product_cat?post=17225"},{"taxonomy":"product_tag","embeddable":true,"href":"https:\/\/flanca.si\/hr\/wp-json\/wp\/v2\/product_tag?post=17225"}],"curies":[{"name":"wp","href":"https:\/\/api.w.org\/{rel}","templated":true}]}}