{"id":17139,"date":"2019-12-24T10:45:44","date_gmt":"2019-12-24T09:45:44","guid":{"rendered":"https:\/\/flanca.si\/izdelek\/engleska-paprena-metvica\/"},"modified":"2019-12-24T10:45:44","modified_gmt":"2019-12-24T09:45:44","slug":"engleska-paprena-metvica","status":"publish","type":"product","link":"https:\/\/flanca.si\/hr\/proizvod\/engleska-paprena-metvica\/","title":{"rendered":"Engleska paprena metvica"},"content":{"rendered":"<p>Engleska paprena metvica (Mentha \u00d7 piperita) je biljka koja je popularna zbog svog jakog i osvje\u017eavaju\u0107eg mirisa i okusa. Ima tamnozeleno li\u0161\u0107e i sivkasto-ljubi\u010daste cvjetove koji privla\u010de p\u010dele i druge opra\u0161iva\u010de. Engleska paprena metvica lako se uzgaja i obi\u010dno zahtijeva sun\u010dano ili polusjenovito mjesto te vla\u017eno i dobro drenirano tlo. Njega uklju\u010duje redovito zalijevanje i periodi\u010dnu gnojidbu. Mo\u017ee se koristiti kao ukrasna biljka u vrtu, ali je najpoznatija po upotrebi u kuhanju i medicini. Listovi engleske paprene metvice na\u0161iroko se koriste za pripremu osvje\u017eavaju\u0107ih pi\u0107a, \u010dajeva, slastica i umaka. Osim toga, engleska paprena metvica ima i zdravstvene prednosti, jer mo\u017ee ubla\u017eiti probavne probleme i ubla\u017eiti glavobolju.      <\/p>\n","protected":false},"excerpt":{"rendered":"<ul>\n<li><em>Mentha piperita<\/em><\/li>\n<li>intenzivna aroma<\/li>\n<li>Listovi sadr\u017ee veliku koli\u010dinu esencijalnih ulja<\/li>\n<li>pogodno za pripremu \u010dajeva<\/li>\n<li>nepretenciozan za rast<\/li>\n<\/ul>\n<h4><strong>Pakirana 1 sadnica odjednom!<\/strong><\/h4>\n","protected":false},"featured_media":17141,"template":"","meta":{"site-sidebar-layout":"default","site-content-layout":"default","ast-site-content-layout":"default","site-content-style":"default","site-sidebar-style":"default","ast-global-header-display":"","ast-banner-title-visibility":"","ast-main-header-display":"","ast-hfb-above-header-display":"","ast-hfb-below-header-display":"","ast-hfb-mobile-header-display":"","site-post-title":"","ast-breadcrumbs-content":"","ast-featured-img":"","footer-sml-layout":"","ast-disable-related-posts":"","theme-transparent-header-meta":"default","adv-header-id-meta":"","stick-header-meta":"default","header-above-stick-meta":"","header-main-stick-meta":"","header-below-stick-meta":"","astra-migrate-meta-layouts":"default","ast-page-background-enabled":"default","ast-page-background-meta":{"desktop":{"background-color":"","background-image":"","background-repeat":"repeat","background-position":"center center","background-size":"auto","background-attachment":"scroll","background-type":"","background-media":"","overlay-type":"","overlay-color":"","overlay-opacity":"","overlay-gradient":""},"tablet":{"background-color":"","background-image":"","background-repeat":"repeat","background-position":"center center","background-size":"auto","background-attachment":"scroll","background-type":"","background-media":"","overlay-type":"","overlay-color":"","overlay-opacity":"","overlay-gradient":""},"mobile":{"background-color":"","background-image":"","background-repeat":"repeat","background-position":"center center","background-size":"auto","background-attachment":"scroll","background-type":"","background-media":"","overlay-type":"","overlay-color":"","overlay-opacity":"","overlay-gradient":""}},"ast-content-background-meta":{"desktop":{"background-color":"var(--ast-global-color-5)","background-image":"","background-repeat":"repeat","background-position":"center center","background-size":"auto","background-attachment":"scroll","background-type":"","background-media":"","overlay-type":"","overlay-color":"","overlay-opacity":"","overlay-gradient":""},"tablet":{"background-color":"var(--ast-global-color-5)","background-image":"","background-repeat":"repeat","background-position":"center center","background-size":"auto","background-attachment":"scroll","background-type":"","background-media":"","overlay-type":"","overlay-color":"","overlay-opacity":"","overlay-gradient":""},"mobile":{"background-color":"var(--ast-global-color-5)","background-image":"","background-repeat":"repeat","background-position":"center center","background-size":"auto","background-attachment":"scroll","background-type":"","background-media":"","overlay-type":"","overlay-color":"","overlay-opacity":"","overlay-gradient":""}}},"product_brand":[],"product_cat":[1752],"product_tag":[1755,1756,1630,1763],"class_list":{"0":"post-17139","1":"product","2":"type-product","3":"status-publish","4":"has-post-thumbnail","6":"product_cat-ostalo-bilje","7":"product_tag-biljke","8":"product_tag-caj-hr","9":"product_tag-kuhinja-hr","10":"product_tag-ljekovita-biljka","11":"desktop-align-left","12":"tablet-align-left","13":"mobile-align-left","14":"ast-product-gallery-layout-horizontal","15":"ast-product-gallery-with-no-image","16":"ast-product-tabs-layout-horizontal","17":"ast-qv-on-image","19":"first","20":"outofstock","21":"taxable","22":"shipping-taxable","23":"purchasable","24":"product-type-simple"},"aioseo_notices":[],"_links":{"self":[{"href":"https:\/\/flanca.si\/hr\/wp-json\/wp\/v2\/product\/17139","targetHints":{"allow":["GET"]}}],"collection":[{"href":"https:\/\/flanca.si\/hr\/wp-json\/wp\/v2\/product"}],"about":[{"href":"https:\/\/flanca.si\/hr\/wp-json\/wp\/v2\/types\/product"}],"wp:featuredmedia":[{"embeddable":true,"href":"https:\/\/flanca.si\/hr\/wp-json\/wp\/v2\/media\/17141"}],"wp:attachment":[{"href":"https:\/\/flanca.si\/hr\/wp-json\/wp\/v2\/media?parent=17139"}],"wp:term":[{"taxonomy":"product_brand","embeddable":true,"href":"https:\/\/flanca.si\/hr\/wp-json\/wp\/v2\/product_brand?post=17139"},{"taxonomy":"product_cat","embeddable":true,"href":"https:\/\/flanca.si\/hr\/wp-json\/wp\/v2\/product_cat?post=17139"},{"taxonomy":"product_tag","embeddable":true,"href":"https:\/\/flanca.si\/hr\/wp-json\/wp\/v2\/product_tag?post=17139"}],"curies":[{"name":"wp","href":"https:\/\/api.w.org\/{rel}","templated":true}]}}