{"id":17113,"date":"2020-01-02T09:10:41","date_gmt":"2020-01-02T08:10:41","guid":{"rendered":"https:\/\/flanca.si\/izdelek\/izopa\/"},"modified":"2020-01-02T09:10:41","modified_gmt":"2020-01-02T08:10:41","slug":"izopa","status":"publish","type":"product","link":"https:\/\/flanca.si\/hr\/proizvod\/izopa\/","title":{"rendered":"Izopa"},"content":{"rendered":"<p>Obi\u010dna kukuta je zimzelena grmova vi\u0161egodi\u0161nja biljka. Tvori drvenastu stabljiku iz koje stabljike rastu uspravno. Kopljasti listovi sadr\u017ee esencijalna ulja. Ljubi\u010dasti, plavi ili tamno ru\u017ei\u010dasti cvjetovi imaju vrlo jak miris meda i privla\u010de p\u010dele i leptire. Biljka vrlo dobro podnosi hladno\u0107u i podnosi vrlo niske zimske temperature. Kukutu sadimo za niske \u017eivice, na biljne gredice, za obrube, a tako\u0111er i u mje\u0161ovite kulture u povrtnjaku. Osu\u0161ena \u010di\u010dak mo\u017ee se koristiti za suho cvije\u0107e. Svje\u017ee stabljike s cvije\u0107em mogu se koristiti za bukete rezanog cvije\u0107a. Mladi izbojci i li\u0161\u0107e mogu se brati tijekom vegetacije. Koriste se kao za\u010din za salate, umake, mesna i riblja jela. Mo\u017ee se koristiti u proizvodnji biljnih likera i ulja s biljem. Eteri\u010dno ulje djeluje antisepti\u010dki i ja\u010da \u017eeludac. Koristi se u aromaterapiji. \u010caj od kakija koristi se u lije\u010denju bolova u \u017eelucu i respiratornih bolesti. Konzumiranje eteri\u010dnog ulja mo\u017ee uzrokovati gr\u010deve. Ma\u010dke ne vole njezin miris.    <\/p>\n","protected":false},"excerpt":{"rendered":"<ul>\n<li><em>Hyssopus officinalis<\/em><\/li>\n<li>Zimzelena vi\u0161egodi\u0161nja biljka<\/li>\n<li>Listovi sadr\u017ee eteri\u010dno ulje<\/li>\n<li>Cvije\u0107e ima jak miris meda<\/li>\n<li>Cvije\u0107e koristimo za bukete<\/li>\n<li>Ma\u010dke ne vole njegov miris<\/li>\n<\/ul>\n<h4><strong>Pakirana 1 sadnica odjednom!<\/strong><\/h4>\n","protected":false},"featured_media":17115,"template":"","meta":{"site-sidebar-layout":"default","site-content-layout":"default","ast-site-content-layout":"default","site-content-style":"default","site-sidebar-style":"default","ast-global-header-display":"","ast-banner-title-visibility":"","ast-main-header-display":"","ast-hfb-above-header-display":"","ast-hfb-below-header-display":"","ast-hfb-mobile-header-display":"","site-post-title":"","ast-breadcrumbs-content":"","ast-featured-img":"","footer-sml-layout":"","ast-disable-related-posts":"","theme-transparent-header-meta":"default","adv-header-id-meta":"","stick-header-meta":"default","header-above-stick-meta":"","header-main-stick-meta":"","header-below-stick-meta":"","astra-migrate-meta-layouts":"default","ast-page-background-enabled":"default","ast-page-background-meta":{"desktop":{"background-color":"","background-image":"","background-repeat":"repeat","background-position":"center center","background-size":"auto","background-attachment":"scroll","background-type":"","background-media":"","overlay-type":"","overlay-color":"","overlay-opacity":"","overlay-gradient":""},"tablet":{"background-color":"","background-image":"","background-repeat":"repeat","background-position":"center center","background-size":"auto","background-attachment":"scroll","background-type":"","background-media":"","overlay-type":"","overlay-color":"","overlay-opacity":"","overlay-gradient":""},"mobile":{"background-color":"","background-image":"","background-repeat":"repeat","background-position":"center center","background-size":"auto","background-attachment":"scroll","background-type":"","background-media":"","overlay-type":"","overlay-color":"","overlay-opacity":"","overlay-gradient":""}},"ast-content-background-meta":{"desktop":{"background-color":"var(--ast-global-color-5)","background-image":"","background-repeat":"repeat","background-position":"center center","background-size":"auto","background-attachment":"scroll","background-type":"","background-media":"","overlay-type":"","overlay-color":"","overlay-opacity":"","overlay-gradient":""},"tablet":{"background-color":"var(--ast-global-color-5)","background-image":"","background-repeat":"repeat","background-position":"center center","background-size":"auto","background-attachment":"scroll","background-type":"","background-media":"","overlay-type":"","overlay-color":"","overlay-opacity":"","overlay-gradient":""},"mobile":{"background-color":"var(--ast-global-color-5)","background-image":"","background-repeat":"repeat","background-position":"center center","background-size":"auto","background-attachment":"scroll","background-type":"","background-media":"","overlay-type":"","overlay-color":"","overlay-opacity":"","overlay-gradient":""}}},"product_brand":[],"product_cat":[1752],"product_tag":[1755,2140,1763,1886],"class_list":{"0":"post-17113","1":"product","2":"type-product","3":"status-publish","4":"has-post-thumbnail","6":"product_cat-ostalo-bilje","7":"product_tag-biljke","8":"product_tag-izopa","9":"product_tag-ljekovita-biljka","10":"product_tag-zacin","11":"desktop-align-left","12":"tablet-align-left","13":"mobile-align-left","14":"ast-product-gallery-layout-horizontal","15":"ast-product-tabs-layout-horizontal","16":"ast-qv-on-image","18":"first","19":"instock","20":"taxable","21":"shipping-taxable","22":"purchasable","23":"product-type-simple"},"aioseo_notices":[],"_links":{"self":[{"href":"https:\/\/flanca.si\/hr\/wp-json\/wp\/v2\/product\/17113","targetHints":{"allow":["GET"]}}],"collection":[{"href":"https:\/\/flanca.si\/hr\/wp-json\/wp\/v2\/product"}],"about":[{"href":"https:\/\/flanca.si\/hr\/wp-json\/wp\/v2\/types\/product"}],"wp:featuredmedia":[{"embeddable":true,"href":"https:\/\/flanca.si\/hr\/wp-json\/wp\/v2\/media\/17115"}],"wp:attachment":[{"href":"https:\/\/flanca.si\/hr\/wp-json\/wp\/v2\/media?parent=17113"}],"wp:term":[{"taxonomy":"product_brand","embeddable":true,"href":"https:\/\/flanca.si\/hr\/wp-json\/wp\/v2\/product_brand?post=17113"},{"taxonomy":"product_cat","embeddable":true,"href":"https:\/\/flanca.si\/hr\/wp-json\/wp\/v2\/product_cat?post=17113"},{"taxonomy":"product_tag","embeddable":true,"href":"https:\/\/flanca.si\/hr\/wp-json\/wp\/v2\/product_tag?post=17113"}],"curies":[{"name":"wp","href":"https:\/\/api.w.org\/{rel}","templated":true}]}}