{"id":17104,"date":"2020-01-03T07:14:06","date_gmt":"2020-01-03T06:14:06","guid":{"rendered":"https:\/\/flanca.si\/izdelek\/vinska-cesta\/"},"modified":"2020-01-03T07:14:06","modified_gmt":"2020-01-03T06:14:06","slug":"vinska-cesta","status":"publish","type":"product","link":"https:\/\/flanca.si\/hr\/proizvod\/vinska-cesta\/","title":{"rendered":"Vinska cesta"},"content":{"rendered":"<p>Vineberry je zimzelena trajnica koja mo\u017ee rasti i u obliku grma. Listovi su perasto podijeljeni, plavkastozelene boje. Ako gledamo li\u0161\u0107e prema svjetlu, primje\u0107ujemo kapljice esencijalnog ulja unutar li\u0161\u0107a. Cvjetovi su sitni i \u017eute boje. Cijela biljka ima karakteristi\u010dan miris. Re\u017eemo ga u prolje\u0107e ili nakon cvatnje. Ljeti i u jesen beremo li\u0161\u0107e. U manjim koli\u010dinama koriste se kao za\u010din za salate, jela od janjetine, jela od peradi i za pa\u0161tete. Vinski \u0161al koristi se za ubla\u017eavanje glavobolje i menstrualnih gr\u010deva. Kolote\u010dina vinove loze odbija neke insekte s drugih biljaka, pa se sadi u blizini ru\u017ea i malina. Osu\u0161eni dijelovi biljaka koriste se za odbijanje moljaca. Eteri\u010dno ulje koristi se u kozmeti\u010dkoj industriji. Ma\u010dke ne vole miris vinske rute, pa se mo\u017ee koristiti za odbijanje ma\u010daka. Trudnice ga ne bi trebale konzumirati.    <\/p>\n","protected":false},"excerpt":{"rendered":"<ul>\n<li><em>Ruta graveolens<\/em><\/li>\n<li>zimzelena trajnica<\/li>\n<li>perasto podijeljeni plavkasto zeleni listovi<\/li>\n<li>Osu\u0161eno li\u0161\u0107e koristi se za odbijanje made\u017ea<\/li>\n<li>Ma\u010dke ne vole njezin miris<\/li>\n<li>karakteristi\u010dan miris<\/li>\n<\/ul>\n<p>Pakirana 1 sadnica odjednom!<\/p>\n","protected":false},"featured_media":17107,"template":"","meta":{"site-sidebar-layout":"default","site-content-layout":"default","ast-site-content-layout":"default","site-content-style":"default","site-sidebar-style":"default","ast-global-header-display":"","ast-banner-title-visibility":"","ast-main-header-display":"","ast-hfb-above-header-display":"","ast-hfb-below-header-display":"","ast-hfb-mobile-header-display":"","site-post-title":"","ast-breadcrumbs-content":"","ast-featured-img":"","footer-sml-layout":"","ast-disable-related-posts":"","theme-transparent-header-meta":"default","adv-header-id-meta":"","stick-header-meta":"default","header-above-stick-meta":"","header-main-stick-meta":"","header-below-stick-meta":"","astra-migrate-meta-layouts":"default","ast-page-background-enabled":"default","ast-page-background-meta":{"desktop":{"background-color":"","background-image":"","background-repeat":"repeat","background-position":"center center","background-size":"auto","background-attachment":"scroll","background-type":"","background-media":"","overlay-type":"","overlay-color":"","overlay-opacity":"","overlay-gradient":""},"tablet":{"background-color":"","background-image":"","background-repeat":"repeat","background-position":"center center","background-size":"auto","background-attachment":"scroll","background-type":"","background-media":"","overlay-type":"","overlay-color":"","overlay-opacity":"","overlay-gradient":""},"mobile":{"background-color":"","background-image":"","background-repeat":"repeat","background-position":"center center","background-size":"auto","background-attachment":"scroll","background-type":"","background-media":"","overlay-type":"","overlay-color":"","overlay-opacity":"","overlay-gradient":""}},"ast-content-background-meta":{"desktop":{"background-color":"var(--ast-global-color-5)","background-image":"","background-repeat":"repeat","background-position":"center center","background-size":"auto","background-attachment":"scroll","background-type":"","background-media":"","overlay-type":"","overlay-color":"","overlay-opacity":"","overlay-gradient":""},"tablet":{"background-color":"var(--ast-global-color-5)","background-image":"","background-repeat":"repeat","background-position":"center center","background-size":"auto","background-attachment":"scroll","background-type":"","background-media":"","overlay-type":"","overlay-color":"","overlay-opacity":"","overlay-gradient":""},"mobile":{"background-color":"var(--ast-global-color-5)","background-image":"","background-repeat":"repeat","background-position":"center center","background-size":"auto","background-attachment":"scroll","background-type":"","background-media":"","overlay-type":"","overlay-color":"","overlay-opacity":"","overlay-gradient":""}}},"product_brand":[],"product_cat":[1752],"product_tag":[1763,1758,2137],"class_list":{"0":"post-17104","1":"product","2":"type-product","3":"status-publish","4":"has-post-thumbnail","6":"product_cat-ostalo-bilje","7":"product_tag-ljekovita-biljka","8":"product_tag-trava-hr","9":"product_tag-vinska-cesta","10":"desktop-align-left","11":"tablet-align-left","12":"mobile-align-left","13":"ast-product-gallery-layout-horizontal","14":"ast-product-gallery-with-no-image","15":"ast-product-tabs-layout-horizontal","16":"ast-qv-on-image","18":"first","19":"instock","20":"taxable","21":"shipping-taxable","22":"purchasable","23":"product-type-simple"},"aioseo_notices":[],"_links":{"self":[{"href":"https:\/\/flanca.si\/hr\/wp-json\/wp\/v2\/product\/17104","targetHints":{"allow":["GET"]}}],"collection":[{"href":"https:\/\/flanca.si\/hr\/wp-json\/wp\/v2\/product"}],"about":[{"href":"https:\/\/flanca.si\/hr\/wp-json\/wp\/v2\/types\/product"}],"wp:featuredmedia":[{"embeddable":true,"href":"https:\/\/flanca.si\/hr\/wp-json\/wp\/v2\/media\/17107"}],"wp:attachment":[{"href":"https:\/\/flanca.si\/hr\/wp-json\/wp\/v2\/media?parent=17104"}],"wp:term":[{"taxonomy":"product_brand","embeddable":true,"href":"https:\/\/flanca.si\/hr\/wp-json\/wp\/v2\/product_brand?post=17104"},{"taxonomy":"product_cat","embeddable":true,"href":"https:\/\/flanca.si\/hr\/wp-json\/wp\/v2\/product_cat?post=17104"},{"taxonomy":"product_tag","embeddable":true,"href":"https:\/\/flanca.si\/hr\/wp-json\/wp\/v2\/product_tag?post=17104"}],"curies":[{"name":"wp","href":"https:\/\/api.w.org\/{rel}","templated":true}]}}