{"id":17072,"date":"2020-01-03T09:13:53","date_gmt":"2020-01-03T08:13:53","guid":{"rendered":"https:\/\/flanca.si\/izdelek\/americka-jagoda\/"},"modified":"2020-01-03T09:13:53","modified_gmt":"2020-01-03T08:13:53","slug":"americka-jagoda","status":"publish","type":"product","link":"https:\/\/flanca.si\/hr\/proizvod\/americka-jagoda\/","title":{"rendered":"Ameri\u010dka jagoda"},"content":{"rendered":"<p>Ameri\u010dka jagoda je trajnica visoka 70 do 90 cm (iznimno do 120 cm). Listovi su mali, izdu\u017eeni i pubertetni. Ru\u017ei\u010dasti cvjetovi su zapravo cvatovi. Sredi\u0161te cvata je crveno-sme\u0111e, a latice koje okru\u017euju cvat su ru\u017ei\u010daste. Svojim cvjetovima privla\u010di mnoge p\u010dele, bumbare i druge insekte. Biljke je potrebno redovito zalijevati i, ako je potrebno, gnojiti. U prolje\u0107e se ameri\u010dka jagoda re\u017ee na zemlju. Ameri\u010dka jagoda prekrasna je vi\u0161egodi\u0161nja biljka zbog svojih cvjetova, koja se sadi na gredice u ve\u0107im ili manjim skupinama, na neovisnim gredicama, za granice i u kontejnere. Mo\u017ee se saditi i u biljnom vrtu. Ameri\u010dka jagoda je ljekovita biljka. Od korijena, li\u0161\u0107a i cvjetova mogu se napraviti pripravci koji ja\u010daju imunolo\u0161ki sustav, djeluju antibakterijski, lije\u010de bolesti di\u0161nog sustava, bol, otekline, opekline,&#8230; Ameri\u010dka slamnata buba jako voli pu\u017eeve, pa se mora za\u0161tititi od njih.     <\/p>\n","protected":false},"excerpt":{"rendered":"<ul>\n<li><em>Echinacea purpurea<\/em><\/li>\n<li>visoka trajnica<\/li>\n<li>Ljekovita biljka<\/li>\n<li>ukrasna biljka<\/li>\n<li>ru\u017ei\u010dasti cvatovi<\/li>\n<\/ul>\n<h4><strong>Pakirana 1 sadnica odjednom!<\/strong><\/h4>\n","protected":false},"featured_media":17075,"template":"","meta":{"site-sidebar-layout":"default","site-content-layout":"default","ast-site-content-layout":"default","site-content-style":"default","site-sidebar-style":"default","ast-global-header-display":"","ast-banner-title-visibility":"","ast-main-header-display":"","ast-hfb-above-header-display":"","ast-hfb-below-header-display":"","ast-hfb-mobile-header-display":"","site-post-title":"","ast-breadcrumbs-content":"","ast-featured-img":"","footer-sml-layout":"","ast-disable-related-posts":"","theme-transparent-header-meta":"default","adv-header-id-meta":"","stick-header-meta":"default","header-above-stick-meta":"","header-main-stick-meta":"","header-below-stick-meta":"","astra-migrate-meta-layouts":"default","ast-page-background-enabled":"default","ast-page-background-meta":{"desktop":{"background-color":"","background-image":"","background-repeat":"repeat","background-position":"center center","background-size":"auto","background-attachment":"scroll","background-type":"","background-media":"","overlay-type":"","overlay-color":"","overlay-opacity":"","overlay-gradient":""},"tablet":{"background-color":"","background-image":"","background-repeat":"repeat","background-position":"center center","background-size":"auto","background-attachment":"scroll","background-type":"","background-media":"","overlay-type":"","overlay-color":"","overlay-opacity":"","overlay-gradient":""},"mobile":{"background-color":"","background-image":"","background-repeat":"repeat","background-position":"center center","background-size":"auto","background-attachment":"scroll","background-type":"","background-media":"","overlay-type":"","overlay-color":"","overlay-opacity":"","overlay-gradient":""}},"ast-content-background-meta":{"desktop":{"background-color":"var(--ast-global-color-5)","background-image":"","background-repeat":"repeat","background-position":"center center","background-size":"auto","background-attachment":"scroll","background-type":"","background-media":"","overlay-type":"","overlay-color":"","overlay-opacity":"","overlay-gradient":""},"tablet":{"background-color":"var(--ast-global-color-5)","background-image":"","background-repeat":"repeat","background-position":"center center","background-size":"auto","background-attachment":"scroll","background-type":"","background-media":"","overlay-type":"","overlay-color":"","overlay-opacity":"","overlay-gradient":""},"mobile":{"background-color":"var(--ast-global-color-5)","background-image":"","background-repeat":"repeat","background-position":"center center","background-size":"auto","background-attachment":"scroll","background-type":"","background-media":"","overlay-type":"","overlay-color":"","overlay-opacity":"","overlay-gradient":""}}},"product_brand":[],"product_cat":[1752],"product_tag":[1855,1755,1763,1840],"class_list":{"0":"post-17072","1":"product","2":"type-product","3":"status-publish","4":"has-post-thumbnail","6":"product_cat-ostalo-bilje","7":"product_tag-americka-jagoda","8":"product_tag-biljke","9":"product_tag-ljekovita-biljka","10":"product_tag-ukrasna-biljka","11":"desktop-align-left","12":"tablet-align-left","13":"mobile-align-left","14":"ast-product-gallery-layout-horizontal","15":"ast-product-tabs-layout-horizontal","16":"ast-qv-on-image","18":"first","19":"instock","20":"taxable","21":"shipping-taxable","22":"purchasable","23":"product-type-simple"},"aioseo_notices":[],"_links":{"self":[{"href":"https:\/\/flanca.si\/hr\/wp-json\/wp\/v2\/product\/17072","targetHints":{"allow":["GET"]}}],"collection":[{"href":"https:\/\/flanca.si\/hr\/wp-json\/wp\/v2\/product"}],"about":[{"href":"https:\/\/flanca.si\/hr\/wp-json\/wp\/v2\/types\/product"}],"wp:featuredmedia":[{"embeddable":true,"href":"https:\/\/flanca.si\/hr\/wp-json\/wp\/v2\/media\/17075"}],"wp:attachment":[{"href":"https:\/\/flanca.si\/hr\/wp-json\/wp\/v2\/media?parent=17072"}],"wp:term":[{"taxonomy":"product_brand","embeddable":true,"href":"https:\/\/flanca.si\/hr\/wp-json\/wp\/v2\/product_brand?post=17072"},{"taxonomy":"product_cat","embeddable":true,"href":"https:\/\/flanca.si\/hr\/wp-json\/wp\/v2\/product_cat?post=17072"},{"taxonomy":"product_tag","embeddable":true,"href":"https:\/\/flanca.si\/hr\/wp-json\/wp\/v2\/product_tag?post=17072"}],"curies":[{"name":"wp","href":"https:\/\/api.w.org\/{rel}","templated":true}]}}