{"id":17071,"date":"2020-01-05T18:36:25","date_gmt":"2020-01-05T17:36:25","guid":{"rendered":"https:\/\/flanca.si\/izdelek\/sumska-slezena\/"},"modified":"2020-01-05T18:36:25","modified_gmt":"2020-01-05T17:36:25","slug":"sumska-slezena","status":"publish","type":"product","link":"https:\/\/flanca.si\/hr\/proizvod\/sumska-slezena\/","title":{"rendered":"\u0160umska slezena"},"content":{"rendered":"<p>\u0160umski sljez je vi\u0161egodi\u0161nja biljka visoka do 1 m. Ru\u017ei\u010dasti cvjetovi s uzdu\u017enim grimiznim prugama rastu u grozdovima s listi\u0107a i na vrhu izbojaka. Cvate od svibnja do rujna. Raste na rubovima \u0161uma, poljima, vrtovima i vinogradima. Sadi se u biljnim vrtovima, uz rubove cvjetnjaka, vrtova,&#8230; Glavni aktivni sastojak je sluz, eteri\u010dno ulje i specifi\u010dni glikozid, minerali, vitamini A, B i C. Koristimo korijen, li\u0161\u0107e i cvjetove. Za \u010dajnu smjesu potrebno je sljez namo\u010diti u hladnoj vodi i ocije\u0111eni \u010daj dodati toploj \u010dajnoj mje\u0161avini drugih ljekovitih biljaka. Takav \u010daj blagotvorno djeluje na di\u0161ni sustav, ubla\u017eava i smiruje ka\u0161alj, ubrzava lu\u010denje sluzi. <\/p>\n","protected":false},"excerpt":{"rendered":"<ul>\n<li><em>Malva sylvestris<\/em><\/li>\n<li>visoka trajnica<\/li>\n<li>Nalazi se u prirodi<\/li>\n<li>sadr\u017ei mnogo pozitivnih aktivnih sastojaka<\/li>\n<li>koristimo li\u0161\u0107e, cvije\u0107e i korijenje<\/li>\n<li>Namo\u010dite u hladnoj vodi<\/li>\n<\/ul>\n<h4><strong>Pakirana 1 sadnica odjednom!<\/strong><\/h4>\n","protected":false},"featured_media":17073,"template":"","meta":{"site-sidebar-layout":"default","site-content-layout":"default","ast-site-content-layout":"default","site-content-style":"default","site-sidebar-style":"default","ast-global-header-display":"","ast-banner-title-visibility":"","ast-main-header-display":"","ast-hfb-above-header-display":"","ast-hfb-below-header-display":"","ast-hfb-mobile-header-display":"","site-post-title":"","ast-breadcrumbs-content":"","ast-featured-img":"","footer-sml-layout":"","ast-disable-related-posts":"","theme-transparent-header-meta":"default","adv-header-id-meta":"","stick-header-meta":"default","header-above-stick-meta":"","header-main-stick-meta":"","header-below-stick-meta":"","astra-migrate-meta-layouts":"default","ast-page-background-enabled":"default","ast-page-background-meta":{"desktop":{"background-color":"","background-image":"","background-repeat":"repeat","background-position":"center center","background-size":"auto","background-attachment":"scroll","background-type":"","background-media":"","overlay-type":"","overlay-color":"","overlay-opacity":"","overlay-gradient":""},"tablet":{"background-color":"","background-image":"","background-repeat":"repeat","background-position":"center center","background-size":"auto","background-attachment":"scroll","background-type":"","background-media":"","overlay-type":"","overlay-color":"","overlay-opacity":"","overlay-gradient":""},"mobile":{"background-color":"","background-image":"","background-repeat":"repeat","background-position":"center center","background-size":"auto","background-attachment":"scroll","background-type":"","background-media":"","overlay-type":"","overlay-color":"","overlay-opacity":"","overlay-gradient":""}},"ast-content-background-meta":{"desktop":{"background-color":"var(--ast-global-color-5)","background-image":"","background-repeat":"repeat","background-position":"center center","background-size":"auto","background-attachment":"scroll","background-type":"","background-media":"","overlay-type":"","overlay-color":"","overlay-opacity":"","overlay-gradient":""},"tablet":{"background-color":"var(--ast-global-color-5)","background-image":"","background-repeat":"repeat","background-position":"center center","background-size":"auto","background-attachment":"scroll","background-type":"","background-media":"","overlay-type":"","overlay-color":"","overlay-opacity":"","overlay-gradient":""},"mobile":{"background-color":"var(--ast-global-color-5)","background-image":"","background-repeat":"repeat","background-position":"center center","background-size":"auto","background-attachment":"scroll","background-type":"","background-media":"","overlay-type":"","overlay-color":"","overlay-opacity":"","overlay-gradient":""}}},"product_brand":[],"product_cat":[1752],"product_tag":[1756,1763,2132,1758],"class_list":{"0":"post-17071","1":"product","2":"type-product","3":"status-publish","4":"has-post-thumbnail","6":"product_cat-ostalo-bilje","7":"product_tag-caj-hr","8":"product_tag-ljekovita-biljka","9":"product_tag-sumski-sljez","10":"product_tag-trava-hr","11":"desktop-align-left","12":"tablet-align-left","13":"mobile-align-left","14":"ast-product-gallery-layout-horizontal","15":"ast-product-tabs-layout-horizontal","16":"ast-qv-on-image","18":"first","19":"outofstock","20":"taxable","21":"shipping-taxable","22":"purchasable","23":"product-type-simple"},"aioseo_notices":[],"_links":{"self":[{"href":"https:\/\/flanca.si\/hr\/wp-json\/wp\/v2\/product\/17071","targetHints":{"allow":["GET"]}}],"collection":[{"href":"https:\/\/flanca.si\/hr\/wp-json\/wp\/v2\/product"}],"about":[{"href":"https:\/\/flanca.si\/hr\/wp-json\/wp\/v2\/types\/product"}],"wp:featuredmedia":[{"embeddable":true,"href":"https:\/\/flanca.si\/hr\/wp-json\/wp\/v2\/media\/17073"}],"wp:attachment":[{"href":"https:\/\/flanca.si\/hr\/wp-json\/wp\/v2\/media?parent=17071"}],"wp:term":[{"taxonomy":"product_brand","embeddable":true,"href":"https:\/\/flanca.si\/hr\/wp-json\/wp\/v2\/product_brand?post=17071"},{"taxonomy":"product_cat","embeddable":true,"href":"https:\/\/flanca.si\/hr\/wp-json\/wp\/v2\/product_cat?post=17071"},{"taxonomy":"product_tag","embeddable":true,"href":"https:\/\/flanca.si\/hr\/wp-json\/wp\/v2\/product_tag?post=17071"}],"curies":[{"name":"wp","href":"https:\/\/api.w.org\/{rel}","templated":true}]}}