{"id":17053,"date":"2020-01-06T06:28:10","date_gmt":"2020-01-06T05:28:10","guid":{"rendered":"https:\/\/flanca.si\/izdelek\/monarda\/"},"modified":"2020-01-06T06:28:10","modified_gmt":"2020-01-06T05:28:10","slug":"monarda","status":"publish","type":"product","link":"https:\/\/flanca.si\/hr\/proizvod\/monarda\/","title":{"rendered":"Monarda"},"content":{"rendered":"<p>Nazivaju ga i zlatnim mati\u010dnjakom, jer okus njegovih listova i cvjetova jako podsje\u0107a na okus mati\u010dnjaka. Monarda je grmolika trajnica. S druge strane, tako\u0111er je vrlo sli\u010dan okusu mente. Raste na obi\u010dnim vrtnim tlima na punom suncu i u polusjeni. Uzgaja se uglavnom u ukrasne svrhe. Cvjetovi su neobi\u010dni, grimizno crveni, sa zaobljenim okruglim cvijetom. Malo ljudi zna da je korisna i kao ljekovita biljka. Dobro uspijeva na vla\u017enim, plodnim i dobro dreniranim tlima na sun\u010danom ili polusjenovitom polo\u017eaju. Sadi se u povrtnjaku, na mje\u0161ovitim gredicama cvjetnih trajnica ili neovisnim gredicama, u kontejnerima, biljnom vrtu i kamenjaru. Ljeti se cvjetovi i li\u0161\u0107e beru, su\u0161e, \u010duvaju u zatvorenim staklenkama i koriste za ukusan i mirisan \u010daj. Potonji \u0107e se dokazati sa \u017eelu\u010danim problemima, naduto\u0161\u0107u, crvima, probavnim smetnjama i gr\u010devima u trbuhu. Tako\u0111er se preporu\u010duje konzumiranje u slu\u010daju menstrualnih bolova i neredovitih menstruacija, mu\u010dnine, nesanice, glavobolje, depresije, melankolije i tjeskobe. Ka\u017ee se da podi\u017ee raspolo\u017eenje i pru\u017ea eufori\u010dne osje\u0107aje. Grgljanje \u010dajem monard u\u010dinkovito je kod upale grla i upale desni. Monarda tako\u0111er izvrsno djeluje u kupki za umorne noge i lo\u0161u cirkulaciju krvi. Ako \u017eva\u010demo li\u0161\u0107e monarde, ostat \u0107emo bez rije\u010di.      <\/p>\n","protected":false},"excerpt":{"rendered":"<ul>\n<li><em>Monarda didyma<\/em><\/li>\n<li>Zlatna melisa<\/li>\n<li>Okus li\u0161\u0107a podsje\u0107a na okus mati\u010dnjaka<\/li>\n<li>Ljekovita biljka<\/li>\n<li>ukrasna biljka<\/li>\n<\/ul>\n<h4><strong>Pakirana 1 sadnica odjednom!<\/strong><\/h4>\n","protected":false},"featured_media":17055,"template":"","meta":{"site-sidebar-layout":"default","site-content-layout":"default","ast-site-content-layout":"default","site-content-style":"default","site-sidebar-style":"default","ast-global-header-display":"","ast-banner-title-visibility":"","ast-main-header-display":"","ast-hfb-above-header-display":"","ast-hfb-below-header-display":"","ast-hfb-mobile-header-display":"","site-post-title":"","ast-breadcrumbs-content":"","ast-featured-img":"","footer-sml-layout":"","ast-disable-related-posts":"","theme-transparent-header-meta":"default","adv-header-id-meta":"","stick-header-meta":"default","header-above-stick-meta":"","header-main-stick-meta":"","header-below-stick-meta":"","astra-migrate-meta-layouts":"default","ast-page-background-enabled":"default","ast-page-background-meta":{"desktop":{"background-color":"","background-image":"","background-repeat":"repeat","background-position":"center center","background-size":"auto","background-attachment":"scroll","background-type":"","background-media":"","overlay-type":"","overlay-color":"","overlay-opacity":"","overlay-gradient":""},"tablet":{"background-color":"","background-image":"","background-repeat":"repeat","background-position":"center center","background-size":"auto","background-attachment":"scroll","background-type":"","background-media":"","overlay-type":"","overlay-color":"","overlay-opacity":"","overlay-gradient":""},"mobile":{"background-color":"","background-image":"","background-repeat":"repeat","background-position":"center center","background-size":"auto","background-attachment":"scroll","background-type":"","background-media":"","overlay-type":"","overlay-color":"","overlay-opacity":"","overlay-gradient":""}},"ast-content-background-meta":{"desktop":{"background-color":"var(--ast-global-color-5)","background-image":"","background-repeat":"repeat","background-position":"center center","background-size":"auto","background-attachment":"scroll","background-type":"","background-media":"","overlay-type":"","overlay-color":"","overlay-opacity":"","overlay-gradient":""},"tablet":{"background-color":"var(--ast-global-color-5)","background-image":"","background-repeat":"repeat","background-position":"center center","background-size":"auto","background-attachment":"scroll","background-type":"","background-media":"","overlay-type":"","overlay-color":"","overlay-opacity":"","overlay-gradient":""},"mobile":{"background-color":"var(--ast-global-color-5)","background-image":"","background-repeat":"repeat","background-position":"center center","background-size":"auto","background-attachment":"scroll","background-type":"","background-media":"","overlay-type":"","overlay-color":"","overlay-opacity":"","overlay-gradient":""}}},"product_brand":[],"product_cat":[1752],"product_tag":[1755,1756,1763,2125],"class_list":{"0":"post-17053","1":"product","2":"type-product","3":"status-publish","4":"has-post-thumbnail","6":"product_cat-ostalo-bilje","7":"product_tag-biljke","8":"product_tag-caj-hr","9":"product_tag-ljekovita-biljka","10":"product_tag-monard-hr","11":"desktop-align-left","12":"tablet-align-left","13":"mobile-align-left","14":"ast-product-gallery-layout-horizontal","15":"ast-product-gallery-with-no-image","16":"ast-product-tabs-layout-horizontal","17":"ast-qv-on-image","19":"first","20":"instock","21":"taxable","22":"shipping-taxable","23":"purchasable","24":"product-type-simple"},"aioseo_notices":[],"_links":{"self":[{"href":"https:\/\/flanca.si\/hr\/wp-json\/wp\/v2\/product\/17053","targetHints":{"allow":["GET"]}}],"collection":[{"href":"https:\/\/flanca.si\/hr\/wp-json\/wp\/v2\/product"}],"about":[{"href":"https:\/\/flanca.si\/hr\/wp-json\/wp\/v2\/types\/product"}],"wp:featuredmedia":[{"embeddable":true,"href":"https:\/\/flanca.si\/hr\/wp-json\/wp\/v2\/media\/17055"}],"wp:attachment":[{"href":"https:\/\/flanca.si\/hr\/wp-json\/wp\/v2\/media?parent=17053"}],"wp:term":[{"taxonomy":"product_brand","embeddable":true,"href":"https:\/\/flanca.si\/hr\/wp-json\/wp\/v2\/product_brand?post=17053"},{"taxonomy":"product_cat","embeddable":true,"href":"https:\/\/flanca.si\/hr\/wp-json\/wp\/v2\/product_cat?post=17053"},{"taxonomy":"product_tag","embeddable":true,"href":"https:\/\/flanca.si\/hr\/wp-json\/wp\/v2\/product_tag?post=17053"}],"curies":[{"name":"wp","href":"https:\/\/api.w.org\/{rel}","templated":true}]}}