{"id":17029,"date":"2020-01-06T07:17:29","date_gmt":"2020-01-06T06:17:29","guid":{"rendered":"https:\/\/flanca.si\/izdelek\/nevena\/"},"modified":"2020-01-06T07:17:29","modified_gmt":"2020-01-06T06:17:29","slug":"nevena","status":"publish","type":"product","link":"https:\/\/flanca.si\/hr\/proizvod\/nevena\/","title":{"rendered":"Nevena"},"content":{"rendered":"<p>Neven ili vrtni neven lijepo je cvjetaju\u0107a jednogodi\u0161nja biljka koja naraste do 80 cm visine. Stabljike i li\u0161\u0107e su pubertetni. Cvjetovi su \u0161iroki grozdovi na kraju izbojaka, s brojnim \u017eutim ili naran\u010dastim ligulatnim i cjevastim cvjetovima. U vrtovima se \u010desto smatra ukrasnom biljkom, ali ima niz ljekovitih svojstava. Kad po\u010dne cvjetati, cvjeta do jeseni. Uspijeva na suncu i u polusjeni. Najbujnije cvjeta u tlu siroma\u0161nom hranjivim tvarima. Sadi se za obrubljivanje cvjetnjaka i na ukrasne cvjetnjake. Pogodan je i za biljne gredice. Budu\u0107i da pobolj\u0161ava tlo, mo\u017ee se saditi na siroma\u0161nim tlima. U vrtovima bi biljka trebala odbijati lisne u\u0161i, komarce, nematode, pu\u017eeve i koloradsku zlaticu. Dobar je susjed za ve\u0107inu povr\u0107a i djeluje kao lijek na tlo. Neven se mo\u017ee koristiti za pripremu vrenja koji ja\u010da biljke. Beremo cvije\u0107e koje se mo\u017ee koristiti kao za\u010din. Dobra je zamjena za \u0161afran. Mladi listovi mogu se koristiti kao dodatak salatama, a latice kao dodatak juhama, ri\u017eotima i desertima. Cvjetovi nevena sadr\u017ee esencijalna ulja, flavonoide i gor\u010dinu. Lijek se koristi izvana u obliku masti za lije\u010denje rana i turova. Neven je stari narodni lijek i koristi se sli\u010dno kao arnika.  <\/p>\n","protected":false},"excerpt":{"rendered":"<ul>\n<li><em>Neven officinalis<\/em><\/li>\n<li>Biljke<\/li>\n<li>prekrasni \u017euti, naran\u010dasti cvjetovi<\/li>\n<li>ukrasna biljka<\/li>\n<li>Ljekovita biljka, sli\u010dna upotreba arnici<\/li>\n<li>Mo\u017ee biti zamjena za \u0161afran<\/li>\n<li>Odbija neke vrtne \u0161teto\u010dine<\/li>\n<\/ul>\n<h4><strong>Pakirano po 4 sadnice!<\/strong><\/h4>\n<p>&nbsp;<\/p>\n","protected":false},"featured_media":17032,"template":"","meta":{"site-sidebar-layout":"default","site-content-layout":"default","ast-site-content-layout":"default","site-content-style":"default","site-sidebar-style":"default","ast-global-header-display":"","ast-banner-title-visibility":"","ast-main-header-display":"","ast-hfb-above-header-display":"","ast-hfb-below-header-display":"","ast-hfb-mobile-header-display":"","site-post-title":"","ast-breadcrumbs-content":"","ast-featured-img":"","footer-sml-layout":"","ast-disable-related-posts":"","theme-transparent-header-meta":"default","adv-header-id-meta":"","stick-header-meta":"default","header-above-stick-meta":"","header-main-stick-meta":"","header-below-stick-meta":"","astra-migrate-meta-layouts":"default","ast-page-background-enabled":"default","ast-page-background-meta":{"desktop":{"background-color":"","background-image":"","background-repeat":"repeat","background-position":"center center","background-size":"auto","background-attachment":"scroll","background-type":"","background-media":"","overlay-type":"","overlay-color":"","overlay-opacity":"","overlay-gradient":""},"tablet":{"background-color":"","background-image":"","background-repeat":"repeat","background-position":"center center","background-size":"auto","background-attachment":"scroll","background-type":"","background-media":"","overlay-type":"","overlay-color":"","overlay-opacity":"","overlay-gradient":""},"mobile":{"background-color":"","background-image":"","background-repeat":"repeat","background-position":"center center","background-size":"auto","background-attachment":"scroll","background-type":"","background-media":"","overlay-type":"","overlay-color":"","overlay-opacity":"","overlay-gradient":""}},"ast-content-background-meta":{"desktop":{"background-color":"var(--ast-global-color-5)","background-image":"","background-repeat":"repeat","background-position":"center center","background-size":"auto","background-attachment":"scroll","background-type":"","background-media":"","overlay-type":"","overlay-color":"","overlay-opacity":"","overlay-gradient":""},"tablet":{"background-color":"var(--ast-global-color-5)","background-image":"","background-repeat":"repeat","background-position":"center center","background-size":"auto","background-attachment":"scroll","background-type":"","background-media":"","overlay-type":"","overlay-color":"","overlay-opacity":"","overlay-gradient":""},"mobile":{"background-color":"var(--ast-global-color-5)","background-image":"","background-repeat":"repeat","background-position":"center center","background-size":"auto","background-attachment":"scroll","background-type":"","background-media":"","overlay-type":"","overlay-color":"","overlay-opacity":"","overlay-gradient":""}}},"product_brand":[],"product_cat":[1752],"product_tag":[1786,1630,1763,2115,1981,2106],"class_list":{"0":"post-17029","1":"product","2":"type-product","3":"status-publish","4":"has-post-thumbnail","6":"product_cat-ostalo-bilje","7":"product_tag-juha-hr","8":"product_tag-kuhinja-hr","9":"product_tag-ljekovita-biljka","10":"product_tag-nevena","11":"product_tag-prirodna-zastita","12":"product_tag-tinktura-hr","13":"desktop-align-left","14":"tablet-align-left","15":"mobile-align-left","16":"ast-product-gallery-layout-horizontal","17":"ast-product-tabs-layout-horizontal","18":"ast-qv-on-image","20":"first","21":"instock","22":"taxable","23":"shipping-taxable","24":"purchasable","25":"product-type-simple"},"aioseo_notices":[],"_links":{"self":[{"href":"https:\/\/flanca.si\/hr\/wp-json\/wp\/v2\/product\/17029","targetHints":{"allow":["GET"]}}],"collection":[{"href":"https:\/\/flanca.si\/hr\/wp-json\/wp\/v2\/product"}],"about":[{"href":"https:\/\/flanca.si\/hr\/wp-json\/wp\/v2\/types\/product"}],"wp:featuredmedia":[{"embeddable":true,"href":"https:\/\/flanca.si\/hr\/wp-json\/wp\/v2\/media\/17032"}],"wp:attachment":[{"href":"https:\/\/flanca.si\/hr\/wp-json\/wp\/v2\/media?parent=17029"}],"wp:term":[{"taxonomy":"product_brand","embeddable":true,"href":"https:\/\/flanca.si\/hr\/wp-json\/wp\/v2\/product_brand?post=17029"},{"taxonomy":"product_cat","embeddable":true,"href":"https:\/\/flanca.si\/hr\/wp-json\/wp\/v2\/product_cat?post=17029"},{"taxonomy":"product_tag","embeddable":true,"href":"https:\/\/flanca.si\/hr\/wp-json\/wp\/v2\/product_tag?post=17029"}],"curies":[{"name":"wp","href":"https:\/\/api.w.org\/{rel}","templated":true}]}}