{"id":17028,"date":"2020-01-06T10:01:39","date_gmt":"2020-01-06T09:01:39","guid":{"rendered":"https:\/\/flanca.si\/izdelek\/slatki-pelin\/"},"modified":"2020-01-06T10:01:39","modified_gmt":"2020-01-06T09:01:39","slug":"slatki-pelin","status":"publish","type":"product","link":"https:\/\/flanca.si\/hr\/proizvod\/slatki-pelin\/","title":{"rendered":"Slatki pelin"},"content":{"rendered":"<p>Slatki pelin je jednogodi\u0161njak koji izraste u grm visok do 200 cm. Od obi\u010dnog pelina razlikuje se po boji li\u0161\u0107a koje je svijetlozelene boje i na\u010dinu opra\u0161ivanja. Dobro uspijeva na dreniranim, neutralnim ili blago alkalnim ilovastim tlima. Ali otpornije i aromati\u010dnije su one biljke koje rastu na siroma\u0161nim i su\u0161nim tlima. Cvjetovi i li\u0161\u0107e beru se za \u010daj, ali budu\u0107i da brzo raste i ugodno miri\u0161e, \u0161iroko se koristi i u ukrasnom vrtlarstvu. Sadr\u017ei eteri\u010dno ulje ugodnog, osvje\u017eavaju\u0107eg i blago balzami\u010dnog mirisa. Koristi se u proizvodnji parfema, a koristan je i za odbijanje insekata. U slatkom pelinu nalazi se vi\u0161e od 20 razli\u010ditih aktivnih sastojaka koji na ovaj ili onaj na\u010din poma\u017eu u odr\u017eavanju zdravlja. Najva\u017eniji od njih je artemisinin, koji je aktivni sastojak koji uni\u0161tava uzro\u010dnike plazmodije malarije, koji se nalaze u crvenim krvnim stanicama. Artemisinin u kombinaciji sa \u017eeljezom tako\u0111er se testira u borbi protiv raka. Slatki pelin naj\u010de\u0161\u0107e se koristi kao \u010daj.    <\/p>\n","protected":false},"excerpt":{"rendered":"<ul>\n<li><em>Artemisia annua<\/em><\/li>\n<li>Biljke<\/li>\n<li>svijetlozeleni perasto podijeljeni listovi<\/li>\n<li>ljekovita i ukrasna biljka<\/li>\n<li>tako\u0111er korisno za odbijanje insekata<\/li>\n<li>Najva\u017eniji aktivni sastojak biljke je artemisinin<\/li>\n<\/ul>\n<h4><strong>Pakirana 1 sadnica odjednom!<\/strong><\/h4>\n","protected":false},"featured_media":17030,"template":"","meta":{"site-sidebar-layout":"default","site-content-layout":"default","ast-site-content-layout":"default","site-content-style":"default","site-sidebar-style":"default","ast-global-header-display":"","ast-banner-title-visibility":"","ast-main-header-display":"","ast-hfb-above-header-display":"","ast-hfb-below-header-display":"","ast-hfb-mobile-header-display":"","site-post-title":"","ast-breadcrumbs-content":"","ast-featured-img":"","footer-sml-layout":"","ast-disable-related-posts":"","theme-transparent-header-meta":"default","adv-header-id-meta":"","stick-header-meta":"default","header-above-stick-meta":"","header-main-stick-meta":"","header-below-stick-meta":"","astra-migrate-meta-layouts":"default","ast-page-background-enabled":"default","ast-page-background-meta":{"desktop":{"background-color":"","background-image":"","background-repeat":"repeat","background-position":"center center","background-size":"auto","background-attachment":"scroll","background-type":"","background-media":"","overlay-type":"","overlay-color":"","overlay-opacity":"","overlay-gradient":""},"tablet":{"background-color":"","background-image":"","background-repeat":"repeat","background-position":"center center","background-size":"auto","background-attachment":"scroll","background-type":"","background-media":"","overlay-type":"","overlay-color":"","overlay-opacity":"","overlay-gradient":""},"mobile":{"background-color":"","background-image":"","background-repeat":"repeat","background-position":"center center","background-size":"auto","background-attachment":"scroll","background-type":"","background-media":"","overlay-type":"","overlay-color":"","overlay-opacity":"","overlay-gradient":""}},"ast-content-background-meta":{"desktop":{"background-color":"var(--ast-global-color-5)","background-image":"","background-repeat":"repeat","background-position":"center center","background-size":"auto","background-attachment":"scroll","background-type":"","background-media":"","overlay-type":"","overlay-color":"","overlay-opacity":"","overlay-gradient":""},"tablet":{"background-color":"var(--ast-global-color-5)","background-image":"","background-repeat":"repeat","background-position":"center center","background-size":"auto","background-attachment":"scroll","background-type":"","background-media":"","overlay-type":"","overlay-color":"","overlay-opacity":"","overlay-gradient":""},"mobile":{"background-color":"var(--ast-global-color-5)","background-image":"","background-repeat":"repeat","background-position":"center center","background-size":"auto","background-attachment":"scroll","background-type":"","background-media":"","overlay-type":"","overlay-color":"","overlay-opacity":"","overlay-gradient":""}}},"product_brand":[],"product_cat":[1752],"product_tag":[1763,2088,2111,2114],"class_list":{"0":"post-17028","1":"product","2":"type-product","3":"status-publish","4":"has-post-thumbnail","6":"product_cat-ostalo-bilje","7":"product_tag-ljekovita-biljka","8":"product_tag-odbijajuci","9":"product_tag-pelin-hr","10":"product_tag-slatki-pelin","11":"desktop-align-left","12":"tablet-align-left","13":"mobile-align-left","14":"ast-product-gallery-layout-horizontal","15":"ast-product-tabs-layout-horizontal","16":"ast-qv-on-image","18":"first","19":"instock","20":"taxable","21":"shipping-taxable","22":"purchasable","23":"product-type-simple"},"aioseo_notices":[],"_links":{"self":[{"href":"https:\/\/flanca.si\/hr\/wp-json\/wp\/v2\/product\/17028","targetHints":{"allow":["GET"]}}],"collection":[{"href":"https:\/\/flanca.si\/hr\/wp-json\/wp\/v2\/product"}],"about":[{"href":"https:\/\/flanca.si\/hr\/wp-json\/wp\/v2\/types\/product"}],"wp:featuredmedia":[{"embeddable":true,"href":"https:\/\/flanca.si\/hr\/wp-json\/wp\/v2\/media\/17030"}],"wp:attachment":[{"href":"https:\/\/flanca.si\/hr\/wp-json\/wp\/v2\/media?parent=17028"}],"wp:term":[{"taxonomy":"product_brand","embeddable":true,"href":"https:\/\/flanca.si\/hr\/wp-json\/wp\/v2\/product_brand?post=17028"},{"taxonomy":"product_cat","embeddable":true,"href":"https:\/\/flanca.si\/hr\/wp-json\/wp\/v2\/product_cat?post=17028"},{"taxonomy":"product_tag","embeddable":true,"href":"https:\/\/flanca.si\/hr\/wp-json\/wp\/v2\/product_tag?post=17028"}],"curies":[{"name":"wp","href":"https:\/\/api.w.org\/{rel}","templated":true}]}}