{"id":17023,"date":"2020-01-06T10:08:45","date_gmt":"2020-01-06T09:08:45","guid":{"rendered":"https:\/\/flanca.si\/izdelek\/stevia\/"},"modified":"2020-01-06T10:08:45","modified_gmt":"2020-01-06T09:08:45","slug":"stevia","status":"publish","type":"product","link":"https:\/\/flanca.si\/hr\/proizvod\/stevia\/","title":{"rendered":"Stevia"},"content":{"rendered":"<p>Biljka koja ne prezimljuje na otvorenom polju. Kada zapo\u010dne razdoblje niskih temperatura, premje\u0161ta se u toplu sobu. U prolje\u0107e se mo\u017ee ponovno premjestiti na otvoreno. Pogodno za sadnju u posude i korita. Tvori svijetlozelene nazubljene listove. Listovi sadr\u017ee steviol glikozide, koji su slatki, bez kalorija, glikemijski indeks im je 0 i ne sadr\u017ee ugljikohidrate. Osu\u0161eni listovi mogu se koristiti kao prirodni zasla\u0111iva\u010d, za \u010dajne mje\u0161avine. Koncentrat listova stevije na bazi vode nudi niz iznimnih prednosti u redovitoj njezi ko\u017ee. Kao maska u\u010dinkovito omek\u0161ava i zate\u017ee ko\u017eu, zagla\u0111uje bore i poma\u017ee u smirivanju mrlja na ko\u017ei, uklju\u010duju\u0107i akne. Kap stevije mo\u017ee se nanijeti izravno na mrlju na ko\u017ei, pri\u0161ti\u0107, ispucalu usnu ili herpes. Koncentrat stevije tako\u0111er poma\u017ee kod ko\u017enih problema poput dermatitisa i ekcema. Istra\u017eivanja tako\u0111er pokazuju br\u017ee zacjeljivanje ogrebotina i rana bez o\u017eiljaka kada se stevija nanese na zahva\u0107eno podru\u010dje.    <\/p>\n","protected":false},"excerpt":{"rendered":"<ul>\n<li><em>Stevia rebaudiana<\/em><\/li>\n<li>slatki grm<\/li>\n<li>Nemojte prezimiti na otvorenom<\/li>\n<li>prirodni zasla\u0111iva\u010d<\/li>\n<li>glikemijski indeks 0<\/li>\n<li>Za njegu ko\u017ee koristimo koncentrat li\u0161\u0107a<\/li>\n<\/ul>\n<h4><strong>Pakirana 1 sadnica odjednom!<\/strong><\/h4>\n","protected":false},"featured_media":17025,"template":"","meta":{"site-sidebar-layout":"default","site-content-layout":"default","ast-site-content-layout":"default","site-content-style":"default","site-sidebar-style":"default","ast-global-header-display":"","ast-banner-title-visibility":"","ast-main-header-display":"","ast-hfb-above-header-display":"","ast-hfb-below-header-display":"","ast-hfb-mobile-header-display":"","site-post-title":"","ast-breadcrumbs-content":"","ast-featured-img":"","footer-sml-layout":"","ast-disable-related-posts":"","theme-transparent-header-meta":"default","adv-header-id-meta":"","stick-header-meta":"default","header-above-stick-meta":"","header-main-stick-meta":"","header-below-stick-meta":"","astra-migrate-meta-layouts":"default","ast-page-background-enabled":"default","ast-page-background-meta":{"desktop":{"background-color":"","background-image":"","background-repeat":"repeat","background-position":"center center","background-size":"auto","background-attachment":"scroll","background-type":"","background-media":"","overlay-type":"","overlay-color":"","overlay-opacity":"","overlay-gradient":""},"tablet":{"background-color":"","background-image":"","background-repeat":"repeat","background-position":"center center","background-size":"auto","background-attachment":"scroll","background-type":"","background-media":"","overlay-type":"","overlay-color":"","overlay-opacity":"","overlay-gradient":""},"mobile":{"background-color":"","background-image":"","background-repeat":"repeat","background-position":"center center","background-size":"auto","background-attachment":"scroll","background-type":"","background-media":"","overlay-type":"","overlay-color":"","overlay-opacity":"","overlay-gradient":""}},"ast-content-background-meta":{"desktop":{"background-color":"var(--ast-global-color-5)","background-image":"","background-repeat":"repeat","background-position":"center center","background-size":"auto","background-attachment":"scroll","background-type":"","background-media":"","overlay-type":"","overlay-color":"","overlay-opacity":"","overlay-gradient":""},"tablet":{"background-color":"var(--ast-global-color-5)","background-image":"","background-repeat":"repeat","background-position":"center center","background-size":"auto","background-attachment":"scroll","background-type":"","background-media":"","overlay-type":"","overlay-color":"","overlay-opacity":"","overlay-gradient":""},"mobile":{"background-color":"var(--ast-global-color-5)","background-image":"","background-repeat":"repeat","background-position":"center center","background-size":"auto","background-attachment":"scroll","background-type":"","background-media":"","overlay-type":"","overlay-color":"","overlay-opacity":"","overlay-gradient":""}}},"product_brand":[],"product_cat":[1752],"product_tag":[1763,2110,2108,2109],"class_list":{"0":"post-17023","1":"product","2":"type-product","3":"status-publish","4":"has-post-thumbnail","6":"product_cat-ostalo-bilje","7":"product_tag-ljekovita-biljka","8":"product_tag-njega-koze","9":"product_tag-sladilo-hr","10":"product_tag-stevia-hr","11":"desktop-align-left","12":"tablet-align-left","13":"mobile-align-left","14":"ast-product-gallery-layout-horizontal","15":"ast-product-tabs-layout-horizontal","16":"ast-qv-on-image","18":"first","19":"instock","20":"taxable","21":"shipping-taxable","22":"purchasable","23":"product-type-simple"},"aioseo_notices":[],"_links":{"self":[{"href":"https:\/\/flanca.si\/hr\/wp-json\/wp\/v2\/product\/17023","targetHints":{"allow":["GET"]}}],"collection":[{"href":"https:\/\/flanca.si\/hr\/wp-json\/wp\/v2\/product"}],"about":[{"href":"https:\/\/flanca.si\/hr\/wp-json\/wp\/v2\/types\/product"}],"wp:featuredmedia":[{"embeddable":true,"href":"https:\/\/flanca.si\/hr\/wp-json\/wp\/v2\/media\/17025"}],"wp:attachment":[{"href":"https:\/\/flanca.si\/hr\/wp-json\/wp\/v2\/media?parent=17023"}],"wp:term":[{"taxonomy":"product_brand","embeddable":true,"href":"https:\/\/flanca.si\/hr\/wp-json\/wp\/v2\/product_brand?post=17023"},{"taxonomy":"product_cat","embeddable":true,"href":"https:\/\/flanca.si\/hr\/wp-json\/wp\/v2\/product_cat?post=17023"},{"taxonomy":"product_tag","embeddable":true,"href":"https:\/\/flanca.si\/hr\/wp-json\/wp\/v2\/product_tag?post=17023"}],"curies":[{"name":"wp","href":"https:\/\/api.w.org\/{rel}","templated":true}]}}