{"id":17016,"date":"2020-01-06T11:35:04","date_gmt":"2020-01-06T10:35:04","guid":{"rendered":"https:\/\/flanca.si\/izdelek\/vinka-volante-burgundija\/"},"modified":"2020-01-06T11:35:04","modified_gmt":"2020-01-06T10:35:04","slug":"vinka-volante-burgundija","status":"publish","type":"product","link":"https:\/\/flanca.si\/hr\/proizvod\/vinka-volante-burgundija\/","title":{"rendered":"Vinka Volante Burgundija"},"content":{"rendered":"<p>Vinka je ukrasna jednogodi\u0161nja biljka koja je pogodna za sadnju cvjetnjaka, cvjetnjaka ili grobova. Ima grmoliki rast. Listovi su ovalnog oblika, tamnozeleni, glatki, s gustom sredi\u0161njom \u017eilom. Tvori jednostavne cvjetove u obliku \u0161iroke zvijezde.   <\/p>\n<p>U sorti Volante Burgundy Halo cvjetovi su vinskocrveni sa svijetlim okom u sredini. Odu\u0161evljava nas svojim cvjetovima od svibnja do rujna. Biljke se sade na sun\u010danom mjestu. Imaju vrlo niske potrebe za vodom i otporni su na bolesti.<\/p>\n","protected":false},"excerpt":{"rendered":"<ul>\n<li><em>Catharantus roseus<\/em><\/li>\n<li>Sadnja korita, grobova, grge\u010da<\/li>\n<li>jednostavni, \u0161iroki cvjetovi u obliku zvijezde<\/li>\n<li>cvjetovi tamnocrveni sa svijetlim okom<\/li>\n<li>Sun\u010dana mjesta<\/li>\n<li>Niske potrebe za vodom<\/li>\n<\/ul>\n<h4><strong>Pakirana 1 sadnica odjednom!<\/strong><\/h4>\n","protected":false},"featured_media":17017,"template":"","meta":{"site-sidebar-layout":"default","site-content-layout":"default","ast-site-content-layout":"default","site-content-style":"default","site-sidebar-style":"default","ast-global-header-display":"","ast-banner-title-visibility":"","ast-main-header-display":"","ast-hfb-above-header-display":"","ast-hfb-below-header-display":"","ast-hfb-mobile-header-display":"","site-post-title":"","ast-breadcrumbs-content":"","ast-featured-img":"","footer-sml-layout":"","ast-disable-related-posts":"","theme-transparent-header-meta":"default","adv-header-id-meta":"","stick-header-meta":"default","header-above-stick-meta":"","header-main-stick-meta":"","header-below-stick-meta":"","astra-migrate-meta-layouts":"default","ast-page-background-enabled":"default","ast-page-background-meta":{"desktop":{"background-color":"","background-image":"","background-repeat":"repeat","background-position":"center center","background-size":"auto","background-attachment":"scroll","background-type":"","background-media":"","overlay-type":"","overlay-color":"","overlay-opacity":"","overlay-gradient":""},"tablet":{"background-color":"","background-image":"","background-repeat":"repeat","background-position":"center center","background-size":"auto","background-attachment":"scroll","background-type":"","background-media":"","overlay-type":"","overlay-color":"","overlay-opacity":"","overlay-gradient":""},"mobile":{"background-color":"","background-image":"","background-repeat":"repeat","background-position":"center center","background-size":"auto","background-attachment":"scroll","background-type":"","background-media":"","overlay-type":"","overlay-color":"","overlay-opacity":"","overlay-gradient":""}},"ast-content-background-meta":{"desktop":{"background-color":"var(--ast-global-color-5)","background-image":"","background-repeat":"repeat","background-position":"center center","background-size":"auto","background-attachment":"scroll","background-type":"","background-media":"","overlay-type":"","overlay-color":"","overlay-opacity":"","overlay-gradient":""},"tablet":{"background-color":"var(--ast-global-color-5)","background-image":"","background-repeat":"repeat","background-position":"center center","background-size":"auto","background-attachment":"scroll","background-type":"","background-media":"","overlay-type":"","overlay-color":"","overlay-opacity":"","overlay-gradient":""},"mobile":{"background-color":"var(--ast-global-color-5)","background-image":"","background-repeat":"repeat","background-position":"center center","background-size":"auto","background-attachment":"scroll","background-type":"","background-media":"","overlay-type":"","overlay-color":"","overlay-opacity":"","overlay-gradient":""}}},"product_brand":[],"product_cat":[1856],"product_tag":[1876,2101,1828,1959,1879,2105],"class_list":{"0":"post-17016","1":"product","2":"type-product","3":"status-publish","4":"has-post-thumbnail","6":"product_cat-biljke-za-rezano-cvijece","7":"product_tag-biljke-hr","8":"product_tag-catharanthus-roseus-hr","9":"product_tag-korita-i-cvjetnjaci","10":"product_tag-uspijeva","11":"product_tag-vinka-hr","12":"product_tag-vinsko-crveno","13":"desktop-align-left","14":"tablet-align-left","15":"mobile-align-left","16":"ast-product-gallery-layout-horizontal","17":"ast-product-tabs-layout-horizontal","18":"ast-qv-on-image","20":"first","21":"outofstock","22":"taxable","23":"shipping-taxable","24":"purchasable","25":"product-type-simple"},"aioseo_notices":[],"_links":{"self":[{"href":"https:\/\/flanca.si\/hr\/wp-json\/wp\/v2\/product\/17016","targetHints":{"allow":["GET"]}}],"collection":[{"href":"https:\/\/flanca.si\/hr\/wp-json\/wp\/v2\/product"}],"about":[{"href":"https:\/\/flanca.si\/hr\/wp-json\/wp\/v2\/types\/product"}],"wp:featuredmedia":[{"embeddable":true,"href":"https:\/\/flanca.si\/hr\/wp-json\/wp\/v2\/media\/17017"}],"wp:attachment":[{"href":"https:\/\/flanca.si\/hr\/wp-json\/wp\/v2\/media?parent=17016"}],"wp:term":[{"taxonomy":"product_brand","embeddable":true,"href":"https:\/\/flanca.si\/hr\/wp-json\/wp\/v2\/product_brand?post=17016"},{"taxonomy":"product_cat","embeddable":true,"href":"https:\/\/flanca.si\/hr\/wp-json\/wp\/v2\/product_cat?post=17016"},{"taxonomy":"product_tag","embeddable":true,"href":"https:\/\/flanca.si\/hr\/wp-json\/wp\/v2\/product_tag?post=17016"}],"curies":[{"name":"wp","href":"https:\/\/api.w.org\/{rel}","templated":true}]}}