{"id":16973,"date":"2020-01-06T13:33:08","date_gmt":"2020-01-06T12:33:08","guid":{"rendered":"https:\/\/flanca.si\/izdelek\/turcin\/"},"modified":"2020-01-06T13:33:08","modified_gmt":"2020-01-06T12:33:08","slug":"turcin","status":"publish","type":"product","link":"https:\/\/flanca.si\/hr\/proizvod\/turcin\/","title":{"rendered":"Tur\u010din"},"content":{"rendered":"<p>Tur\u010dak, ili portuljak s velikim cvjetovima, jednogodi\u0161nja je nepretenciozna biljka, pogodna za uzgoj u posudama, cvjetnjacima, kamenjarima. Tvori leglo ili vise\u0107e mlade, \u0161to ga \u010dini pogodnim za uzgoj u vje\u0161alicama. Najbolje ga je saditi na izuzetno sun\u010danim mjestima i dreniranim mjestima. Veliki, cvjetovi se otvaraju samo na suncu, otkrivaju\u0107i svoje spektakularne tropske boje na pozadini mesnatog li\u0161\u0107a. Na primjer, u ki\u0161nom ljetu ne\u0107e nas razmaziti svojim \u0161arenim cvjetovima. Biljka se u ve\u0107ini slu\u010dajeva ne sadi u kombinaciji s drugim biljkama, sama biljka daje maksimalnu dekorativnu vrijednost. <\/p>\n","protected":false},"excerpt":{"rendered":"<ul>\n<li>Portulaca grandiflora<\/li>\n<li>Tur\u010din s velikim cvjetovima<\/li>\n<li>Nepretenciozna biljka<\/li>\n<li>tvori vise\u0107e vise\u0107e mladice<\/li>\n<li>Sadimo na sun\u010danim polo\u017eajima<\/li>\n<li>Cvije\u0107e tropskih boja<\/li>\n<\/ul>\n<h4><strong>Pakirano po 4 sadnice!<\/strong><\/h4>\n","protected":false},"featured_media":16974,"template":"","meta":{"site-sidebar-layout":"default","site-content-layout":"default","ast-site-content-layout":"default","site-content-style":"default","site-sidebar-style":"default","ast-global-header-display":"","ast-banner-title-visibility":"","ast-main-header-display":"","ast-hfb-above-header-display":"","ast-hfb-below-header-display":"","ast-hfb-mobile-header-display":"","site-post-title":"","ast-breadcrumbs-content":"","ast-featured-img":"","footer-sml-layout":"","ast-disable-related-posts":"","theme-transparent-header-meta":"default","adv-header-id-meta":"","stick-header-meta":"default","header-above-stick-meta":"","header-main-stick-meta":"","header-below-stick-meta":"","astra-migrate-meta-layouts":"default","ast-page-background-enabled":"default","ast-page-background-meta":{"desktop":{"background-color":"","background-image":"","background-repeat":"repeat","background-position":"center center","background-size":"auto","background-attachment":"scroll","background-type":"","background-media":"","overlay-type":"","overlay-color":"","overlay-opacity":"","overlay-gradient":""},"tablet":{"background-color":"","background-image":"","background-repeat":"repeat","background-position":"center center","background-size":"auto","background-attachment":"scroll","background-type":"","background-media":"","overlay-type":"","overlay-color":"","overlay-opacity":"","overlay-gradient":""},"mobile":{"background-color":"","background-image":"","background-repeat":"repeat","background-position":"center center","background-size":"auto","background-attachment":"scroll","background-type":"","background-media":"","overlay-type":"","overlay-color":"","overlay-opacity":"","overlay-gradient":""}},"ast-content-background-meta":{"desktop":{"background-color":"var(--ast-global-color-5)","background-image":"","background-repeat":"repeat","background-position":"center center","background-size":"auto","background-attachment":"scroll","background-type":"","background-media":"","overlay-type":"","overlay-color":"","overlay-opacity":"","overlay-gradient":""},"tablet":{"background-color":"var(--ast-global-color-5)","background-image":"","background-repeat":"repeat","background-position":"center center","background-size":"auto","background-attachment":"scroll","background-type":"","background-media":"","overlay-type":"","overlay-color":"","overlay-opacity":"","overlay-gradient":""},"mobile":{"background-color":"var(--ast-global-color-5)","background-image":"","background-repeat":"repeat","background-position":"center center","background-size":"auto","background-attachment":"scroll","background-type":"","background-media":"","overlay-type":"","overlay-color":"","overlay-opacity":"","overlay-gradient":""}}},"product_brand":[],"product_cat":[1856],"product_tag":[1869,1829,1972,2086],"class_list":{"0":"post-16973","1":"product","2":"type-product","3":"status-publish","4":"has-post-thumbnail","6":"product_cat-biljke-za-rezano-cvijece","7":"product_tag-cvjetnjaci","8":"product_tag-kamenjari","9":"product_tag-sareno-cvijece","10":"product_tag-turcin","11":"desktop-align-left","12":"tablet-align-left","13":"mobile-align-left","14":"ast-product-gallery-layout-horizontal","15":"ast-product-tabs-layout-horizontal","16":"ast-qv-on-image","18":"first","19":"instock","20":"taxable","21":"shipping-taxable","22":"purchasable","23":"product-type-simple"},"aioseo_notices":[],"_links":{"self":[{"href":"https:\/\/flanca.si\/hr\/wp-json\/wp\/v2\/product\/16973","targetHints":{"allow":["GET"]}}],"collection":[{"href":"https:\/\/flanca.si\/hr\/wp-json\/wp\/v2\/product"}],"about":[{"href":"https:\/\/flanca.si\/hr\/wp-json\/wp\/v2\/types\/product"}],"wp:featuredmedia":[{"embeddable":true,"href":"https:\/\/flanca.si\/hr\/wp-json\/wp\/v2\/media\/16974"}],"wp:attachment":[{"href":"https:\/\/flanca.si\/hr\/wp-json\/wp\/v2\/media?parent=16973"}],"wp:term":[{"taxonomy":"product_brand","embeddable":true,"href":"https:\/\/flanca.si\/hr\/wp-json\/wp\/v2\/product_brand?post=16973"},{"taxonomy":"product_cat","embeddable":true,"href":"https:\/\/flanca.si\/hr\/wp-json\/wp\/v2\/product_cat?post=16973"},{"taxonomy":"product_tag","embeddable":true,"href":"https:\/\/flanca.si\/hr\/wp-json\/wp\/v2\/product_tag?post=16973"}],"curies":[{"name":"wp","href":"https:\/\/api.w.org\/{rel}","templated":true}]}}