{"id":16963,"date":"2020-01-07T09:08:08","date_gmt":"2020-01-07T08:08:08","guid":{"rendered":"https:\/\/flanca.si\/izdelek\/zeko\/"},"modified":"2020-01-07T09:08:08","modified_gmt":"2020-01-07T08:08:08","slug":"zeko","status":"publish","type":"product","link":"https:\/\/flanca.si\/hr\/proizvod\/zeko\/","title":{"rendered":"Zeko"},"content":{"rendered":"<p>Ze\u010di\u0107i su srednje visokog rasta u raznim bojama, pogodni za ukra\u0161avanje grge\u010da i rezanje. Jednogodi\u0161nja ili dvogodi\u0161nja biljka koja se sadi u gredice i mo\u017ee se koristiti kao rezano cvije\u0107e. U kombinaciji s ostatkom ljetnog rezanog cvije\u0107a stvaraju se prekrasni buketi koji nam dugo traju u vazi. Biljka ima druga\u010diju boju cvjetova i visinu rasta. Za bujni rast preporu\u010duje se sadnja na blago sun\u010danijim polo\u017eajima, a podnose i polusjenu. Ze\u010di\u0107i pripadaju nepretencioznim, \u0161areno cvjetaju\u0107im jednogodi\u0161njim biljkama. Tako\u0111er, prilikom sadnje u kontejnere stavljaju se na sun\u010dano do polusjenovito mjesto. <\/p>\n","protected":false},"excerpt":{"rendered":"<ul>\n<li><em>Antirrhinum majus<\/em><\/li>\n<li>brojni \u0161areni cvjetovi<\/li>\n<li>pogodno za ljetne bukete<\/li>\n<li>Razli\u010dita visina biljke<\/li>\n<li>Sadimo na sun\u010danim polo\u017eajima<\/li>\n<\/ul>\n<h4><strong>Pakirano po 4 sadnice!<\/strong><\/h4>\n","protected":false},"featured_media":16965,"template":"","meta":{"site-sidebar-layout":"default","site-content-layout":"default","ast-site-content-layout":"default","site-content-style":"default","site-sidebar-style":"default","ast-global-header-display":"","ast-banner-title-visibility":"","ast-main-header-display":"","ast-hfb-above-header-display":"","ast-hfb-below-header-display":"","ast-hfb-mobile-header-display":"","site-post-title":"","ast-breadcrumbs-content":"","ast-featured-img":"","footer-sml-layout":"","ast-disable-related-posts":"","theme-transparent-header-meta":"default","adv-header-id-meta":"","stick-header-meta":"default","header-above-stick-meta":"","header-main-stick-meta":"","header-below-stick-meta":"","astra-migrate-meta-layouts":"default","ast-page-background-enabled":"default","ast-page-background-meta":{"desktop":{"background-color":"","background-image":"","background-repeat":"repeat","background-position":"center center","background-size":"auto","background-attachment":"scroll","background-type":"","background-media":"","overlay-type":"","overlay-color":"","overlay-opacity":"","overlay-gradient":""},"tablet":{"background-color":"","background-image":"","background-repeat":"repeat","background-position":"center center","background-size":"auto","background-attachment":"scroll","background-type":"","background-media":"","overlay-type":"","overlay-color":"","overlay-opacity":"","overlay-gradient":""},"mobile":{"background-color":"","background-image":"","background-repeat":"repeat","background-position":"center center","background-size":"auto","background-attachment":"scroll","background-type":"","background-media":"","overlay-type":"","overlay-color":"","overlay-opacity":"","overlay-gradient":""}},"ast-content-background-meta":{"desktop":{"background-color":"var(--ast-global-color-5)","background-image":"","background-repeat":"repeat","background-position":"center center","background-size":"auto","background-attachment":"scroll","background-type":"","background-media":"","overlay-type":"","overlay-color":"","overlay-opacity":"","overlay-gradient":""},"tablet":{"background-color":"var(--ast-global-color-5)","background-image":"","background-repeat":"repeat","background-position":"center center","background-size":"auto","background-attachment":"scroll","background-type":"","background-media":"","overlay-type":"","overlay-color":"","overlay-opacity":"","overlay-gradient":""},"mobile":{"background-color":"var(--ast-global-color-5)","background-image":"","background-repeat":"repeat","background-position":"center center","background-size":"auto","background-attachment":"scroll","background-type":"","background-media":"","overlay-type":"","overlay-color":"","overlay-opacity":"","overlay-gradient":""}}},"product_brand":[],"product_cat":[1856],"product_tag":[1852,2033,1840,2083],"class_list":{"0":"post-16963","1":"product","2":"type-product","3":"status-publish","4":"has-post-thumbnail","6":"product_cat-biljke-za-rezano-cvijece","7":"product_tag-rezano-cvijece","8":"product_tag-sareno-cvijece-hr","9":"product_tag-ukrasna-biljka","10":"product_tag-zeko","11":"desktop-align-left","12":"tablet-align-left","13":"mobile-align-left","14":"ast-product-gallery-layout-horizontal","15":"ast-product-tabs-layout-horizontal","16":"ast-qv-on-image","18":"first","19":"outofstock","20":"taxable","21":"shipping-taxable","22":"purchasable","23":"product-type-simple"},"aioseo_notices":[],"_links":{"self":[{"href":"https:\/\/flanca.si\/hr\/wp-json\/wp\/v2\/product\/16963","targetHints":{"allow":["GET"]}}],"collection":[{"href":"https:\/\/flanca.si\/hr\/wp-json\/wp\/v2\/product"}],"about":[{"href":"https:\/\/flanca.si\/hr\/wp-json\/wp\/v2\/types\/product"}],"wp:featuredmedia":[{"embeddable":true,"href":"https:\/\/flanca.si\/hr\/wp-json\/wp\/v2\/media\/16965"}],"wp:attachment":[{"href":"https:\/\/flanca.si\/hr\/wp-json\/wp\/v2\/media?parent=16963"}],"wp:term":[{"taxonomy":"product_brand","embeddable":true,"href":"https:\/\/flanca.si\/hr\/wp-json\/wp\/v2\/product_brand?post=16963"},{"taxonomy":"product_cat","embeddable":true,"href":"https:\/\/flanca.si\/hr\/wp-json\/wp\/v2\/product_cat?post=16963"},{"taxonomy":"product_tag","embeddable":true,"href":"https:\/\/flanca.si\/hr\/wp-json\/wp\/v2\/product_tag?post=16963"}],"curies":[{"name":"wp","href":"https:\/\/api.w.org\/{rel}","templated":true}]}}