{"id":16877,"date":"2020-02-10T10:23:34","date_gmt":"2020-02-10T09:23:34","guid":{"rendered":"https:\/\/flanca.si\/izdelek\/humka-humus-gliste\/"},"modified":"2025-01-15T10:04:36","modified_gmt":"2025-01-15T09:04:36","slug":"humka-humus-gliste","status":"publish","type":"product","link":"https:\/\/flanca.si\/hr\/proizvod\/humka-humus-gliste\/","title":{"rendered":"Humka Humus gliste"},"content":{"rendered":"<p>Gnojivo je odobreno za upotrebu u organskoj proizvodnji. Koristi se u pripremi supstrata i tla za presa\u0111ivanje: 10-25% humusa dodaje se u pripremljeno tlo ili supstrat. Prilikom dodavanja u gredicu, humus se dodaje du\u017e grude korijena, mo\u017ee biti izravno u korijenje ili se mo\u017ee plitko ugraditi u podru\u010dje rasta korijena. Prilikom dodavanja poku\u0161ajte ga plitko ugraditi ispod povr\u0161ine, jer toplina i UV zrake ubijaju mikroorganizme u humusu, a hranjive tvari lo\u0161ije prelaze u kompleks tla. Gnojivo je potpuno organsko, uravnote\u017eeno, bez mirisa, s visokim mikrobiolo\u0161kim potencijalom. Ubrzava rast i cvjetanje, kao i rast plodova. Pove\u0107ava prirodnu otpornost biljaka na stres i bolesti. Korisno je za sve povr\u0107e, za\u010dinsko bilje, plodne biljke, kao i za vo\u0107e i ukrasno bilje. Pakiran je u vre\u0107icu od 20 l.<\/p>\n","protected":false},"excerpt":{"rendered":"<ul>\n<li>100% prirodno gnojivo odobreno u ekolo\u0161koj proizvodnji<\/li>\n<li>ubrzava rast i cvatnju, kao i rast plodova.<\/li>\n<li>djeluje brzo i s odgo\u0111enim djelovanjem organski vezanih hranjivih tvari<\/li>\n<li>pove\u0107ava prirodnu otpornost biljaka na stres i bolesti<\/li>\n<li>Korisno je za sve povr\u0107e, za\u010dinsko bilje, plodne biljke, kao i za vo\u0107e i ukrasno bilje.<\/li>\n<li>Humus se dodaje u vrtno tlo, dodaje se u tlo u koritima,&#8230;<\/li>\n<\/ul>\n<h4><strong>Pakirano u 1 komad (20L)!<\/strong><\/h4>\n","protected":false},"featured_media":22714,"template":"","meta":{"site-sidebar-layout":"default","site-content-layout":"default","ast-site-content-layout":"default","site-content-style":"default","site-sidebar-style":"default","ast-global-header-display":"","ast-banner-title-visibility":"","ast-main-header-display":"","ast-hfb-above-header-display":"","ast-hfb-below-header-display":"","ast-hfb-mobile-header-display":"","site-post-title":"","ast-breadcrumbs-content":"","ast-featured-img":"","footer-sml-layout":"","ast-disable-related-posts":"","theme-transparent-header-meta":"default","adv-header-id-meta":"","stick-header-meta":"default","header-above-stick-meta":"","header-main-stick-meta":"","header-below-stick-meta":"","astra-migrate-meta-layouts":"default","ast-page-background-enabled":"default","ast-page-background-meta":{"desktop":{"background-color":"","background-image":"","background-repeat":"repeat","background-position":"center center","background-size":"auto","background-attachment":"scroll","background-type":"","background-media":"","overlay-type":"","overlay-color":"","overlay-opacity":"","overlay-gradient":""},"tablet":{"background-color":"","background-image":"","background-repeat":"repeat","background-position":"center center","background-size":"auto","background-attachment":"scroll","background-type":"","background-media":"","overlay-type":"","overlay-color":"","overlay-opacity":"","overlay-gradient":""},"mobile":{"background-color":"","background-image":"","background-repeat":"repeat","background-position":"center center","background-size":"auto","background-attachment":"scroll","background-type":"","background-media":"","overlay-type":"","overlay-color":"","overlay-opacity":"","overlay-gradient":""}},"ast-content-background-meta":{"desktop":{"background-color":"var(--ast-global-color-5)","background-image":"","background-repeat":"repeat","background-position":"center center","background-size":"auto","background-attachment":"scroll","background-type":"","background-media":"","overlay-type":"","overlay-color":"","overlay-opacity":"","overlay-gradient":""},"tablet":{"background-color":"var(--ast-global-color-5)","background-image":"","background-repeat":"repeat","background-position":"center center","background-size":"auto","background-attachment":"scroll","background-type":"","background-media":"","overlay-type":"","overlay-color":"","overlay-opacity":"","overlay-gradient":""},"mobile":{"background-color":"var(--ast-global-color-5)","background-image":"","background-repeat":"repeat","background-position":"center center","background-size":"auto","background-attachment":"scroll","background-type":"","background-media":"","overlay-type":"","overlay-color":"","overlay-opacity":"","overlay-gradient":""}}},"product_brand":[],"product_cat":[1987],"product_tag":[2048,1985,2035,2034],"class_list":{"0":"post-16877","1":"product","2":"type-product","3":"status-publish","4":"has-post-thumbnail","6":"product_cat-gnojiva","7":"product_tag-gliste","8":"product_tag-gnojivo","9":"product_tag-podloga","10":"product_tag-vrt-hr","11":"product_shipping_class-osobno-preuzimanje","12":"desktop-align-left","13":"tablet-align-left","14":"mobile-align-left","15":"ast-product-gallery-layout-horizontal","16":"ast-product-tabs-layout-horizontal","17":"ast-qv-on-image","19":"first","20":"instock","21":"taxable","22":"shipping-taxable","23":"purchasable","24":"product-type-simple"},"aioseo_notices":[],"_links":{"self":[{"href":"https:\/\/flanca.si\/hr\/wp-json\/wp\/v2\/product\/16877","targetHints":{"allow":["GET"]}}],"collection":[{"href":"https:\/\/flanca.si\/hr\/wp-json\/wp\/v2\/product"}],"about":[{"href":"https:\/\/flanca.si\/hr\/wp-json\/wp\/v2\/types\/product"}],"wp:featuredmedia":[{"embeddable":true,"href":"https:\/\/flanca.si\/hr\/wp-json\/wp\/v2\/media\/22714"}],"wp:attachment":[{"href":"https:\/\/flanca.si\/hr\/wp-json\/wp\/v2\/media?parent=16877"}],"wp:term":[{"taxonomy":"product_brand","embeddable":true,"href":"https:\/\/flanca.si\/hr\/wp-json\/wp\/v2\/product_brand?post=16877"},{"taxonomy":"product_cat","embeddable":true,"href":"https:\/\/flanca.si\/hr\/wp-json\/wp\/v2\/product_cat?post=16877"},{"taxonomy":"product_tag","embeddable":true,"href":"https:\/\/flanca.si\/hr\/wp-json\/wp\/v2\/product_tag?post=16877"}],"curies":[{"name":"wp","href":"https:\/\/api.w.org\/{rel}","templated":true}]}}