{"id":16832,"date":"2020-05-29T08:28:28","date_gmt":"2020-05-29T06:28:28","guid":{"rendered":"https:\/\/flanca.si\/izdelek\/glava-kelja\/"},"modified":"2020-05-29T08:28:28","modified_gmt":"2020-05-29T06:28:28","slug":"glava-kelja","status":"publish","type":"product","link":"https:\/\/flanca.si\/hr\/proizvod\/glava-kelja\/","title":{"rendered":"Glava kelja"},"content":{"rendered":"<p>Jedna od vrsta kelja koja se mo\u017ee saditi u va\u0161em vrtu ve\u0107 u mjesecu o\u017eujku. Za proljetni uzgoj sadnice se sade krajem mjeseca o\u017eujka, po\u010detkom mjeseca travnja. Dok se sadnice za kasnojesenski plod preporu\u010duje saditi krajem lipnja, po\u010detkom srpnja. Postupnom sadnjom glavne klice mo\u017eemo imati na raspolaganju od ljeta do po\u010detka sljede\u0107e godine. Na prvom mrazu glave postaju jo\u0161 ukusnije. Kelj pripada izuzetno zdravom povr\u0107u. Bogat je izvor kalija i drugih minerala.  <\/p>\n","protected":false},"excerpt":{"rendered":"<ul>\n<li>Sli\u010dna upotreba kupusu<\/li>\n<li>oblikuje glavu<\/li>\n<li>Proljetni i jesenski uzgoj<\/li>\n<li>izuzetno zdravo povr\u0107e<\/li>\n<li>bogat izvor kalija i drugih minerala<\/li>\n<\/ul>\n<h4><strong>Pakirano za 9 sadnica!<\/strong><\/h4>\n","protected":false},"featured_media":16834,"template":"","meta":{"site-sidebar-layout":"default","site-content-layout":"default","ast-site-content-layout":"default","site-content-style":"default","site-sidebar-style":"default","ast-global-header-display":"","ast-banner-title-visibility":"","ast-main-header-display":"","ast-hfb-above-header-display":"","ast-hfb-below-header-display":"","ast-hfb-mobile-header-display":"","site-post-title":"","ast-breadcrumbs-content":"","ast-featured-img":"","footer-sml-layout":"","ast-disable-related-posts":"","theme-transparent-header-meta":"default","adv-header-id-meta":"","stick-header-meta":"default","header-above-stick-meta":"","header-main-stick-meta":"","header-below-stick-meta":"","astra-migrate-meta-layouts":"default","ast-page-background-enabled":"default","ast-page-background-meta":{"desktop":{"background-color":"","background-image":"","background-repeat":"repeat","background-position":"center center","background-size":"auto","background-attachment":"scroll","background-type":"","background-media":"","overlay-type":"","overlay-color":"","overlay-opacity":"","overlay-gradient":""},"tablet":{"background-color":"","background-image":"","background-repeat":"repeat","background-position":"center center","background-size":"auto","background-attachment":"scroll","background-type":"","background-media":"","overlay-type":"","overlay-color":"","overlay-opacity":"","overlay-gradient":""},"mobile":{"background-color":"","background-image":"","background-repeat":"repeat","background-position":"center center","background-size":"auto","background-attachment":"scroll","background-type":"","background-media":"","overlay-type":"","overlay-color":"","overlay-opacity":"","overlay-gradient":""}},"ast-content-background-meta":{"desktop":{"background-color":"var(--ast-global-color-5)","background-image":"","background-repeat":"repeat","background-position":"center center","background-size":"auto","background-attachment":"scroll","background-type":"","background-media":"","overlay-type":"","overlay-color":"","overlay-opacity":"","overlay-gradient":""},"tablet":{"background-color":"var(--ast-global-color-5)","background-image":"","background-repeat":"repeat","background-position":"center center","background-size":"auto","background-attachment":"scroll","background-type":"","background-media":"","overlay-type":"","overlay-color":"","overlay-opacity":"","overlay-gradient":""},"mobile":{"background-color":"var(--ast-global-color-5)","background-image":"","background-repeat":"repeat","background-position":"center center","background-size":"auto","background-attachment":"scroll","background-type":"","background-media":"","overlay-type":"","overlay-color":"","overlay-opacity":"","overlay-gradient":""}}},"product_brand":[],"product_cat":[1691],"product_tag":[1601,1700,1694,1609,1771],"class_list":{"0":"post-16832","1":"product","2":"type-product","3":"status-publish","4":"has-post-thumbnail","6":"product_cat-kupusnjace","7":"product_tag-jesen-hr","8":"product_tag-kelj","9":"product_tag-kupus","10":"product_tag-ljeto","11":"product_tag-vitamini-hr","12":"desktop-align-left","13":"tablet-align-left","14":"mobile-align-left","15":"ast-product-gallery-layout-horizontal","16":"ast-product-tabs-layout-horizontal","17":"ast-qv-on-image","19":"first","20":"instock","21":"taxable","22":"shipping-taxable","23":"purchasable","24":"product-type-simple"},"aioseo_notices":[],"_links":{"self":[{"href":"https:\/\/flanca.si\/hr\/wp-json\/wp\/v2\/product\/16832","targetHints":{"allow":["GET"]}}],"collection":[{"href":"https:\/\/flanca.si\/hr\/wp-json\/wp\/v2\/product"}],"about":[{"href":"https:\/\/flanca.si\/hr\/wp-json\/wp\/v2\/types\/product"}],"wp:featuredmedia":[{"embeddable":true,"href":"https:\/\/flanca.si\/hr\/wp-json\/wp\/v2\/media\/16834"}],"wp:attachment":[{"href":"https:\/\/flanca.si\/hr\/wp-json\/wp\/v2\/media?parent=16832"}],"wp:term":[{"taxonomy":"product_brand","embeddable":true,"href":"https:\/\/flanca.si\/hr\/wp-json\/wp\/v2\/product_brand?post=16832"},{"taxonomy":"product_cat","embeddable":true,"href":"https:\/\/flanca.si\/hr\/wp-json\/wp\/v2\/product_cat?post=16832"},{"taxonomy":"product_tag","embeddable":true,"href":"https:\/\/flanca.si\/hr\/wp-json\/wp\/v2\/product_tag?post=16832"}],"curies":[{"name":"wp","href":"https:\/\/api.w.org\/{rel}","templated":true}]}}