{"id":16828,"date":"2020-05-22T12:24:22","date_gmt":"2020-05-22T10:24:22","guid":{"rendered":"https:\/\/flanca.si\/izdelek\/penstemon-h-crveni-soj\/"},"modified":"2020-05-22T12:24:22","modified_gmt":"2020-05-22T10:24:22","slug":"penstemon-h-crveni-soj","status":"publish","type":"product","link":"https:\/\/flanca.si\/hr\/proizvod\/penstemon-h-crveni-soj\/","title":{"rendered":"Penstemon H. Crveni soj"},"content":{"rendered":"<p>Penstemon &#8220;Husker Red Strain&#8221; je srednje velika, uspravna, djelomi\u010dno listopadna vi\u0161egodi\u0161nja biljka. Stabljike su tamnozelene s tamnocrvenom nijansom. Listovi usko kopljasti, sjajni, tamnozeleni. Cvate u uspravnim klasovima s cjevastim cvjetovima u obliku usta u bijeloj boji. Cvjetovi se pojavljuju od srpnja do kolovoza. Privla\u010di mnoge leptire, p\u010dele i druge korisne insekte. Raste u prosje\u010dnom, suhom do umjereno vla\u017enom, dobro dreniranom tlu na punom suncu. Ne sadi se na vla\u017enim, slabo dreniranim tlima. Puno sunce dodatno &#8220;uljep\u0161ava&#8221; boju li\u0161\u0107a. Koristi se za sadnju cvjetnih gredica. Cvjetovi su korisni i za rezano cvije\u0107e.     <\/p>\n","protected":false},"excerpt":{"rendered":"<ul>\n<li><em>Penstemon digitalis<\/em><\/li>\n<li>visoka trajnica<\/li>\n<li>cvjetnjaci, kamenjari, rubovi staza,&#8230;<\/li>\n<li>Korisno i kao rezano cvije\u0107e<\/li>\n<li>cvjeta sredinom ljeta<\/li>\n<\/ul>\n<h4><strong>Pakirana 1 sadnica odjednom!<\/strong><\/h4>\n","protected":false},"featured_media":16830,"template":"","meta":{"site-sidebar-layout":"default","site-content-layout":"default","ast-site-content-layout":"default","site-content-style":"default","site-sidebar-style":"default","ast-global-header-display":"","ast-banner-title-visibility":"","ast-main-header-display":"","ast-hfb-above-header-display":"","ast-hfb-below-header-display":"","ast-hfb-mobile-header-display":"","site-post-title":"","ast-breadcrumbs-content":"","ast-featured-img":"","footer-sml-layout":"","ast-disable-related-posts":"","theme-transparent-header-meta":"default","adv-header-id-meta":"","stick-header-meta":"default","header-above-stick-meta":"","header-main-stick-meta":"","header-below-stick-meta":"","astra-migrate-meta-layouts":"default","ast-page-background-enabled":"default","ast-page-background-meta":{"desktop":{"background-color":"","background-image":"","background-repeat":"repeat","background-position":"center center","background-size":"auto","background-attachment":"scroll","background-type":"","background-media":"","overlay-type":"","overlay-color":"","overlay-opacity":"","overlay-gradient":""},"tablet":{"background-color":"","background-image":"","background-repeat":"repeat","background-position":"center center","background-size":"auto","background-attachment":"scroll","background-type":"","background-media":"","overlay-type":"","overlay-color":"","overlay-opacity":"","overlay-gradient":""},"mobile":{"background-color":"","background-image":"","background-repeat":"repeat","background-position":"center center","background-size":"auto","background-attachment":"scroll","background-type":"","background-media":"","overlay-type":"","overlay-color":"","overlay-opacity":"","overlay-gradient":""}},"ast-content-background-meta":{"desktop":{"background-color":"var(--ast-global-color-5)","background-image":"","background-repeat":"repeat","background-position":"center center","background-size":"auto","background-attachment":"scroll","background-type":"","background-media":"","overlay-type":"","overlay-color":"","overlay-opacity":"","overlay-gradient":""},"tablet":{"background-color":"var(--ast-global-color-5)","background-image":"","background-repeat":"repeat","background-position":"center center","background-size":"auto","background-attachment":"scroll","background-type":"","background-media":"","overlay-type":"","overlay-color":"","overlay-opacity":"","overlay-gradient":""},"mobile":{"background-color":"var(--ast-global-color-5)","background-image":"","background-repeat":"repeat","background-position":"center center","background-size":"auto","background-attachment":"scroll","background-type":"","background-media":"","overlay-type":"","overlay-color":"","overlay-opacity":"","overlay-gradient":""}}},"product_brand":[],"product_cat":[1856],"product_tag":[1869,1852],"class_list":{"0":"post-16828","1":"product","2":"type-product","3":"status-publish","4":"has-post-thumbnail","6":"product_cat-biljke-za-rezano-cvijece","7":"product_tag-cvjetnjaci","8":"product_tag-rezano-cvijece","9":"desktop-align-left","10":"tablet-align-left","11":"mobile-align-left","12":"ast-product-gallery-layout-horizontal","13":"ast-product-tabs-layout-horizontal","14":"ast-qv-on-image","16":"first","17":"outofstock","18":"taxable","19":"shipping-taxable","20":"purchasable","21":"product-type-simple"},"aioseo_notices":[],"_links":{"self":[{"href":"https:\/\/flanca.si\/hr\/wp-json\/wp\/v2\/product\/16828","targetHints":{"allow":["GET"]}}],"collection":[{"href":"https:\/\/flanca.si\/hr\/wp-json\/wp\/v2\/product"}],"about":[{"href":"https:\/\/flanca.si\/hr\/wp-json\/wp\/v2\/types\/product"}],"wp:featuredmedia":[{"embeddable":true,"href":"https:\/\/flanca.si\/hr\/wp-json\/wp\/v2\/media\/16830"}],"wp:attachment":[{"href":"https:\/\/flanca.si\/hr\/wp-json\/wp\/v2\/media?parent=16828"}],"wp:term":[{"taxonomy":"product_brand","embeddable":true,"href":"https:\/\/flanca.si\/hr\/wp-json\/wp\/v2\/product_brand?post=16828"},{"taxonomy":"product_cat","embeddable":true,"href":"https:\/\/flanca.si\/hr\/wp-json\/wp\/v2\/product_cat?post=16828"},{"taxonomy":"product_tag","embeddable":true,"href":"https:\/\/flanca.si\/hr\/wp-json\/wp\/v2\/product_tag?post=16828"}],"curies":[{"name":"wp","href":"https:\/\/api.w.org\/{rel}","templated":true}]}}