{"id":16827,"date":"2020-06-10T13:52:27","date_gmt":"2020-06-10T11:52:27","guid":{"rendered":"https:\/\/flanca.si\/izdelek\/ferramol-mamac-za-suzbijanje-puzeva\/"},"modified":"2020-06-10T13:52:27","modified_gmt":"2020-06-10T11:52:27","slug":"ferramol-mamac-za-suzbijanje-puzeva","status":"publish","type":"product","link":"https:\/\/flanca.si\/hr\/proizvod\/ferramol-mamac-za-suzbijanje-puzeva\/","title":{"rendered":"Ferramol &#8211; mamac za suzbijanje pu\u017eeva"},"content":{"rendered":"<p>Mamac za suzbijanje pu\u017eeva u obliku sitnih granula, koji se koristi za za\u0161titu povr\u0107a i ukrasnog bilja. Ferramol djeluje na bazi spoja \u017eeljeza koji se tako\u0111er nalazi u prirodi. Djeluje protiv pu\u017eeva na povr\u0107u, jagodama i ukrasnom bilju i nema sigurnosno razdoblje \u010dekanja (karencija). Ferramol granule treba ravnomjerno posipati po povr\u0161ini. Zrna plavog ferramola vrlo su privla\u010dna svim &#8220;golim&#8221; pu\u017eevima i brzo ih mame iz skrovi\u0161ta. Nakon \u0161to pojedu granule, pu\u017eevi gube potrebu za hranjenjem i vra\u0107aju se u svoja skrovi\u0161ta, gdje umiru. Preporu\u010dena upotreba je nave\u010der, kada pu\u017eevi puze iz svojih skrovi\u0161ta. Sredstvo je izuzetno otporno na ki\u0161u. Nije toksi\u010dan za pse i ma\u010dke i ne \u0161teti glisama, p\u010delama i drugim korisnim organizmima. <\/p>\n","protected":false},"excerpt":{"rendered":"<ul>\n<li>mamac za suzbijanje pu\u017eeva<\/li>\n<li>Djeluje na bazi \u017eeljeznog spoja<\/li>\n<li>bezopasan za druge \u017eivotinje<\/li>\n<li>izuzetno otporan na ki\u0161u<\/li>\n<li>bez sigurnosnog roka \u010dekanja &#8211; karencije<\/li>\n<\/ul>\n<h4><strong>Pakirano u 500g (1kom)!<\/strong><\/h4>\n","protected":false},"featured_media":16829,"template":"","meta":{"site-sidebar-layout":"default","site-content-layout":"default","ast-site-content-layout":"default","site-content-style":"default","site-sidebar-style":"default","ast-global-header-display":"","ast-banner-title-visibility":"","ast-main-header-display":"","ast-hfb-above-header-display":"","ast-hfb-below-header-display":"","ast-hfb-mobile-header-display":"","site-post-title":"","ast-breadcrumbs-content":"","ast-featured-img":"","footer-sml-layout":"","ast-disable-related-posts":"","theme-transparent-header-meta":"default","adv-header-id-meta":"","stick-header-meta":"default","header-above-stick-meta":"","header-main-stick-meta":"","header-below-stick-meta":"","astra-migrate-meta-layouts":"default","ast-page-background-enabled":"default","ast-page-background-meta":{"desktop":{"background-color":"","background-image":"","background-repeat":"repeat","background-position":"center center","background-size":"auto","background-attachment":"scroll","background-type":"","background-media":"","overlay-type":"","overlay-color":"","overlay-opacity":"","overlay-gradient":""},"tablet":{"background-color":"","background-image":"","background-repeat":"repeat","background-position":"center center","background-size":"auto","background-attachment":"scroll","background-type":"","background-media":"","overlay-type":"","overlay-color":"","overlay-opacity":"","overlay-gradient":""},"mobile":{"background-color":"","background-image":"","background-repeat":"repeat","background-position":"center center","background-size":"auto","background-attachment":"scroll","background-type":"","background-media":"","overlay-type":"","overlay-color":"","overlay-opacity":"","overlay-gradient":""}},"ast-content-background-meta":{"desktop":{"background-color":"var(--ast-global-color-5)","background-image":"","background-repeat":"repeat","background-position":"center center","background-size":"auto","background-attachment":"scroll","background-type":"","background-media":"","overlay-type":"","overlay-color":"","overlay-opacity":"","overlay-gradient":""},"tablet":{"background-color":"var(--ast-global-color-5)","background-image":"","background-repeat":"repeat","background-position":"center center","background-size":"auto","background-attachment":"scroll","background-type":"","background-media":"","overlay-type":"","overlay-color":"","overlay-opacity":"","overlay-gradient":""},"mobile":{"background-color":"var(--ast-global-color-5)","background-image":"","background-repeat":"repeat","background-position":"center center","background-size":"auto","background-attachment":"scroll","background-type":"","background-media":"","overlay-type":"","overlay-color":"","overlay-opacity":"","overlay-gradient":""}}},"product_brand":[],"product_cat":[1979],"product_tag":[2029,2028,1980,2031,2030],"class_list":{"0":"post-16827","1":"product","2":"type-product","3":"status-publish","4":"has-post-thumbnail","6":"product_cat-prirodna-zastita-bilja","7":"product_tag-ferramol-hr","8":"product_tag-limacid-hr","9":"product_tag-prirodna-zastita-vrtova","10":"product_tag-puzevi","11":"product_tag-zaustavite-puzeve","12":"desktop-align-left","13":"tablet-align-left","14":"mobile-align-left","15":"ast-product-gallery-layout-horizontal","16":"ast-product-gallery-with-no-image","17":"ast-product-tabs-layout-horizontal","18":"ast-qv-on-image","20":"first","21":"outofstock","22":"taxable","23":"shipping-taxable","24":"purchasable","25":"product-type-simple"},"aioseo_notices":[],"_links":{"self":[{"href":"https:\/\/flanca.si\/hr\/wp-json\/wp\/v2\/product\/16827","targetHints":{"allow":["GET"]}}],"collection":[{"href":"https:\/\/flanca.si\/hr\/wp-json\/wp\/v2\/product"}],"about":[{"href":"https:\/\/flanca.si\/hr\/wp-json\/wp\/v2\/types\/product"}],"wp:featuredmedia":[{"embeddable":true,"href":"https:\/\/flanca.si\/hr\/wp-json\/wp\/v2\/media\/16829"}],"wp:attachment":[{"href":"https:\/\/flanca.si\/hr\/wp-json\/wp\/v2\/media?parent=16827"}],"wp:term":[{"taxonomy":"product_brand","embeddable":true,"href":"https:\/\/flanca.si\/hr\/wp-json\/wp\/v2\/product_brand?post=16827"},{"taxonomy":"product_cat","embeddable":true,"href":"https:\/\/flanca.si\/hr\/wp-json\/wp\/v2\/product_cat?post=16827"},{"taxonomy":"product_tag","embeddable":true,"href":"https:\/\/flanca.si\/hr\/wp-json\/wp\/v2\/product_tag?post=16827"}],"curies":[{"name":"wp","href":"https:\/\/api.w.org\/{rel}","templated":true}]}}