{"id":16822,"date":"2020-06-10T15:01:36","date_gmt":"2020-06-10T13:01:36","guid":{"rendered":"https:\/\/flanca.si\/izdelek\/neudorff-gnojivo-za-rajcice-i-povrce-1-l\/"},"modified":"2020-06-10T15:01:36","modified_gmt":"2020-06-10T13:01:36","slug":"neudorff-gnojivo-za-rajcice-i-povrce-1-l","status":"publish","type":"product","link":"https:\/\/flanca.si\/hr\/proizvod\/neudorff-gnojivo-za-rajcice-i-povrce-1-l\/","title":{"rendered":"Neudorff, gnojivo za raj\u010dice i povr\u0107e, 1 l"},"content":{"rendered":"<p>Teku\u0107e slo\u017eeno organsko gnojivo izra\u0111eno je od organskih sirovina biljnog podrijetla. Sastav gnojiva osigurava kvalitetan rast i razvoj raj\u010dice. Teku\u0107a slo\u017eena gnojiva, s druge strane, sadr\u017ee 3% du\u0161ika, 1% fosfora u obliku P2O5 topljivog u vodi, 5% kalija u obliku K2O topljivog u vodi. Osim toga, gnojivo sadr\u017ei 1,5% sekundarnog hranjivog natrija i 1% sekundarnog hranjivog sumpora tako\u0111er topljivog u vodi. Gnojivo sadr\u017ei 45% organske tvari. 1 litra vode pomije\u0161a se s 10 ml gnojiva. Sadr\u017eaj pakiranja dovoljan je za 100 l gnojidbene teku\u0107ine. Preporu\u010duje se gnojidba jednom tjedno. Gnojivo se mo\u017ee primjenjivati od mjeseca travnja do rujna. <\/p>\n","protected":false},"excerpt":{"rendered":"<ul>\n<li>Teku\u0107e slo\u017eeno organsko gnojivo<\/li>\n<li>sirovine biljnog podrijetla<\/li>\n<li>makro i mikro nutrijenti<\/li>\n<li>10 ml gnojiva na 1 l vode<\/li>\n<li>Koristite tijekom cijele vegetacijske sezone<\/li>\n<\/ul>\n<h4><strong>Pakirano u 1 litru svaki!<\/strong><\/h4>\n","protected":false},"featured_media":16824,"template":"","meta":{"site-sidebar-layout":"default","site-content-layout":"default","ast-site-content-layout":"default","site-content-style":"default","site-sidebar-style":"default","ast-global-header-display":"","ast-banner-title-visibility":"","ast-main-header-display":"","ast-hfb-above-header-display":"","ast-hfb-below-header-display":"","ast-hfb-mobile-header-display":"","site-post-title":"","ast-breadcrumbs-content":"","ast-featured-img":"","footer-sml-layout":"","ast-disable-related-posts":"","theme-transparent-header-meta":"default","adv-header-id-meta":"","stick-header-meta":"default","header-above-stick-meta":"","header-main-stick-meta":"","header-below-stick-meta":"","astra-migrate-meta-layouts":"default","ast-page-background-enabled":"default","ast-page-background-meta":{"desktop":{"background-color":"","background-image":"","background-repeat":"repeat","background-position":"center center","background-size":"auto","background-attachment":"scroll","background-type":"","background-media":"","overlay-type":"","overlay-color":"","overlay-opacity":"","overlay-gradient":""},"tablet":{"background-color":"","background-image":"","background-repeat":"repeat","background-position":"center center","background-size":"auto","background-attachment":"scroll","background-type":"","background-media":"","overlay-type":"","overlay-color":"","overlay-opacity":"","overlay-gradient":""},"mobile":{"background-color":"","background-image":"","background-repeat":"repeat","background-position":"center center","background-size":"auto","background-attachment":"scroll","background-type":"","background-media":"","overlay-type":"","overlay-color":"","overlay-opacity":"","overlay-gradient":""}},"ast-content-background-meta":{"desktop":{"background-color":"var(--ast-global-color-5)","background-image":"","background-repeat":"repeat","background-position":"center center","background-size":"auto","background-attachment":"scroll","background-type":"","background-media":"","overlay-type":"","overlay-color":"","overlay-opacity":"","overlay-gradient":""},"tablet":{"background-color":"var(--ast-global-color-5)","background-image":"","background-repeat":"repeat","background-position":"center center","background-size":"auto","background-attachment":"scroll","background-type":"","background-media":"","overlay-type":"","overlay-color":"","overlay-opacity":"","overlay-gradient":""},"mobile":{"background-color":"var(--ast-global-color-5)","background-image":"","background-repeat":"repeat","background-position":"center center","background-size":"auto","background-attachment":"scroll","background-type":"","background-media":"","overlay-type":"","overlay-color":"","overlay-opacity":"","overlay-gradient":""}}},"product_brand":[],"product_cat":[1987],"product_tag":[2027,1985,1677,2026,1634],"class_list":{"0":"post-16822","1":"product","2":"type-product","3":"status-publish","4":"has-post-thumbnail","6":"product_cat-gnojiva","7":"product_tag-ekolosko-gnojivo","8":"product_tag-gnojivo","9":"product_tag-povrce","10":"product_tag-prirodan","11":"product_tag-rajcice","12":"desktop-align-left","13":"tablet-align-left","14":"mobile-align-left","15":"ast-product-gallery-layout-horizontal","16":"ast-product-gallery-with-no-image","17":"ast-product-tabs-layout-horizontal","18":"ast-qv-on-image","20":"first","21":"outofstock","22":"taxable","23":"shipping-taxable","24":"purchasable","25":"product-type-simple"},"aioseo_notices":[],"_links":{"self":[{"href":"https:\/\/flanca.si\/hr\/wp-json\/wp\/v2\/product\/16822","targetHints":{"allow":["GET"]}}],"collection":[{"href":"https:\/\/flanca.si\/hr\/wp-json\/wp\/v2\/product"}],"about":[{"href":"https:\/\/flanca.si\/hr\/wp-json\/wp\/v2\/types\/product"}],"wp:featuredmedia":[{"embeddable":true,"href":"https:\/\/flanca.si\/hr\/wp-json\/wp\/v2\/media\/16824"}],"wp:attachment":[{"href":"https:\/\/flanca.si\/hr\/wp-json\/wp\/v2\/media?parent=16822"}],"wp:term":[{"taxonomy":"product_brand","embeddable":true,"href":"https:\/\/flanca.si\/hr\/wp-json\/wp\/v2\/product_brand?post=16822"},{"taxonomy":"product_cat","embeddable":true,"href":"https:\/\/flanca.si\/hr\/wp-json\/wp\/v2\/product_cat?post=16822"},{"taxonomy":"product_tag","embeddable":true,"href":"https:\/\/flanca.si\/hr\/wp-json\/wp\/v2\/product_tag?post=16822"}],"curies":[{"name":"wp","href":"https:\/\/api.w.org\/{rel}","templated":true}]}}