{"id":16791,"date":"2020-06-17T15:06:14","date_gmt":"2020-06-17T13:06:14","guid":{"rendered":"https:\/\/flanca.si\/izdelek\/naslovnica-smreke-wiltonii\/"},"modified":"2020-06-17T15:06:14","modified_gmt":"2020-06-17T13:06:14","slug":"naslovnica-smreke-wiltonii","status":"publish","type":"product","link":"https:\/\/flanca.si\/hr\/proizvod\/naslovnica-smreke-wiltonii\/","title":{"rendered":"Naslovnica smreke &#8216;Wiltonii&#8217;"},"content":{"rendered":"<p>Juniperus horizontalis &#8216;Wiltonii&#8217;, poznat i kao puzava smreka &#8216;Wiltonii&#8217; ili plavi tepih, popularna je zimzelena biljka cijenjena zbog svoje niske i ra\u0161irene navike. Biljka tvori gusti tepih plavo-srebrnih iglica koje ostaju atraktivne tijekom cijele godine. Dosti\u017ee visinu od samo 10-15 centimetara, ali se prote\u017ee do 2-3 metra \u0161irine, \u0161to ga \u010dini idealnim za pokrivanje tla. Briga za Juniperus horizontalis &#8216;Wiltonii&#8217; je jednostavna. Biljka uspijeva na punom suncu i podnosi razne vrste tla, sve dok su dobro drenirane. Vrlo je otporan na su\u0161u, \u0161to ga \u010dini pogodnim za su\u0161na podru\u010dja i kamenjare. Zalijevanje je potrebno samo u prvoj godini nakon sadnje, dok biljka ne pusti korijenje. Obrezivanje nije potrebno, ali se mo\u017ee u\u010diniti kako bi se odr\u017eao \u017eeljeni oblik i veli\u010dina. Upotreba Juniperus horizontalis &#8216;Wiltonii&#8217; je svestrana. Idealan je za pokrivanje tla, prevenciju erozije, sadnju u kamenjarima i na padinama. Njegov kratki rast i \u0161irenje stvaraju prekrasnu teksturu i kontrast boja u vrtovima. Osim toga, &#8216;Wiltonii&#8217; je izvrstan izbor za sadnju u ve\u0107e posude ili kao dio planta\u017ea ukrasnog grmlja. Njegova trajnost i estetska vrijednost \u010dine ga popularnim izborom za krajobrazne arhitekte i vrtlare.  <\/p>\n","protected":false},"excerpt":{"rendered":"<ul>\n<li>Juniperus horizontalis &#8216;Wiltonii&#8217;<\/li>\n<li>Podna obloga<\/li>\n<li>srebrno plava boja iglica<\/li>\n<li>pogodno za kombinaciju s drugim biljkama<\/li>\n<li>za urbane sredine<\/li>\n<li>Visina i rast nastaju rezanjem<\/li>\n<li>Visina sadnice: 10 cm<\/li>\n<\/ul>\n<h4><strong>Pakirana 1 sadnica odjednom!<\/strong><\/h4>\n","protected":false},"featured_media":16794,"template":"","meta":{"site-sidebar-layout":"default","site-content-layout":"default","ast-site-content-layout":"default","site-content-style":"default","site-sidebar-style":"default","ast-global-header-display":"","ast-banner-title-visibility":"","ast-main-header-display":"","ast-hfb-above-header-display":"","ast-hfb-below-header-display":"","ast-hfb-mobile-header-display":"","site-post-title":"","ast-breadcrumbs-content":"","ast-featured-img":"","footer-sml-layout":"","ast-disable-related-posts":"","theme-transparent-header-meta":"default","adv-header-id-meta":"","stick-header-meta":"default","header-above-stick-meta":"","header-main-stick-meta":"","header-below-stick-meta":"","astra-migrate-meta-layouts":"default","ast-page-background-enabled":"default","ast-page-background-meta":{"desktop":{"background-color":"","background-image":"","background-repeat":"repeat","background-position":"center center","background-size":"auto","background-attachment":"scroll","background-type":"","background-media":"","overlay-type":"","overlay-color":"","overlay-opacity":"","overlay-gradient":""},"tablet":{"background-color":"","background-image":"","background-repeat":"repeat","background-position":"center center","background-size":"auto","background-attachment":"scroll","background-type":"","background-media":"","overlay-type":"","overlay-color":"","overlay-opacity":"","overlay-gradient":""},"mobile":{"background-color":"","background-image":"","background-repeat":"repeat","background-position":"center center","background-size":"auto","background-attachment":"scroll","background-type":"","background-media":"","overlay-type":"","overlay-color":"","overlay-opacity":"","overlay-gradient":""}},"ast-content-background-meta":{"desktop":{"background-color":"var(--ast-global-color-5)","background-image":"","background-repeat":"repeat","background-position":"center center","background-size":"auto","background-attachment":"scroll","background-type":"","background-media":"","overlay-type":"","overlay-color":"","overlay-opacity":"","overlay-gradient":""},"tablet":{"background-color":"var(--ast-global-color-5)","background-image":"","background-repeat":"repeat","background-position":"center center","background-size":"auto","background-attachment":"scroll","background-type":"","background-media":"","overlay-type":"","overlay-color":"","overlay-opacity":"","overlay-gradient":""},"mobile":{"background-color":"var(--ast-global-color-5)","background-image":"","background-repeat":"repeat","background-position":"center center","background-size":"auto","background-attachment":"scroll","background-type":"","background-media":"","overlay-type":"","overlay-color":"","overlay-opacity":"","overlay-gradient":""}}},"product_brand":[],"product_cat":[1916],"product_tag":[1837,1829],"class_list":{"0":"post-16791","1":"product","2":"type-product","3":"status-publish","4":"has-post-thumbnail","6":"product_cat-grmlje-i-drvece","7":"product_tag-dekorativne-grede","8":"product_tag-kamenjari","9":"desktop-align-left","10":"tablet-align-left","11":"mobile-align-left","12":"ast-product-gallery-layout-horizontal","13":"ast-product-tabs-layout-horizontal","14":"ast-qv-on-image","16":"first","17":"instock","18":"taxable","19":"shipping-taxable","20":"purchasable","21":"product-type-simple"},"aioseo_notices":[],"_links":{"self":[{"href":"https:\/\/flanca.si\/hr\/wp-json\/wp\/v2\/product\/16791","targetHints":{"allow":["GET"]}}],"collection":[{"href":"https:\/\/flanca.si\/hr\/wp-json\/wp\/v2\/product"}],"about":[{"href":"https:\/\/flanca.si\/hr\/wp-json\/wp\/v2\/types\/product"}],"wp:featuredmedia":[{"embeddable":true,"href":"https:\/\/flanca.si\/hr\/wp-json\/wp\/v2\/media\/16794"}],"wp:attachment":[{"href":"https:\/\/flanca.si\/hr\/wp-json\/wp\/v2\/media?parent=16791"}],"wp:term":[{"taxonomy":"product_brand","embeddable":true,"href":"https:\/\/flanca.si\/hr\/wp-json\/wp\/v2\/product_brand?post=16791"},{"taxonomy":"product_cat","embeddable":true,"href":"https:\/\/flanca.si\/hr\/wp-json\/wp\/v2\/product_cat?post=16791"},{"taxonomy":"product_tag","embeddable":true,"href":"https:\/\/flanca.si\/hr\/wp-json\/wp\/v2\/product_tag?post=16791"}],"curies":[{"name":"wp","href":"https:\/\/api.w.org\/{rel}","templated":true}]}}