{"id":16784,"date":"2020-06-17T15:16:32","date_gmt":"2020-06-17T13:16:32","guid":{"rendered":"https:\/\/flanca.si\/izdelek\/tisa-hillii-taxus-media-bez-voca\/"},"modified":"2025-01-20T10:56:37","modified_gmt":"2025-01-20T09:56:37","slug":"tisa-hillii-taxus-media-bez-voca","status":"publish","type":"product","link":"https:\/\/flanca.si\/hr\/proizvod\/tisa-hillii-taxus-media-bez-voca\/","title":{"rendered":"Tisa &#8220;Hillii&#8221;- Taxus media (bez vo\u0107a)"},"content":{"rendered":"<p>Taxus media &#8220;Hillii&#8221; je uspravna zimzelena grmova vi\u0161egodi\u0161nja biljka. Tvori uspravnu gustu kro\u0161nju sa zatvorenim granama. Iglice su ravne, sjajne, tamnozelene, odozdo svjetlije. Budu\u0107i da su tise Hillii mu\u0161ke biljke, ne daju crvene plodove. U prosjeku naraste do 2 m visine i 1 m \u0161irine. Naraste do 35 cm godi\u0161nje. Pripada dugovje\u010dnim, izdr\u017eljivim i prilagodljivim vrstama trajnica. Najbolje uspijeva na bogatim, dobro dreniranim, umjereno vla\u017enim tlima. Dobro podnosi hladno\u0107u (do -30\u00b0C), vjetar, siroma\u0161na tla, urbani okoli\u0161 i jaku rezidbu. Pogodno za \u0161i\u0161ane \u017eivice i \u0161i\u0161ane oblike. Za gustu \u017eivicu posadite 2 do 3 sadnice po teku\u0107em metru.   <\/p>\n<p>Visina nadzemnog dijela sadnice: 15 &#8211; 20 cm<\/p>\n","protected":false},"excerpt":{"rendered":"<ul>\n<li>ne stvara vo\u0107e<\/li>\n<li>zimzelena trajnica<\/li>\n<li>grmoliki rast<\/li>\n<li>Samostalno ili kao za\u0161tita<\/li>\n<li>Neosjetljiv<\/li>\n<li>visina sadnice: 15 &#8211; 20 cm<\/li>\n<\/ul>\n<h4><strong>Pakirana 1 sadnica odjednom!<\/strong><\/h4>\n","protected":false},"featured_media":16787,"template":"","meta":{"site-sidebar-layout":"default","site-content-layout":"default","ast-site-content-layout":"default","site-content-style":"default","site-sidebar-style":"default","ast-global-header-display":"","ast-banner-title-visibility":"","ast-main-header-display":"","ast-hfb-above-header-display":"","ast-hfb-below-header-display":"","ast-hfb-mobile-header-display":"","site-post-title":"","ast-breadcrumbs-content":"","ast-featured-img":"","footer-sml-layout":"","ast-disable-related-posts":"","theme-transparent-header-meta":"default","adv-header-id-meta":"","stick-header-meta":"default","header-above-stick-meta":"","header-main-stick-meta":"","header-below-stick-meta":"","astra-migrate-meta-layouts":"default","ast-page-background-enabled":"default","ast-page-background-meta":{"desktop":{"background-color":"","background-image":"","background-repeat":"repeat","background-position":"center center","background-size":"auto","background-attachment":"scroll","background-type":"","background-media":"","overlay-type":"","overlay-color":"","overlay-opacity":"","overlay-gradient":""},"tablet":{"background-color":"","background-image":"","background-repeat":"repeat","background-position":"center center","background-size":"auto","background-attachment":"scroll","background-type":"","background-media":"","overlay-type":"","overlay-color":"","overlay-opacity":"","overlay-gradient":""},"mobile":{"background-color":"","background-image":"","background-repeat":"repeat","background-position":"center center","background-size":"auto","background-attachment":"scroll","background-type":"","background-media":"","overlay-type":"","overlay-color":"","overlay-opacity":"","overlay-gradient":""}},"ast-content-background-meta":{"desktop":{"background-color":"var(--ast-global-color-5)","background-image":"","background-repeat":"repeat","background-position":"center center","background-size":"auto","background-attachment":"scroll","background-type":"","background-media":"","overlay-type":"","overlay-color":"","overlay-opacity":"","overlay-gradient":""},"tablet":{"background-color":"var(--ast-global-color-5)","background-image":"","background-repeat":"repeat","background-position":"center center","background-size":"auto","background-attachment":"scroll","background-type":"","background-media":"","overlay-type":"","overlay-color":"","overlay-opacity":"","overlay-gradient":""},"mobile":{"background-color":"var(--ast-global-color-5)","background-image":"","background-repeat":"repeat","background-position":"center center","background-size":"auto","background-attachment":"scroll","background-type":"","background-media":"","overlay-type":"","overlay-color":"","overlay-opacity":"","overlay-gradient":""}}},"product_brand":[],"product_cat":[1936],"product_tag":[2014,1839,1838],"class_list":{"0":"post-16784","1":"product","2":"type-product","3":"status-publish","4":"has-post-thumbnail","6":"product_cat-lovorovi-ili-prunus","7":"product_tag-tisa-hr","8":"product_tag-trajnice-hr","9":"product_tag-zimzelena-trajnica-hr","10":"desktop-align-left","11":"tablet-align-left","12":"mobile-align-left","13":"ast-product-gallery-layout-horizontal","14":"ast-product-gallery-with-no-image","15":"ast-product-tabs-layout-horizontal","16":"ast-qv-on-image","18":"first","19":"outofstock","20":"taxable","21":"shipping-taxable","22":"purchasable","23":"product-type-simple"},"aioseo_notices":[],"_links":{"self":[{"href":"https:\/\/flanca.si\/hr\/wp-json\/wp\/v2\/product\/16784","targetHints":{"allow":["GET"]}}],"collection":[{"href":"https:\/\/flanca.si\/hr\/wp-json\/wp\/v2\/product"}],"about":[{"href":"https:\/\/flanca.si\/hr\/wp-json\/wp\/v2\/types\/product"}],"wp:featuredmedia":[{"embeddable":true,"href":"https:\/\/flanca.si\/hr\/wp-json\/wp\/v2\/media\/16787"}],"wp:attachment":[{"href":"https:\/\/flanca.si\/hr\/wp-json\/wp\/v2\/media?parent=16784"}],"wp:term":[{"taxonomy":"product_brand","embeddable":true,"href":"https:\/\/flanca.si\/hr\/wp-json\/wp\/v2\/product_brand?post=16784"},{"taxonomy":"product_cat","embeddable":true,"href":"https:\/\/flanca.si\/hr\/wp-json\/wp\/v2\/product_cat?post=16784"},{"taxonomy":"product_tag","embeddable":true,"href":"https:\/\/flanca.si\/hr\/wp-json\/wp\/v2\/product_tag?post=16784"}],"curies":[{"name":"wp","href":"https:\/\/api.w.org\/{rel}","templated":true}]}}