{"id":16775,"date":"2020-06-19T08:51:33","date_gmt":"2020-06-19T06:51:33","guid":{"rendered":"https:\/\/flanca.si\/izdelek\/japanski-pieris-scarlet-ohara\/"},"modified":"2020-06-19T08:51:33","modified_gmt":"2020-06-19T06:51:33","slug":"japanski-pieris-scarlet-ohara","status":"publish","type":"product","link":"https:\/\/flanca.si\/hr\/proizvod\/japanski-pieris-scarlet-ohara\/","title":{"rendered":"Japanski Pieris &#8216;Scarlet O&#8217;hara&#8217;"},"content":{"rendered":"<p>Pieris japonica &#8216;Scarlet O&#8217;Hara&#8217; zimzeleni je grm koji je poznat po svojim prekrasnim sezonskim bojama. U prolje\u0107e mladi listovi ni\u010du \u017eivopisnu crvenu boju, koja tijekom cijele sezone postupno prelazi u tamnozelenu. Osim toga, biljka daje atraktivne, grozdove bijele cvjetove koji vise poput zvona i pojavljuju se u rano prolje\u0107e, dodatno nagla\u0161avaju\u0107i njezin ukrasni izgled. Pieris japonica &#8216;Scarlet O&#8217;Hara&#8217; dose\u017ee visinu i \u0161irinu od oko 1.2 do 1.8 stopa, \u0161to ga \u010dini pogodnim za razne vrtne postavke. Uspijeva u polusjeni do sjene, preferiraju\u0107i kisela, vla\u017ena i dobro drenirana tla. Redovito zalijevanje je va\u017eno, posebno tijekom su\u0161nih razdoblja, ali ina\u010de je biljka prili\u010dno izdr\u017eljiva i nepretenciozna za odr\u017eavanje. Obrezivanje nakon cvatnje poma\u017ee u odr\u017eavanju oblika i poti\u010de bujni rast. Upotreba Pieris japonica &#8216;Scarlet O&#8217;Hara&#8217; je svestrana. Izvrstan je za upotrebu u sjenovitim granicama, kao dio mje\u0161ovitih zasada grmlja ili kao neovisni ukrasni grm. Zbog svoje otpornosti na niske temperature i atraktivne sezonske promjene, popularan je izbor za ure\u0111enje vrtova i parkova. Visina nadzemnog dijela sadnice: 20 -30 cm.  <\/p>\n","protected":false},"excerpt":{"rendered":"<ul>\n<li>Pieris japonica &#8216;Scalet O&#8217;hara&#8217;<\/li>\n<li>zimzelena trajnica<\/li>\n<li>kopljasti, \u0161areni listovi koji sezonski mijenjaju boje<\/li>\n<li>Nepretenciozan odgoj<\/li>\n<li>visina sadnice: 20 &#8211; 30 cm<\/li>\n<\/ul>\n<h4><strong>Pakirana 1 po jedna biljka!<\/strong><\/h4>\n","protected":false},"featured_media":16777,"template":"","meta":{"site-sidebar-layout":"default","site-content-layout":"default","ast-site-content-layout":"default","site-content-style":"default","site-sidebar-style":"default","ast-global-header-display":"","ast-banner-title-visibility":"","ast-main-header-display":"","ast-hfb-above-header-display":"","ast-hfb-below-header-display":"","ast-hfb-mobile-header-display":"","site-post-title":"","ast-breadcrumbs-content":"","ast-featured-img":"","footer-sml-layout":"","ast-disable-related-posts":"","theme-transparent-header-meta":"default","adv-header-id-meta":"","stick-header-meta":"default","header-above-stick-meta":"","header-main-stick-meta":"","header-below-stick-meta":"","astra-migrate-meta-layouts":"default","ast-page-background-enabled":"default","ast-page-background-meta":{"desktop":{"background-color":"","background-image":"","background-repeat":"repeat","background-position":"center center","background-size":"auto","background-attachment":"scroll","background-type":"","background-media":"","overlay-type":"","overlay-color":"","overlay-opacity":"","overlay-gradient":""},"tablet":{"background-color":"","background-image":"","background-repeat":"repeat","background-position":"center center","background-size":"auto","background-attachment":"scroll","background-type":"","background-media":"","overlay-type":"","overlay-color":"","overlay-opacity":"","overlay-gradient":""},"mobile":{"background-color":"","background-image":"","background-repeat":"repeat","background-position":"center center","background-size":"auto","background-attachment":"scroll","background-type":"","background-media":"","overlay-type":"","overlay-color":"","overlay-opacity":"","overlay-gradient":""}},"ast-content-background-meta":{"desktop":{"background-color":"var(--ast-global-color-5)","background-image":"","background-repeat":"repeat","background-position":"center center","background-size":"auto","background-attachment":"scroll","background-type":"","background-media":"","overlay-type":"","overlay-color":"","overlay-opacity":"","overlay-gradient":""},"tablet":{"background-color":"var(--ast-global-color-5)","background-image":"","background-repeat":"repeat","background-position":"center center","background-size":"auto","background-attachment":"scroll","background-type":"","background-media":"","overlay-type":"","overlay-color":"","overlay-opacity":"","overlay-gradient":""},"mobile":{"background-color":"var(--ast-global-color-5)","background-image":"","background-repeat":"repeat","background-position":"center center","background-size":"auto","background-attachment":"scroll","background-type":"","background-media":"","overlay-type":"","overlay-color":"","overlay-opacity":"","overlay-gradient":""}}},"product_brand":[],"product_cat":[1916],"product_tag":[1601,1941,1828],"class_list":{"0":"post-16775","1":"product","2":"type-product","3":"status-publish","4":"has-post-thumbnail","6":"product_cat-grmlje-i-drvece","7":"product_tag-jesen-hr","8":"product_tag-jesenske-sadnje","9":"product_tag-korita-i-cvjetnjaci","10":"desktop-align-left","11":"tablet-align-left","12":"mobile-align-left","13":"ast-product-gallery-layout-horizontal","14":"ast-product-tabs-layout-horizontal","15":"ast-qv-on-image","17":"first","18":"outofstock","19":"taxable","20":"shipping-taxable","21":"purchasable","22":"product-type-simple"},"aioseo_notices":[],"_links":{"self":[{"href":"https:\/\/flanca.si\/hr\/wp-json\/wp\/v2\/product\/16775","targetHints":{"allow":["GET"]}}],"collection":[{"href":"https:\/\/flanca.si\/hr\/wp-json\/wp\/v2\/product"}],"about":[{"href":"https:\/\/flanca.si\/hr\/wp-json\/wp\/v2\/types\/product"}],"wp:featuredmedia":[{"embeddable":true,"href":"https:\/\/flanca.si\/hr\/wp-json\/wp\/v2\/media\/16777"}],"wp:attachment":[{"href":"https:\/\/flanca.si\/hr\/wp-json\/wp\/v2\/media?parent=16775"}],"wp:term":[{"taxonomy":"product_brand","embeddable":true,"href":"https:\/\/flanca.si\/hr\/wp-json\/wp\/v2\/product_brand?post=16775"},{"taxonomy":"product_cat","embeddable":true,"href":"https:\/\/flanca.si\/hr\/wp-json\/wp\/v2\/product_cat?post=16775"},{"taxonomy":"product_tag","embeddable":true,"href":"https:\/\/flanca.si\/hr\/wp-json\/wp\/v2\/product_tag?post=16775"}],"curies":[{"name":"wp","href":"https:\/\/api.w.org\/{rel}","templated":true}]}}