{"id":16771,"date":"2020-07-10T08:33:43","date_gmt":"2020-07-10T06:33:43","guid":{"rendered":"https:\/\/flanca.si\/izdelek\/neudorff-raptol-sprej-500-ml\/"},"modified":"2020-07-10T08:33:43","modified_gmt":"2020-07-10T06:33:43","slug":"neudorff-raptol-sprej-500-ml","status":"publish","type":"product","link":"https:\/\/flanca.si\/hr\/proizvod\/neudorff-raptol-sprej-500-ml\/","title":{"rendered":"Neudorff, Raptol sprej 500 ml"},"content":{"rendered":"<p>Raptol sprej je insekticid i akaricid s kontaktnim na\u010dinom djelovanja. Pogodno za neprofesionalnu upotrebu za suzbijanje \u0161tetnih insekata i grinja na vrtovima, ukrasnim biljkama i vo\u0107kama. Djeluje protiv lisnih u\u0161i, paukovih grinja, kapara, bijelih muha i drugih insekata koji sisaju. Sredstvo se mo\u017ee koristiti u zatvorenom ili na otvorenom. U dozama koje su propisane na pakiranju sredstva. Sredstvo se koristi kod pojave \u0161tetnika na takav na\u010din da se biljka dobro navla\u017ei kad se pojavi \u0161tetnik. Preporu\u010da se koristiti ga nave\u010der ili u hladnijem dijelu dana. <\/p>\n<p>&nbsp;<\/p>\n","protected":false},"excerpt":{"rendered":"<ul>\n<li>Prirodni lijek<\/li>\n<li>Kontakt operacija<\/li>\n<li>insekticid i akaricid<\/li>\n<li>protiv lisnih u\u0161i, paukovih grinja, kapara, bijelih muha i drugih insekata koji sisaju<\/li>\n<\/ul>\n<h4><strong>Pakirano u 500ml!<\/strong><\/h4>\n","protected":false},"featured_media":16774,"template":"","meta":{"site-sidebar-layout":"default","site-content-layout":"default","ast-site-content-layout":"default","site-content-style":"default","site-sidebar-style":"default","ast-global-header-display":"","ast-banner-title-visibility":"","ast-main-header-display":"","ast-hfb-above-header-display":"","ast-hfb-below-header-display":"","ast-hfb-mobile-header-display":"","site-post-title":"","ast-breadcrumbs-content":"","ast-featured-img":"","footer-sml-layout":"","ast-disable-related-posts":"","theme-transparent-header-meta":"default","adv-header-id-meta":"","stick-header-meta":"default","header-above-stick-meta":"","header-main-stick-meta":"","header-below-stick-meta":"","astra-migrate-meta-layouts":"default","ast-page-background-enabled":"default","ast-page-background-meta":{"desktop":{"background-color":"","background-image":"","background-repeat":"repeat","background-position":"center center","background-size":"auto","background-attachment":"scroll","background-type":"","background-media":"","overlay-type":"","overlay-color":"","overlay-opacity":"","overlay-gradient":""},"tablet":{"background-color":"","background-image":"","background-repeat":"repeat","background-position":"center center","background-size":"auto","background-attachment":"scroll","background-type":"","background-media":"","overlay-type":"","overlay-color":"","overlay-opacity":"","overlay-gradient":""},"mobile":{"background-color":"","background-image":"","background-repeat":"repeat","background-position":"center center","background-size":"auto","background-attachment":"scroll","background-type":"","background-media":"","overlay-type":"","overlay-color":"","overlay-opacity":"","overlay-gradient":""}},"ast-content-background-meta":{"desktop":{"background-color":"var(--ast-global-color-5)","background-image":"","background-repeat":"repeat","background-position":"center center","background-size":"auto","background-attachment":"scroll","background-type":"","background-media":"","overlay-type":"","overlay-color":"","overlay-opacity":"","overlay-gradient":""},"tablet":{"background-color":"var(--ast-global-color-5)","background-image":"","background-repeat":"repeat","background-position":"center center","background-size":"auto","background-attachment":"scroll","background-type":"","background-media":"","overlay-type":"","overlay-color":"","overlay-opacity":"","overlay-gradient":""},"mobile":{"background-color":"var(--ast-global-color-5)","background-image":"","background-repeat":"repeat","background-position":"center center","background-size":"auto","background-attachment":"scroll","background-type":"","background-media":"","overlay-type":"","overlay-color":"","overlay-opacity":"","overlay-gradient":""}}},"product_brand":[],"product_cat":[1979],"product_tag":[2009,2008,1981,2010,2007],"class_list":{"0":"post-16771","1":"product","2":"type-product","3":"status-publish","4":"has-post-thumbnail","6":"product_cat-prirodna-zastita-bilja","7":"product_tag-akaricid-hr","8":"product_tag-insekticid-hr","9":"product_tag-prirodna-zastita","10":"product_tag-sisanje-insekata","11":"product_tag-us","12":"desktop-align-left","13":"tablet-align-left","14":"mobile-align-left","15":"ast-product-gallery-layout-horizontal","16":"ast-product-gallery-with-no-image","17":"ast-product-tabs-layout-horizontal","18":"ast-qv-on-image","20":"first","21":"outofstock","22":"taxable","23":"shipping-taxable","24":"purchasable","25":"product-type-simple"},"aioseo_notices":[],"_links":{"self":[{"href":"https:\/\/flanca.si\/hr\/wp-json\/wp\/v2\/product\/16771","targetHints":{"allow":["GET"]}}],"collection":[{"href":"https:\/\/flanca.si\/hr\/wp-json\/wp\/v2\/product"}],"about":[{"href":"https:\/\/flanca.si\/hr\/wp-json\/wp\/v2\/types\/product"}],"wp:featuredmedia":[{"embeddable":true,"href":"https:\/\/flanca.si\/hr\/wp-json\/wp\/v2\/media\/16774"}],"wp:attachment":[{"href":"https:\/\/flanca.si\/hr\/wp-json\/wp\/v2\/media?parent=16771"}],"wp:term":[{"taxonomy":"product_brand","embeddable":true,"href":"https:\/\/flanca.si\/hr\/wp-json\/wp\/v2\/product_brand?post=16771"},{"taxonomy":"product_cat","embeddable":true,"href":"https:\/\/flanca.si\/hr\/wp-json\/wp\/v2\/product_cat?post=16771"},{"taxonomy":"product_tag","embeddable":true,"href":"https:\/\/flanca.si\/hr\/wp-json\/wp\/v2\/product_tag?post=16771"}],"curies":[{"name":"wp","href":"https:\/\/api.w.org\/{rel}","templated":true}]}}