{"id":16757,"date":"2020-07-10T10:01:03","date_gmt":"2020-07-10T08:01:03","guid":{"rendered":"https:\/\/flanca.si\/izdelek\/azet-gnojivo-za-jagode\/"},"modified":"2025-01-15T09:49:52","modified_gmt":"2025-01-15T08:49:52","slug":"azet-gnojivo-za-jagode","status":"publish","type":"product","link":"https:\/\/flanca.si\/hr\/proizvod\/azet-gnojivo-za-jagode\/","title":{"rendered":"Azet gnojivo za jagode"},"content":{"rendered":"<p>Slo\u017eeno organsko gnojivo pogodno je za gnojidbu svih vrsta vo\u0107a. Gnojivo je najbolje koristiti prilikom sadnje, gdje se zakopava u sadnu jamu. U postoje\u0107im planta\u017eama gnojivo se povr\u0161inski \u0161iri i grablja grabljama dubokim 5-10 cm. Nakon gnojidbe, s malom koli\u010dinom oborina, biljke je potrebno temeljito zalijevati. Gnojivo se sastoji od 7% du\u0161ika, 3% fosfora, koji je topiv u vodi, i 10% kalija, koji je tako\u0111er topiv u vodi. Gnojivo sadr\u017ei najmanje 60% organske tvari. Preporu\u010dene doze za gnojidbu vrtnih jagoda prilikom sadnje su 1 puna \u017elica po jami za sadnju. Tijekom vegetacije gnojite nakon berbe usjeva s 1-2 pune \u017elice gnojiva. U mjesecu travnju gnojite s pola doze. Pri gnojidbi bobica koriste se 4X ve\u0107e doze nego za jagode. Me\u0111utim, gnojite samo prilikom presa\u0111ivanja i u mjesecu travnju. Za gnojidbu vo\u0107a koriste se 8X ve\u0107e doze nego za jagode. Gnojidba se provodi na isti na\u010din kao i kod bobica prilikom presa\u0111ivanja i u mjesecu travnju. Doza od 1 \u017elice gnojiva \u010dini 12,5 g gnojiva.   <\/p>\n","protected":false},"excerpt":{"rendered":"<ul>\n<li>Organsko gnojivo<\/li>\n<li>gnojidba svih vrsta vo\u0107a<\/li>\n<li>Gnojidba pri sadnji<\/li>\n<li>pogodno za uzgoj<\/li>\n<\/ul>\n<h4><strong>Pakirano po 1 kg!<\/strong><\/h4>\n","protected":false},"featured_media":16759,"template":"","meta":{"site-sidebar-layout":"default","site-content-layout":"default","ast-site-content-layout":"default","site-content-style":"default","site-sidebar-style":"default","ast-global-header-display":"","ast-banner-title-visibility":"","ast-main-header-display":"","ast-hfb-above-header-display":"","ast-hfb-below-header-display":"","ast-hfb-mobile-header-display":"","site-post-title":"","ast-breadcrumbs-content":"","ast-featured-img":"","footer-sml-layout":"","ast-disable-related-posts":"","theme-transparent-header-meta":"default","adv-header-id-meta":"","stick-header-meta":"default","header-above-stick-meta":"","header-main-stick-meta":"","header-below-stick-meta":"","astra-migrate-meta-layouts":"default","ast-page-background-enabled":"default","ast-page-background-meta":{"desktop":{"background-color":"","background-image":"","background-repeat":"repeat","background-position":"center center","background-size":"auto","background-attachment":"scroll","background-type":"","background-media":"","overlay-type":"","overlay-color":"","overlay-opacity":"","overlay-gradient":""},"tablet":{"background-color":"","background-image":"","background-repeat":"repeat","background-position":"center center","background-size":"auto","background-attachment":"scroll","background-type":"","background-media":"","overlay-type":"","overlay-color":"","overlay-opacity":"","overlay-gradient":""},"mobile":{"background-color":"","background-image":"","background-repeat":"repeat","background-position":"center center","background-size":"auto","background-attachment":"scroll","background-type":"","background-media":"","overlay-type":"","overlay-color":"","overlay-opacity":"","overlay-gradient":""}},"ast-content-background-meta":{"desktop":{"background-color":"var(--ast-global-color-5)","background-image":"","background-repeat":"repeat","background-position":"center center","background-size":"auto","background-attachment":"scroll","background-type":"","background-media":"","overlay-type":"","overlay-color":"","overlay-opacity":"","overlay-gradient":""},"tablet":{"background-color":"var(--ast-global-color-5)","background-image":"","background-repeat":"repeat","background-position":"center center","background-size":"auto","background-attachment":"scroll","background-type":"","background-media":"","overlay-type":"","overlay-color":"","overlay-opacity":"","overlay-gradient":""},"mobile":{"background-color":"var(--ast-global-color-5)","background-image":"","background-repeat":"repeat","background-position":"center center","background-size":"auto","background-attachment":"scroll","background-type":"","background-media":"","overlay-type":"","overlay-color":"","overlay-opacity":"","overlay-gradient":""}}},"product_brand":[],"product_cat":[1987],"product_tag":[1993,1906,1982,1990],"class_list":{"0":"post-16757","1":"product","2":"type-product","3":"status-publish","4":"has-post-thumbnail","6":"product_cat-gnojiva","7":"product_tag-gnojivo-za-jagode","8":"product_tag-jagode-hr","9":"product_tag-organsko-gnojivo","10":"product_tag-voce","11":"desktop-align-left","12":"tablet-align-left","13":"mobile-align-left","14":"ast-product-gallery-layout-horizontal","15":"ast-product-gallery-with-no-image","16":"ast-product-tabs-layout-horizontal","17":"ast-qv-on-image","19":"first","20":"outofstock","21":"taxable","22":"shipping-taxable","23":"purchasable","24":"product-type-simple"},"aioseo_notices":[],"_links":{"self":[{"href":"https:\/\/flanca.si\/hr\/wp-json\/wp\/v2\/product\/16757","targetHints":{"allow":["GET"]}}],"collection":[{"href":"https:\/\/flanca.si\/hr\/wp-json\/wp\/v2\/product"}],"about":[{"href":"https:\/\/flanca.si\/hr\/wp-json\/wp\/v2\/types\/product"}],"wp:featuredmedia":[{"embeddable":true,"href":"https:\/\/flanca.si\/hr\/wp-json\/wp\/v2\/media\/16759"}],"wp:attachment":[{"href":"https:\/\/flanca.si\/hr\/wp-json\/wp\/v2\/media?parent=16757"}],"wp:term":[{"taxonomy":"product_brand","embeddable":true,"href":"https:\/\/flanca.si\/hr\/wp-json\/wp\/v2\/product_brand?post=16757"},{"taxonomy":"product_cat","embeddable":true,"href":"https:\/\/flanca.si\/hr\/wp-json\/wp\/v2\/product_cat?post=16757"},{"taxonomy":"product_tag","embeddable":true,"href":"https:\/\/flanca.si\/hr\/wp-json\/wp\/v2\/product_tag?post=16757"}],"curies":[{"name":"wp","href":"https:\/\/api.w.org\/{rel}","templated":true}]}}