{"id":16739,"date":"2020-07-29T13:35:30","date_gmt":"2020-07-29T11:35:30","guid":{"rendered":"https:\/\/flanca.si\/izdelek\/turski-div-maka\/"},"modified":"2020-07-29T13:35:30","modified_gmt":"2020-07-29T11:35:30","slug":"turski-div-maka","status":"publish","type":"product","link":"https:\/\/flanca.si\/hr\/proizvod\/turski-div-maka\/","title":{"rendered":"Turski div maka"},"content":{"rendered":"<p>Vi\u0161egodi\u0161nja biljka koja cvjeta u svibnju i lipnju u tamnocrvenoj boji. U visinu naraste negdje do 80 cm. Ima uspravni i kolutni rast. Trajnica je pogodna za oboga\u0107ivanje cvjetnjaka, kao i za rezano cvije\u0107e. Sadi se na sun\u010danim podru\u010djima uzgoja. \u0160to se ti\u010de izbora tla, ono je nepretenciozan. <\/p>\n","protected":false},"excerpt":{"rendered":"<ul>\n<li>Vrtlarski mak<\/li>\n<li>tamnocrveni cvjetovi<\/li>\n<li>cvjeta u svibnju i lipnju<\/li>\n<li>visoka trajnica<\/li>\n<\/ul>\n<h4><strong>Pakirana 1 po jedna biljka!<\/strong><\/h4>\n","protected":false},"featured_media":16741,"template":"","meta":{"site-sidebar-layout":"default","site-content-layout":"default","ast-site-content-layout":"default","site-content-style":"default","site-sidebar-style":"default","ast-global-header-display":"","ast-banner-title-visibility":"","ast-main-header-display":"","ast-hfb-above-header-display":"","ast-hfb-below-header-display":"","ast-hfb-mobile-header-display":"","site-post-title":"","ast-breadcrumbs-content":"","ast-featured-img":"","footer-sml-layout":"","ast-disable-related-posts":"","theme-transparent-header-meta":"default","adv-header-id-meta":"","stick-header-meta":"default","header-above-stick-meta":"","header-main-stick-meta":"","header-below-stick-meta":"","astra-migrate-meta-layouts":"default","ast-page-background-enabled":"default","ast-page-background-meta":{"desktop":{"background-color":"","background-image":"","background-repeat":"repeat","background-position":"center center","background-size":"auto","background-attachment":"scroll","background-type":"","background-media":"","overlay-type":"","overlay-color":"","overlay-opacity":"","overlay-gradient":""},"tablet":{"background-color":"","background-image":"","background-repeat":"repeat","background-position":"center center","background-size":"auto","background-attachment":"scroll","background-type":"","background-media":"","overlay-type":"","overlay-color":"","overlay-opacity":"","overlay-gradient":""},"mobile":{"background-color":"","background-image":"","background-repeat":"repeat","background-position":"center center","background-size":"auto","background-attachment":"scroll","background-type":"","background-media":"","overlay-type":"","overlay-color":"","overlay-opacity":"","overlay-gradient":""}},"ast-content-background-meta":{"desktop":{"background-color":"var(--ast-global-color-5)","background-image":"","background-repeat":"repeat","background-position":"center center","background-size":"auto","background-attachment":"scroll","background-type":"","background-media":"","overlay-type":"","overlay-color":"","overlay-opacity":"","overlay-gradient":""},"tablet":{"background-color":"var(--ast-global-color-5)","background-image":"","background-repeat":"repeat","background-position":"center center","background-size":"auto","background-attachment":"scroll","background-type":"","background-media":"","overlay-type":"","overlay-color":"","overlay-opacity":"","overlay-gradient":""},"mobile":{"background-color":"var(--ast-global-color-5)","background-image":"","background-repeat":"repeat","background-position":"center center","background-size":"auto","background-attachment":"scroll","background-type":"","background-media":"","overlay-type":"","overlay-color":"","overlay-opacity":"","overlay-gradient":""}}},"product_brand":[],"product_cat":[1833],"product_tag":[1869,1974,1975],"class_list":{"0":"post-16739","1":"product","2":"type-product","3":"status-publish","4":"has-post-thumbnail","6":"product_cat-biljke-za-korita-i-gredice","7":"product_tag-cvjetnjaci","8":"product_tag-mak-hr","9":"product_tag-vrtni-mak-hr","10":"product_shipping_class-osobno-preuzimanje","11":"desktop-align-left","12":"tablet-align-left","13":"mobile-align-left","14":"ast-product-gallery-layout-horizontal","15":"ast-product-tabs-layout-horizontal","16":"ast-qv-on-image","18":"first","19":"outofstock","20":"taxable","21":"shipping-taxable","22":"purchasable","23":"product-type-simple"},"aioseo_notices":[],"_links":{"self":[{"href":"https:\/\/flanca.si\/hr\/wp-json\/wp\/v2\/product\/16739","targetHints":{"allow":["GET"]}}],"collection":[{"href":"https:\/\/flanca.si\/hr\/wp-json\/wp\/v2\/product"}],"about":[{"href":"https:\/\/flanca.si\/hr\/wp-json\/wp\/v2\/types\/product"}],"wp:featuredmedia":[{"embeddable":true,"href":"https:\/\/flanca.si\/hr\/wp-json\/wp\/v2\/media\/16741"}],"wp:attachment":[{"href":"https:\/\/flanca.si\/hr\/wp-json\/wp\/v2\/media?parent=16739"}],"wp:term":[{"taxonomy":"product_brand","embeddable":true,"href":"https:\/\/flanca.si\/hr\/wp-json\/wp\/v2\/product_brand?post=16739"},{"taxonomy":"product_cat","embeddable":true,"href":"https:\/\/flanca.si\/hr\/wp-json\/wp\/v2\/product_cat?post=16739"},{"taxonomy":"product_tag","embeddable":true,"href":"https:\/\/flanca.si\/hr\/wp-json\/wp\/v2\/product_tag?post=16739"}],"curies":[{"name":"wp","href":"https:\/\/api.w.org\/{rel}","templated":true}]}}