{"id":16713,"date":"2020-07-30T13:29:15","date_gmt":"2020-07-30T11:29:15","guid":{"rendered":"https:\/\/flanca.si\/izdelek\/orao-ruzicasta-bijela\/"},"modified":"2020-07-30T13:29:15","modified_gmt":"2020-07-30T11:29:15","slug":"orao-ruzicasta-bijela","status":"publish","type":"product","link":"https:\/\/flanca.si\/hr\/proizvod\/orao-ruzicasta-bijela\/","title":{"rendered":"Orao &#8211; ru\u017ei\u010dasta &#8211; bijela"},"content":{"rendered":"<p>Orlovi su zanimljive i \u0161armantne trajnice sa zvonastim cvjetovima. Oduvijek su bili popularan dio seoskih vrtova. Imaju zanimljive dvobojne cvjetove u obliku ostruga u ru\u017ei\u010dasto-bijelim nijansama. Otvaraju se na kraju cvjetnih stabljika, u podno\u017eju biljke nalaze se lijepo oblikovani, cijepljeni listovi. Cvate od svibnja do srpnja, nakon cvatnje razvijaju se sme\u0111e sjemenske formacije iz kojih vjetar pu\u0161e sjeme svuda okolo. Biljke se tako mogu me\u0111usobno sna\u017eno kri\u017eati. Stoga se sade razli\u010dite sorte prili\u010dno odvojeno jedna od druge. U vrtu su lijepo vidljivi u kombinaciji s zvon\u010di\u0107ima, grozdnim flamingosima, krvopijama, ostrugama i perunikama. Sorta Cameo Rose and White izuzetno je kompaktna i naraste samo 15 cm u visinu. Pogodan je za sadnju lonaca, korita, kamenjara ili cvjetnjaka. Ranom transplantacijom cvjeta ve\u0107 u prvoj godini.   <\/p>\n","protected":false},"excerpt":{"rendered":"<ul>\n<li><em>Aquilegia flabellata \/ Cameo ru\u017ea i bijela<\/em><\/li>\n<li>vi\u0161egodi\u0161nji<\/li>\n<li>cvjetovi u obliku zvona<\/li>\n<li>ru\u017ei\u010dasto bijeli cvjetovi<\/li>\n<li>Kompaktan rast<\/li>\n<li>pogodno za sadnju korita, grge\u010da, kamenjara<\/li>\n<\/ul>\n<h4><strong>Pakirana 1 po jedna biljka!<\/strong><\/h4>\n","protected":false},"featured_media":16715,"template":"","meta":{"site-sidebar-layout":"default","site-content-layout":"default","ast-site-content-layout":"default","site-content-style":"default","site-sidebar-style":"default","ast-global-header-display":"","ast-banner-title-visibility":"","ast-main-header-display":"","ast-hfb-above-header-display":"","ast-hfb-below-header-display":"","ast-hfb-mobile-header-display":"","site-post-title":"","ast-breadcrumbs-content":"","ast-featured-img":"","footer-sml-layout":"","ast-disable-related-posts":"","theme-transparent-header-meta":"default","adv-header-id-meta":"","stick-header-meta":"default","header-above-stick-meta":"","header-main-stick-meta":"","header-below-stick-meta":"","astra-migrate-meta-layouts":"default","ast-page-background-enabled":"default","ast-page-background-meta":{"desktop":{"background-color":"","background-image":"","background-repeat":"repeat","background-position":"center center","background-size":"auto","background-attachment":"scroll","background-type":"","background-media":"","overlay-type":"","overlay-color":"","overlay-opacity":"","overlay-gradient":""},"tablet":{"background-color":"","background-image":"","background-repeat":"repeat","background-position":"center center","background-size":"auto","background-attachment":"scroll","background-type":"","background-media":"","overlay-type":"","overlay-color":"","overlay-opacity":"","overlay-gradient":""},"mobile":{"background-color":"","background-image":"","background-repeat":"repeat","background-position":"center center","background-size":"auto","background-attachment":"scroll","background-type":"","background-media":"","overlay-type":"","overlay-color":"","overlay-opacity":"","overlay-gradient":""}},"ast-content-background-meta":{"desktop":{"background-color":"var(--ast-global-color-5)","background-image":"","background-repeat":"repeat","background-position":"center center","background-size":"auto","background-attachment":"scroll","background-type":"","background-media":"","overlay-type":"","overlay-color":"","overlay-opacity":"","overlay-gradient":""},"tablet":{"background-color":"var(--ast-global-color-5)","background-image":"","background-repeat":"repeat","background-position":"center center","background-size":"auto","background-attachment":"scroll","background-type":"","background-media":"","overlay-type":"","overlay-color":"","overlay-opacity":"","overlay-gradient":""},"mobile":{"background-color":"var(--ast-global-color-5)","background-image":"","background-repeat":"repeat","background-position":"center center","background-size":"auto","background-attachment":"scroll","background-type":"","background-media":"","overlay-type":"","overlay-color":"","overlay-opacity":"","overlay-gradient":""}}},"product_brand":[],"product_cat":[1833],"product_tag":[1873,1869,1963,1839],"class_list":{"0":"post-16713","1":"product","2":"type-product","3":"status-publish","4":"has-post-thumbnail","6":"product_cat-biljke-za-korita-i-gredice","7":"product_tag-cvjetna-korita","8":"product_tag-cvjetnjaci","9":"product_tag-orao","10":"product_tag-trajnice-hr","11":"desktop-align-left","12":"tablet-align-left","13":"mobile-align-left","14":"ast-product-gallery-layout-horizontal","15":"ast-product-tabs-layout-horizontal","16":"ast-qv-on-image","18":"first","19":"instock","20":"taxable","21":"shipping-taxable","22":"purchasable","23":"product-type-simple"},"aioseo_notices":[],"_links":{"self":[{"href":"https:\/\/flanca.si\/hr\/wp-json\/wp\/v2\/product\/16713","targetHints":{"allow":["GET"]}}],"collection":[{"href":"https:\/\/flanca.si\/hr\/wp-json\/wp\/v2\/product"}],"about":[{"href":"https:\/\/flanca.si\/hr\/wp-json\/wp\/v2\/types\/product"}],"wp:featuredmedia":[{"embeddable":true,"href":"https:\/\/flanca.si\/hr\/wp-json\/wp\/v2\/media\/16715"}],"wp:attachment":[{"href":"https:\/\/flanca.si\/hr\/wp-json\/wp\/v2\/media?parent=16713"}],"wp:term":[{"taxonomy":"product_brand","embeddable":true,"href":"https:\/\/flanca.si\/hr\/wp-json\/wp\/v2\/product_brand?post=16713"},{"taxonomy":"product_cat","embeddable":true,"href":"https:\/\/flanca.si\/hr\/wp-json\/wp\/v2\/product_cat?post=16713"},{"taxonomy":"product_tag","embeddable":true,"href":"https:\/\/flanca.si\/hr\/wp-json\/wp\/v2\/product_tag?post=16713"}],"curies":[{"name":"wp","href":"https:\/\/api.w.org\/{rel}","templated":true}]}}