{"id":16682,"date":"2020-08-21T12:12:39","date_gmt":"2020-08-21T10:12:39","guid":{"rendered":"https:\/\/flanca.si\/izdelek\/ukrasena-keramicka-posuda-velika\/"},"modified":"2020-08-21T12:12:39","modified_gmt":"2020-08-21T10:12:39","slug":"ukrasena-keramicka-posuda-velika","status":"publish","type":"product","link":"https:\/\/flanca.si\/hr\/proizvod\/ukrasena-keramicka-posuda-velika\/","title":{"rendered":"Ukra\u0161ena kerami\u010dka posuda &#8211; velika"},"content":{"rendered":"<p>Kerami\u010dke ma\u0161ne su ru\u010dno izra\u0111ene i slatko se daju kao dodatak na balkonu ili terasi gdje mo\u017eete uzgajati bilje i cvije\u0107e tijekom cijele sezone,&#8230; Veli\u010dina ve\u0107eg lonca je p12. Mo\u017eete birati izme\u0111u bijelog ili crveno obojenog cvije\u0107a na loncu. Lonac mo\u017eete koristiti i kao poklon zajedno s biljem ili bilo kojom drugom biljkom.<\/p>\n","protected":false},"excerpt":{"rendered":"<ul>\n<li>kerami\u010dki ukrasni lonac<\/li>\n<li>Ru\u010dne izrade<\/li>\n<li>Svestrana upotreba<\/li>\n<li>Prikupljeni izgled<\/li>\n<li>Prirodni materijal<\/li>\n<li>na zalihama maloprodaje, u rasadniku<\/li>\n<\/ul>\n<h4><strong>Pakirano po 1 komad!<\/strong><\/h4>\n","protected":false},"featured_media":16684,"template":"","meta":{"site-sidebar-layout":"default","site-content-layout":"default","ast-site-content-layout":"default","site-content-style":"default","site-sidebar-style":"default","ast-global-header-display":"","ast-banner-title-visibility":"","ast-main-header-display":"","ast-hfb-above-header-display":"","ast-hfb-below-header-display":"","ast-hfb-mobile-header-display":"","site-post-title":"","ast-breadcrumbs-content":"","ast-featured-img":"","footer-sml-layout":"","ast-disable-related-posts":"","theme-transparent-header-meta":"default","adv-header-id-meta":"","stick-header-meta":"default","header-above-stick-meta":"","header-main-stick-meta":"","header-below-stick-meta":"","astra-migrate-meta-layouts":"default","ast-page-background-enabled":"default","ast-page-background-meta":{"desktop":{"background-color":"","background-image":"","background-repeat":"repeat","background-position":"center center","background-size":"auto","background-attachment":"scroll","background-type":"","background-media":"","overlay-type":"","overlay-color":"","overlay-opacity":"","overlay-gradient":""},"tablet":{"background-color":"","background-image":"","background-repeat":"repeat","background-position":"center center","background-size":"auto","background-attachment":"scroll","background-type":"","background-media":"","overlay-type":"","overlay-color":"","overlay-opacity":"","overlay-gradient":""},"mobile":{"background-color":"","background-image":"","background-repeat":"repeat","background-position":"center center","background-size":"auto","background-attachment":"scroll","background-type":"","background-media":"","overlay-type":"","overlay-color":"","overlay-opacity":"","overlay-gradient":""}},"ast-content-background-meta":{"desktop":{"background-color":"var(--ast-global-color-5)","background-image":"","background-repeat":"repeat","background-position":"center center","background-size":"auto","background-attachment":"scroll","background-type":"","background-media":"","overlay-type":"","overlay-color":"","overlay-opacity":"","overlay-gradient":""},"tablet":{"background-color":"var(--ast-global-color-5)","background-image":"","background-repeat":"repeat","background-position":"center center","background-size":"auto","background-attachment":"scroll","background-type":"","background-media":"","overlay-type":"","overlay-color":"","overlay-opacity":"","overlay-gradient":""},"mobile":{"background-color":"var(--ast-global-color-5)","background-image":"","background-repeat":"repeat","background-position":"center center","background-size":"auto","background-attachment":"scroll","background-type":"","background-media":"","overlay-type":"","overlay-color":"","overlay-opacity":"","overlay-gradient":""}}},"product_brand":[],"product_cat":[1945],"product_tag":[1957,1946,1949,1956],"class_list":{"0":"post-16682","1":"product","2":"type-product","3":"status-publish","4":"has-post-thumbnail","6":"product_cat-keramicki-proizvodi","7":"product_tag-cvijece","8":"product_tag-glina-hr","9":"product_tag-rucne-izrade","10":"product_tag-ukrasni-lonac","11":"desktop-align-left","12":"tablet-align-left","13":"mobile-align-left","14":"ast-product-gallery-layout-horizontal","15":"ast-product-single-variable","16":"ast-product-tabs-layout-horizontal","17":"ast-qv-on-image","19":"first","20":"outofstock","21":"taxable","22":"shipping-taxable","23":"purchasable","24":"product-type-variable"},"aioseo_notices":[],"_links":{"self":[{"href":"https:\/\/flanca.si\/hr\/wp-json\/wp\/v2\/product\/16682","targetHints":{"allow":["GET"]}}],"collection":[{"href":"https:\/\/flanca.si\/hr\/wp-json\/wp\/v2\/product"}],"about":[{"href":"https:\/\/flanca.si\/hr\/wp-json\/wp\/v2\/types\/product"}],"wp:featuredmedia":[{"embeddable":true,"href":"https:\/\/flanca.si\/hr\/wp-json\/wp\/v2\/media\/16684"}],"wp:attachment":[{"href":"https:\/\/flanca.si\/hr\/wp-json\/wp\/v2\/media?parent=16682"}],"wp:term":[{"taxonomy":"product_brand","embeddable":true,"href":"https:\/\/flanca.si\/hr\/wp-json\/wp\/v2\/product_brand?post=16682"},{"taxonomy":"product_cat","embeddable":true,"href":"https:\/\/flanca.si\/hr\/wp-json\/wp\/v2\/product_cat?post=16682"},{"taxonomy":"product_tag","embeddable":true,"href":"https:\/\/flanca.si\/hr\/wp-json\/wp\/v2\/product_tag?post=16682"}],"curies":[{"name":"wp","href":"https:\/\/api.w.org\/{rel}","templated":true}]}}