{"id":16643,"date":"2020-09-02T10:28:31","date_gmt":"2020-09-02T08:28:31","guid":{"rendered":"https:\/\/flanca.si\/izdelek\/jesenski-vrijesak-trio\/"},"modified":"2020-09-02T10:28:31","modified_gmt":"2020-09-02T08:28:31","slug":"jesenski-vrijesak-trio","status":"publish","type":"product","link":"https:\/\/flanca.si\/hr\/proizvod\/jesenski-vrijesak-trio\/","title":{"rendered":"Jesenski vrijesak Trio"},"content":{"rendered":"<p>Jesenski vrijesak je mala, jastu\u010dasta biljka koja se sporo kre\u0107e i jedna je od popularnih jesenskih biljaka. Cvjetovi su brojni, u uspravnim grozdastim cvatovima, zvonasti, bijeli, ru\u017ei\u010dasti, do crveni. Cvate od kolovoza do kasne jeseni. Dobro uspijeva na kiselim, humusnim, djelomi\u010dno pjeskovitim, rastresitim tlima. Odgovara sun\u010danim do polusjenovitim polo\u017eajima. Dvije su boje isprepletene u jednom loncu. Biljka je pogodna za formiranje jesenskih zasada pojedina\u010dno ili u kombinaciji s drugim jesenskim cvjetnim biljkama. Potpuno je nepretenciozan prema svom odgoju i odr\u017eavanju. Svojim bojama dodaje da\u0161ak \u017eivosti jesenskim danima.<\/p>\n","protected":false},"excerpt":{"rendered":"<ul>\n<li><em>Calluna vulgaris<\/em><\/li>\n<li>Jesenske sadnje<\/li>\n<li>Popularna jesenska biljka<\/li>\n<li>Diverzifikacija cvjetnih korita i lonaca<\/li>\n<li>skroman<\/li>\n<\/ul>\n<h4><strong>Pakirana 1 sadnica odjednom!<\/strong><\/h4>\n","protected":false},"featured_media":16645,"template":"","meta":{"site-sidebar-layout":"default","site-content-layout":"default","ast-site-content-layout":"default","site-content-style":"default","site-sidebar-style":"default","ast-global-header-display":"","ast-banner-title-visibility":"","ast-main-header-display":"","ast-hfb-above-header-display":"","ast-hfb-below-header-display":"","ast-hfb-mobile-header-display":"","site-post-title":"","ast-breadcrumbs-content":"","ast-featured-img":"","footer-sml-layout":"","ast-disable-related-posts":"","theme-transparent-header-meta":"default","adv-header-id-meta":"","stick-header-meta":"default","header-above-stick-meta":"","header-main-stick-meta":"","header-below-stick-meta":"","astra-migrate-meta-layouts":"default","ast-page-background-enabled":"default","ast-page-background-meta":{"desktop":{"background-color":"","background-image":"","background-repeat":"repeat","background-position":"center center","background-size":"auto","background-attachment":"scroll","background-type":"","background-media":"","overlay-type":"","overlay-color":"","overlay-opacity":"","overlay-gradient":""},"tablet":{"background-color":"","background-image":"","background-repeat":"repeat","background-position":"center center","background-size":"auto","background-attachment":"scroll","background-type":"","background-media":"","overlay-type":"","overlay-color":"","overlay-opacity":"","overlay-gradient":""},"mobile":{"background-color":"","background-image":"","background-repeat":"repeat","background-position":"center center","background-size":"auto","background-attachment":"scroll","background-type":"","background-media":"","overlay-type":"","overlay-color":"","overlay-opacity":"","overlay-gradient":""}},"ast-content-background-meta":{"desktop":{"background-color":"var(--ast-global-color-5)","background-image":"","background-repeat":"repeat","background-position":"center center","background-size":"auto","background-attachment":"scroll","background-type":"","background-media":"","overlay-type":"","overlay-color":"","overlay-opacity":"","overlay-gradient":""},"tablet":{"background-color":"var(--ast-global-color-5)","background-image":"","background-repeat":"repeat","background-position":"center center","background-size":"auto","background-attachment":"scroll","background-type":"","background-media":"","overlay-type":"","overlay-color":"","overlay-opacity":"","overlay-gradient":""},"mobile":{"background-color":"var(--ast-global-color-5)","background-image":"","background-repeat":"repeat","background-position":"center center","background-size":"auto","background-attachment":"scroll","background-type":"","background-media":"","overlay-type":"","overlay-color":"","overlay-opacity":"","overlay-gradient":""}}},"product_brand":[],"product_cat":[1833],"product_tag":[1873,1601,1941,1828,1943],"class_list":{"0":"post-16643","1":"product","2":"type-product","3":"status-publish","4":"has-post-thumbnail","6":"product_cat-biljke-za-korita-i-gredice","7":"product_tag-cvjetna-korita","8":"product_tag-jesen-hr","9":"product_tag-jesenske-sadnje","10":"product_tag-korita-i-cvjetnjaci","11":"product_tag-telugu-hr-7","12":"desktop-align-left","13":"tablet-align-left","14":"mobile-align-left","15":"ast-product-gallery-layout-horizontal","16":"ast-product-tabs-layout-horizontal","17":"ast-qv-on-image","19":"first","20":"outofstock","21":"taxable","22":"shipping-taxable","23":"purchasable","24":"product-type-simple"},"aioseo_notices":[],"_links":{"self":[{"href":"https:\/\/flanca.si\/hr\/wp-json\/wp\/v2\/product\/16643","targetHints":{"allow":["GET"]}}],"collection":[{"href":"https:\/\/flanca.si\/hr\/wp-json\/wp\/v2\/product"}],"about":[{"href":"https:\/\/flanca.si\/hr\/wp-json\/wp\/v2\/types\/product"}],"wp:featuredmedia":[{"embeddable":true,"href":"https:\/\/flanca.si\/hr\/wp-json\/wp\/v2\/media\/16645"}],"wp:attachment":[{"href":"https:\/\/flanca.si\/hr\/wp-json\/wp\/v2\/media?parent=16643"}],"wp:term":[{"taxonomy":"product_brand","embeddable":true,"href":"https:\/\/flanca.si\/hr\/wp-json\/wp\/v2\/product_brand?post=16643"},{"taxonomy":"product_cat","embeddable":true,"href":"https:\/\/flanca.si\/hr\/wp-json\/wp\/v2\/product_cat?post=16643"},{"taxonomy":"product_tag","embeddable":true,"href":"https:\/\/flanca.si\/hr\/wp-json\/wp\/v2\/product_tag?post=16643"}],"curies":[{"name":"wp","href":"https:\/\/api.w.org\/{rel}","templated":true}]}}