{"id":16632,"date":"2020-10-08T11:30:54","date_gmt":"2020-10-08T09:30:54","guid":{"rendered":"https:\/\/flanca.si\/izdelek\/uobicajeni-glog-s-jednim-vratima\/"},"modified":"2020-10-08T11:30:54","modified_gmt":"2020-10-08T09:30:54","slug":"uobicajeni-glog-s-jednim-vratima","status":"publish","type":"product","link":"https:\/\/flanca.si\/hr\/proizvod\/uobicajeni-glog-s-jednim-vratima\/","title":{"rendered":"Uobi\u010dajeni glog (s jednim vratima)"},"content":{"rendered":"<p>Biljka koja tvori grm raste na toplijim i svjetlijim mjestima. U visinu mo\u017ee narasti i do 6 m. Bijeli cvjetovi pojavljuju se od svibnja do lipnja, iz njih se razvijaju tamnocrveni okrugli plodovi s jednom ko\u0161tunicom. Listovi su izrazito mrljasti. Biljka tvori bodljikave izbojke. U ku\u0107noj zdravstvenoj njezi odavno je cijenjena ljekovita biljka koja poma\u017ee u ubla\u017eavanju krvo\u017eilnih, gastrointestinalnih ili respiratornih problema. Osim toga, glog se dugo smatrao sredstvom za ja\u010danje oslabljenog srca. Za pripremu tinktura, \u010dajnih mje\u0161avina,&#8230; Mo\u017eemo koristiti li\u0161\u0107e, cvije\u0107e ili plodove. Razli\u010diti dijelovi biljke sadr\u017ee razli\u010dite koli\u010dine ljekovitih tvari. Visina nadzemnog dijela sadnice: 60 &#8211; 80 cm <\/p>\n","protected":false},"excerpt":{"rendered":"<ul>\n<li><em>Crataegus monogyna<\/em><\/li>\n<li>bjelogori\u010dno drvo<\/li>\n<li>Cijenjena biljka u ku\u0107nom zdravlju<\/li>\n<li>priprema tinktura, \u010dajeva,&#8230;<\/li>\n<li>naraste do 6 m visine<\/li>\n<li>Visina sadnice: 60 &#8211; 80 cm<\/li>\n<\/ul>\n<h4><strong>Pakirana 1 sadnica odjednom!<\/strong><\/h4>\n","protected":false},"featured_media":16635,"template":"","meta":{"site-sidebar-layout":"default","site-content-layout":"default","ast-site-content-layout":"default","site-content-style":"default","site-sidebar-style":"default","ast-global-header-display":"","ast-banner-title-visibility":"","ast-main-header-display":"","ast-hfb-above-header-display":"","ast-hfb-below-header-display":"","ast-hfb-mobile-header-display":"","site-post-title":"","ast-breadcrumbs-content":"","ast-featured-img":"","footer-sml-layout":"","ast-disable-related-posts":"","theme-transparent-header-meta":"default","adv-header-id-meta":"","stick-header-meta":"default","header-above-stick-meta":"","header-main-stick-meta":"","header-below-stick-meta":"","astra-migrate-meta-layouts":"default","ast-page-background-enabled":"default","ast-page-background-meta":{"desktop":{"background-color":"","background-image":"","background-repeat":"repeat","background-position":"center center","background-size":"auto","background-attachment":"scroll","background-type":"","background-media":"","overlay-type":"","overlay-color":"","overlay-opacity":"","overlay-gradient":""},"tablet":{"background-color":"","background-image":"","background-repeat":"repeat","background-position":"center center","background-size":"auto","background-attachment":"scroll","background-type":"","background-media":"","overlay-type":"","overlay-color":"","overlay-opacity":"","overlay-gradient":""},"mobile":{"background-color":"","background-image":"","background-repeat":"repeat","background-position":"center center","background-size":"auto","background-attachment":"scroll","background-type":"","background-media":"","overlay-type":"","overlay-color":"","overlay-opacity":"","overlay-gradient":""}},"ast-content-background-meta":{"desktop":{"background-color":"var(--ast-global-color-5)","background-image":"","background-repeat":"repeat","background-position":"center center","background-size":"auto","background-attachment":"scroll","background-type":"","background-media":"","overlay-type":"","overlay-color":"","overlay-opacity":"","overlay-gradient":""},"tablet":{"background-color":"var(--ast-global-color-5)","background-image":"","background-repeat":"repeat","background-position":"center center","background-size":"auto","background-attachment":"scroll","background-type":"","background-media":"","overlay-type":"","overlay-color":"","overlay-opacity":"","overlay-gradient":""},"mobile":{"background-color":"var(--ast-global-color-5)","background-image":"","background-repeat":"repeat","background-position":"center center","background-size":"auto","background-attachment":"scroll","background-type":"","background-media":"","overlay-type":"","overlay-color":"","overlay-opacity":"","overlay-gradient":""}}},"product_brand":[],"product_cat":[1916],"product_tag":[],"class_list":{"0":"post-16632","1":"product","2":"type-product","3":"status-publish","4":"has-post-thumbnail","6":"product_cat-grmlje-i-drvece","7":"desktop-align-left","8":"tablet-align-left","9":"mobile-align-left","10":"ast-product-gallery-layout-horizontal","11":"ast-product-tabs-layout-horizontal","12":"ast-qv-on-image","14":"first","15":"outofstock","16":"taxable","17":"shipping-taxable","18":"purchasable","19":"product-type-simple"},"aioseo_notices":[],"_links":{"self":[{"href":"https:\/\/flanca.si\/hr\/wp-json\/wp\/v2\/product\/16632","targetHints":{"allow":["GET"]}}],"collection":[{"href":"https:\/\/flanca.si\/hr\/wp-json\/wp\/v2\/product"}],"about":[{"href":"https:\/\/flanca.si\/hr\/wp-json\/wp\/v2\/types\/product"}],"wp:featuredmedia":[{"embeddable":true,"href":"https:\/\/flanca.si\/hr\/wp-json\/wp\/v2\/media\/16635"}],"wp:attachment":[{"href":"https:\/\/flanca.si\/hr\/wp-json\/wp\/v2\/media?parent=16632"}],"wp:term":[{"taxonomy":"product_brand","embeddable":true,"href":"https:\/\/flanca.si\/hr\/wp-json\/wp\/v2\/product_brand?post=16632"},{"taxonomy":"product_cat","embeddable":true,"href":"https:\/\/flanca.si\/hr\/wp-json\/wp\/v2\/product_cat?post=16632"},{"taxonomy":"product_tag","embeddable":true,"href":"https:\/\/flanca.si\/hr\/wp-json\/wp\/v2\/product_tag?post=16632"}],"curies":[{"name":"wp","href":"https:\/\/api.w.org\/{rel}","templated":true}]}}