{"id":16615,"date":"2020-10-08T13:29:32","date_gmt":"2020-10-08T11:29:32","guid":{"rendered":"https:\/\/flanca.si\/izdelek\/kruska-od-smarshwooda-smokey\/"},"modified":"2020-10-08T13:29:32","modified_gmt":"2020-10-08T11:29:32","slug":"kruska-od-smarshwooda-smokey","status":"publish","type":"product","link":"https:\/\/flanca.si\/hr\/proizvod\/kruska-od-smarshwooda-smokey\/","title":{"rendered":"Kru\u0161ka od smarshwooda &#8221;Smokey&#8221;"},"content":{"rendered":"<p>Veliki grm s vi\u0161e stabljika, koji se rezanjem u rano prolje\u0107e mo\u017ee oblikovati po va\u0161oj \u017eelji. Bogati bijeli cvjetovi pojavljuju se na biljci u travnju. U srpnju se beru slatke i so\u010dne tamne okrugle bobice koje se mogu koristiti i u d\u017eemovima, sokovima, kompotima. Djeca ih jednostavno obo\u017eavaju. U jesen, me\u0111utim, promatramo lijepo obojeno li\u0161\u0107e u crvenim, \u017eutim, naran\u010dastim nijansama. Grm koji vas odu\u0161evljava u bilo koje doba godine. Visina nadzemnog dijela sadnice: 20 &#8211; 30 cm<\/p>\n","protected":false},"excerpt":{"rendered":"<ul>\n<li><em>Amelanchier lamarckii<\/em><\/li>\n<li>Jestivo vo\u0107e<\/li>\n<li>Prekrasno proljetno cvjetno drvo<\/li>\n<li>atraktivno li\u0161\u0107e crvenkaste boje u jesen<\/li>\n<li>visina sadnice: 20 &#8211; 30 cm<\/li>\n<\/ul>\n<p>&nbsp;<\/p>\n<h4><strong>Pakirana 1 sadnica odjednom!<\/strong><\/h4>\n","protected":false},"featured_media":16620,"template":"","meta":{"site-sidebar-layout":"default","site-content-layout":"default","ast-site-content-layout":"default","site-content-style":"default","site-sidebar-style":"default","ast-global-header-display":"","ast-banner-title-visibility":"","ast-main-header-display":"","ast-hfb-above-header-display":"","ast-hfb-below-header-display":"","ast-hfb-mobile-header-display":"","site-post-title":"","ast-breadcrumbs-content":"","ast-featured-img":"","footer-sml-layout":"","ast-disable-related-posts":"","theme-transparent-header-meta":"default","adv-header-id-meta":"","stick-header-meta":"default","header-above-stick-meta":"","header-main-stick-meta":"","header-below-stick-meta":"","astra-migrate-meta-layouts":"default","ast-page-background-enabled":"default","ast-page-background-meta":{"desktop":{"background-color":"","background-image":"","background-repeat":"repeat","background-position":"center center","background-size":"auto","background-attachment":"scroll","background-type":"","background-media":"","overlay-type":"","overlay-color":"","overlay-opacity":"","overlay-gradient":""},"tablet":{"background-color":"","background-image":"","background-repeat":"repeat","background-position":"center center","background-size":"auto","background-attachment":"scroll","background-type":"","background-media":"","overlay-type":"","overlay-color":"","overlay-opacity":"","overlay-gradient":""},"mobile":{"background-color":"","background-image":"","background-repeat":"repeat","background-position":"center center","background-size":"auto","background-attachment":"scroll","background-type":"","background-media":"","overlay-type":"","overlay-color":"","overlay-opacity":"","overlay-gradient":""}},"ast-content-background-meta":{"desktop":{"background-color":"var(--ast-global-color-5)","background-image":"","background-repeat":"repeat","background-position":"center center","background-size":"auto","background-attachment":"scroll","background-type":"","background-media":"","overlay-type":"","overlay-color":"","overlay-opacity":"","overlay-gradient":""},"tablet":{"background-color":"var(--ast-global-color-5)","background-image":"","background-repeat":"repeat","background-position":"center center","background-size":"auto","background-attachment":"scroll","background-type":"","background-media":"","overlay-type":"","overlay-color":"","overlay-opacity":"","overlay-gradient":""},"mobile":{"background-color":"var(--ast-global-color-5)","background-image":"","background-repeat":"repeat","background-position":"center center","background-size":"auto","background-attachment":"scroll","background-type":"","background-media":"","overlay-type":"","overlay-color":"","overlay-opacity":"","overlay-gradient":""}}},"product_brand":[],"product_cat":[1903],"product_tag":[1925,1933,1932],"class_list":{"0":"post-16615","1":"product","2":"type-product","3":"status-publish","4":"has-post-thumbnail","6":"product_cat-jagode-hr","7":"product_tag-bjelogoricno-drvo","8":"product_tag-izvrstan-okus","9":"product_tag-jestivo-voce","10":"product_shipping_class-osobno-preuzimanje","11":"desktop-align-left","12":"tablet-align-left","13":"mobile-align-left","14":"ast-product-gallery-layout-horizontal","15":"ast-product-tabs-layout-horizontal","16":"ast-qv-on-image","18":"first","19":"instock","20":"taxable","21":"shipping-taxable","22":"purchasable","23":"product-type-simple"},"aioseo_notices":[],"_links":{"self":[{"href":"https:\/\/flanca.si\/hr\/wp-json\/wp\/v2\/product\/16615","targetHints":{"allow":["GET"]}}],"collection":[{"href":"https:\/\/flanca.si\/hr\/wp-json\/wp\/v2\/product"}],"about":[{"href":"https:\/\/flanca.si\/hr\/wp-json\/wp\/v2\/types\/product"}],"wp:featuredmedia":[{"embeddable":true,"href":"https:\/\/flanca.si\/hr\/wp-json\/wp\/v2\/media\/16620"}],"wp:attachment":[{"href":"https:\/\/flanca.si\/hr\/wp-json\/wp\/v2\/media?parent=16615"}],"wp:term":[{"taxonomy":"product_brand","embeddable":true,"href":"https:\/\/flanca.si\/hr\/wp-json\/wp\/v2\/product_brand?post=16615"},{"taxonomy":"product_cat","embeddable":true,"href":"https:\/\/flanca.si\/hr\/wp-json\/wp\/v2\/product_cat?post=16615"},{"taxonomy":"product_tag","embeddable":true,"href":"https:\/\/flanca.si\/hr\/wp-json\/wp\/v2\/product_tag?post=16615"}],"curies":[{"name":"wp","href":"https:\/\/api.w.org\/{rel}","templated":true}]}}