{"id":16557,"date":"2021-01-13T14:05:31","date_gmt":"2021-01-13T13:05:31","guid":{"rendered":"https:\/\/flanca.si\/izdelek\/limunska-majcina-dusica-goldy\/"},"modified":"2021-01-13T14:05:31","modified_gmt":"2021-01-13T13:05:31","slug":"limunska-majcina-dusica-goldy","status":"publish","type":"product","link":"https:\/\/flanca.si\/hr\/proizvod\/limunska-majcina-dusica-goldy\/","title":{"rendered":"Limunska maj\u010dina du\u0161ica &#8216;Goldy&#8217;"},"content":{"rendered":"<p>Limunska maj\u010dina du\u0161ica (Thymus citriodorus) je biljka koja impresionira svojom osvje\u017eavaju\u0107om aromom i okusom citrusa. Ova vi\u0161egodi\u0161nja biljka iz obitelji usana cijenjena je i u kuhinji i u medicini zbog svojih aromati\u010dnih svojstava i ljekovitih u\u010dinaka. Limunska maj\u010dina du\u0161ica porijeklom je iz ju\u017ene Europe i uzgaja se uglavnom zbog mirisnih listova koji sadr\u017ee eteri\u010dna ulja s antibakterijskim i protuupalnim svojstvima. Vrtlari cijene limunsku maj\u010dinu du\u0161icu zbog jednostavnosti njege i prilagodljivosti razli\u010ditim vrtnim uvjetima. Biljka ima nizak, jastu\u010dast rast i tijekom ljetnih mjeseci stvara sitne, svijetlozelene listove i ru\u017ei\u010daste ili ljubi\u010daste cvjetove koji privla\u010de p\u010dele i druge opra\u0161iva\u010de. Limunska maj\u010dina du\u0161ica idealna je za uzgoj u posudama, cvjetnjacima ili kao pokrovna biljka. Zbog ugodnog mirisa i okusa, kao i zdravstvenih blagodati, limunska maj\u010dina du\u0161ica nezamjenjiv je dodatak svakom vrtu.      <\/p>\n","protected":false},"excerpt":{"rendered":"<ul>\n<li>Thymus citriodorus<\/li>\n<li>Puzava maj\u010dina du\u0161ica od limuna<\/li>\n<li>Dekorativno i korisno<\/li>\n<li>za kamenjar i grge\u010de<\/li>\n<li>Mo\u017ee se koristiti kao pokrovna biljka<\/li>\n<li>Sadimo na sun\u010danim polo\u017eajima<\/li>\n<\/ul>\n<h4><strong>Pakirana 1 sadnica odjednom!<\/strong><\/h4>\n","protected":false},"featured_media":16559,"template":"","meta":{"site-sidebar-layout":"default","site-content-layout":"default","ast-site-content-layout":"default","site-content-style":"default","site-sidebar-style":"default","ast-global-header-display":"","ast-banner-title-visibility":"","ast-main-header-display":"","ast-hfb-above-header-display":"","ast-hfb-below-header-display":"","ast-hfb-mobile-header-display":"","site-post-title":"","ast-breadcrumbs-content":"","ast-featured-img":"","footer-sml-layout":"","ast-disable-related-posts":"","theme-transparent-header-meta":"default","adv-header-id-meta":"","stick-header-meta":"default","header-above-stick-meta":"","header-main-stick-meta":"","header-below-stick-meta":"","astra-migrate-meta-layouts":"default","ast-page-background-enabled":"default","ast-page-background-meta":{"desktop":{"background-color":"","background-image":"","background-repeat":"repeat","background-position":"center center","background-size":"auto","background-attachment":"scroll","background-type":"","background-media":"","overlay-type":"","overlay-color":"","overlay-opacity":"","overlay-gradient":""},"tablet":{"background-color":"","background-image":"","background-repeat":"repeat","background-position":"center center","background-size":"auto","background-attachment":"scroll","background-type":"","background-media":"","overlay-type":"","overlay-color":"","overlay-opacity":"","overlay-gradient":""},"mobile":{"background-color":"","background-image":"","background-repeat":"repeat","background-position":"center center","background-size":"auto","background-attachment":"scroll","background-type":"","background-media":"","overlay-type":"","overlay-color":"","overlay-opacity":"","overlay-gradient":""}},"ast-content-background-meta":{"desktop":{"background-color":"var(--ast-global-color-5)","background-image":"","background-repeat":"repeat","background-position":"center center","background-size":"auto","background-attachment":"scroll","background-type":"","background-media":"","overlay-type":"","overlay-color":"","overlay-opacity":"","overlay-gradient":""},"tablet":{"background-color":"var(--ast-global-color-5)","background-image":"","background-repeat":"repeat","background-position":"center center","background-size":"auto","background-attachment":"scroll","background-type":"","background-media":"","overlay-type":"","overlay-color":"","overlay-opacity":"","overlay-gradient":""},"mobile":{"background-color":"var(--ast-global-color-5)","background-image":"","background-repeat":"repeat","background-position":"center center","background-size":"auto","background-attachment":"scroll","background-type":"","background-media":"","overlay-type":"","overlay-color":"","overlay-opacity":"","overlay-gradient":""}}},"product_brand":[],"product_cat":[1752],"product_tag":[1756,1892,1901,1886],"class_list":{"0":"post-16557","1":"product","2":"type-product","3":"status-publish","4":"has-post-thumbnail","6":"product_cat-ostalo-bilje","7":"product_tag-caj-hr","8":"product_tag-timijan-hr","9":"product_tag-timijan-hr-2","10":"product_tag-zacin","11":"desktop-align-left","12":"tablet-align-left","13":"mobile-align-left","14":"ast-product-gallery-layout-horizontal","15":"ast-product-tabs-layout-horizontal","16":"ast-qv-on-image","18":"first","19":"outofstock","20":"taxable","21":"shipping-taxable","22":"purchasable","23":"product-type-simple"},"aioseo_notices":[],"_links":{"self":[{"href":"https:\/\/flanca.si\/hr\/wp-json\/wp\/v2\/product\/16557","targetHints":{"allow":["GET"]}}],"collection":[{"href":"https:\/\/flanca.si\/hr\/wp-json\/wp\/v2\/product"}],"about":[{"href":"https:\/\/flanca.si\/hr\/wp-json\/wp\/v2\/types\/product"}],"wp:featuredmedia":[{"embeddable":true,"href":"https:\/\/flanca.si\/hr\/wp-json\/wp\/v2\/media\/16559"}],"wp:attachment":[{"href":"https:\/\/flanca.si\/hr\/wp-json\/wp\/v2\/media?parent=16557"}],"wp:term":[{"taxonomy":"product_brand","embeddable":true,"href":"https:\/\/flanca.si\/hr\/wp-json\/wp\/v2\/product_brand?post=16557"},{"taxonomy":"product_cat","embeddable":true,"href":"https:\/\/flanca.si\/hr\/wp-json\/wp\/v2\/product_cat?post=16557"},{"taxonomy":"product_tag","embeddable":true,"href":"https:\/\/flanca.si\/hr\/wp-json\/wp\/v2\/product_tag?post=16557"}],"curies":[{"name":"wp","href":"https:\/\/api.w.org\/{rel}","templated":true}]}}