{"id":16538,"date":"2021-01-14T07:18:35","date_gmt":"2021-01-14T06:18:35","guid":{"rendered":"https:\/\/flanca.si\/izdelek\/upala-pluca\/"},"modified":"2021-01-14T07:18:35","modified_gmt":"2021-01-14T06:18:35","slug":"upala-pluca","status":"publish","type":"product","link":"https:\/\/flanca.si\/hr\/proizvod\/upala-pluca\/","title":{"rendered":"Upala plu\u0107a"},"content":{"rendered":"<p>Obi\u010dna plu\u0107njak je zeljasta vi\u0161egodi\u0161nja biljka koja je prili\u010dno rasprostranjena u cijeloj Europi. Listovi plu\u0107njaka su jajolikog oblika i tamnozelene boje. Gornja strana li\u0161\u0107a je pubertetna i posuta bijelim mrljama. Lungwort cvjeta od o\u017eujka do travnja. Cvjetovi su crvenkaste boje, ali kasnije, zbog promjene pH vrijednosti, sve prelaze iz ru\u017ei\u010dastih u plave i ljubi\u010daste tonove. U slu\u010daju toplije zime, prvi cvjetovi plu\u0107njaka mogu se vidjeti ve\u0107 u velja\u010di. U narodnoj medicini plu\u0107njak se koristi za ubla\u017eavanje ka\u0161lja. Za \u010daj koristite li\u0161\u0107e i cvjetnicu bez korijena. Mladi listovi plu\u0107njaka mogu se pripremiti i kao \u0161pinat ili dodati kao dodatak raznim salatama.  <\/p>\n","protected":false},"excerpt":{"rendered":"<ul>\n<li><em>Pulmonaria officinalis<\/em><\/li>\n<li>Pozitivni u\u010dinci na di\u0161ne puteve<\/li>\n<li>Korisno cvije\u0107e i mladi listovi<\/li>\n<li>Prirodna stani\u0161ta<\/li>\n<li>mo\u017ee cvjetati ve\u0107 u velja\u010di<\/li>\n<\/ul>\n<h4><strong>Pakirana 1 sadnica odjednom!<\/strong><\/h4>\n","protected":false},"featured_media":16540,"template":"","meta":{"site-sidebar-layout":"default","site-content-layout":"default","ast-site-content-layout":"default","site-content-style":"default","site-sidebar-style":"default","ast-global-header-display":"","ast-banner-title-visibility":"","ast-main-header-display":"","ast-hfb-above-header-display":"","ast-hfb-below-header-display":"","ast-hfb-mobile-header-display":"","site-post-title":"","ast-breadcrumbs-content":"","ast-featured-img":"","footer-sml-layout":"","ast-disable-related-posts":"","theme-transparent-header-meta":"default","adv-header-id-meta":"","stick-header-meta":"default","header-above-stick-meta":"","header-main-stick-meta":"","header-below-stick-meta":"","astra-migrate-meta-layouts":"default","ast-page-background-enabled":"default","ast-page-background-meta":{"desktop":{"background-color":"","background-image":"","background-repeat":"repeat","background-position":"center center","background-size":"auto","background-attachment":"scroll","background-type":"","background-media":"","overlay-type":"","overlay-color":"","overlay-opacity":"","overlay-gradient":""},"tablet":{"background-color":"","background-image":"","background-repeat":"repeat","background-position":"center center","background-size":"auto","background-attachment":"scroll","background-type":"","background-media":"","overlay-type":"","overlay-color":"","overlay-opacity":"","overlay-gradient":""},"mobile":{"background-color":"","background-image":"","background-repeat":"repeat","background-position":"center center","background-size":"auto","background-attachment":"scroll","background-type":"","background-media":"","overlay-type":"","overlay-color":"","overlay-opacity":"","overlay-gradient":""}},"ast-content-background-meta":{"desktop":{"background-color":"var(--ast-global-color-5)","background-image":"","background-repeat":"repeat","background-position":"center center","background-size":"auto","background-attachment":"scroll","background-type":"","background-media":"","overlay-type":"","overlay-color":"","overlay-opacity":"","overlay-gradient":""},"tablet":{"background-color":"var(--ast-global-color-5)","background-image":"","background-repeat":"repeat","background-position":"center center","background-size":"auto","background-attachment":"scroll","background-type":"","background-media":"","overlay-type":"","overlay-color":"","overlay-opacity":"","overlay-gradient":""},"mobile":{"background-color":"var(--ast-global-color-5)","background-image":"","background-repeat":"repeat","background-position":"center center","background-size":"auto","background-attachment":"scroll","background-type":"","background-media":"","overlay-type":"","overlay-color":"","overlay-opacity":"","overlay-gradient":""}}},"product_brand":[],"product_cat":[1752],"product_tag":[1755,1756,1758,1891],"class_list":{"0":"post-16538","1":"product","2":"type-product","3":"status-publish","4":"has-post-thumbnail","6":"product_cat-ostalo-bilje","7":"product_tag-biljke","8":"product_tag-caj-hr","9":"product_tag-trava-hr","10":"product_tag-upala-pluca","11":"desktop-align-left","12":"tablet-align-left","13":"mobile-align-left","14":"ast-product-gallery-layout-horizontal","15":"ast-product-gallery-with-no-image","16":"ast-product-tabs-layout-horizontal","17":"ast-qv-on-image","19":"first","20":"outofstock","21":"taxable","22":"shipping-taxable","23":"purchasable","24":"product-type-simple"},"aioseo_notices":[],"_links":{"self":[{"href":"https:\/\/flanca.si\/hr\/wp-json\/wp\/v2\/product\/16538","targetHints":{"allow":["GET"]}}],"collection":[{"href":"https:\/\/flanca.si\/hr\/wp-json\/wp\/v2\/product"}],"about":[{"href":"https:\/\/flanca.si\/hr\/wp-json\/wp\/v2\/types\/product"}],"wp:featuredmedia":[{"embeddable":true,"href":"https:\/\/flanca.si\/hr\/wp-json\/wp\/v2\/media\/16540"}],"wp:attachment":[{"href":"https:\/\/flanca.si\/hr\/wp-json\/wp\/v2\/media?parent=16538"}],"wp:term":[{"taxonomy":"product_brand","embeddable":true,"href":"https:\/\/flanca.si\/hr\/wp-json\/wp\/v2\/product_brand?post=16538"},{"taxonomy":"product_cat","embeddable":true,"href":"https:\/\/flanca.si\/hr\/wp-json\/wp\/v2\/product_cat?post=16538"},{"taxonomy":"product_tag","embeddable":true,"href":"https:\/\/flanca.si\/hr\/wp-json\/wp\/v2\/product_tag?post=16538"}],"curies":[{"name":"wp","href":"https:\/\/api.w.org\/{rel}","templated":true}]}}