{"id":16460,"date":"2021-02-02T09:42:24","date_gmt":"2021-02-02T08:42:24","guid":{"rendered":"https:\/\/flanca.si\/izdelek\/delosperma-naranca\/"},"modified":"2021-02-02T09:42:24","modified_gmt":"2021-02-02T08:42:24","slug":"delosperma-naranca","status":"publish","type":"product","link":"https:\/\/flanca.si\/hr\/proizvod\/delosperma-naranca\/","title":{"rendered":"Delosperma naran\u010da"},"content":{"rendered":"<p>Delosperma je gotovo neuni\u0161tiva biljka. Otporan je na vru\u0107inu, su\u0161u, siroma\u0161no tlo, \u010dak i sol. To je vi\u0161egodi\u0161nja biljka koja raste u obliku patuljastog grma. Prepoznat \u0107ete ga po izdu\u017eenim, \u0161iljastim i mesnatim listovima, koji su tijekom cvatnje gotovo prekriveni \u0161arenim cvjetovima, oblikom nalik cvjetovima tratin\u010dice. Sorta Wheels of Wonder Hot orange tvori tamno naran\u010daste cvjetove. Posadite ga u kamenjare ili pukotine izme\u0111u stjenovitih zidova i gledajte kako boji va\u0161 vrt u \u017eivopisne boje. Biljke cvjetaju od prolje\u0107a do prvih mrazeva. Cvije\u0107e jako voli p\u010dele zbog njihove ispa\u0161e. U prolje\u0107e je potrebno odrezati sve o\u0161te\u0107ene izbojke prethodne godine.   <\/p>\n","protected":false},"excerpt":{"rendered":"<ul>\n<li><em>Delosperma cooperi<\/em><\/li>\n<li>Neuni\u0161tiva trajnica<\/li>\n<li>Raste u obliku patuljastog grma<\/li>\n<li>Sadimo na sun\u010danim polo\u017eajima<\/li>\n<li>Tamno naran\u010dasti cvjetovi<\/li>\n<li>cvjeta od prolje\u0107a do prvog mraza<\/li>\n<\/ul>\n<h4><strong>Pakirana 1 sadnica odjednom!<\/strong><\/h4>\n","protected":false},"featured_media":16462,"template":"","meta":{"site-sidebar-layout":"default","site-content-layout":"default","ast-site-content-layout":"default","site-content-style":"default","site-sidebar-style":"default","ast-global-header-display":"","ast-banner-title-visibility":"","ast-main-header-display":"","ast-hfb-above-header-display":"","ast-hfb-below-header-display":"","ast-hfb-mobile-header-display":"","site-post-title":"","ast-breadcrumbs-content":"","ast-featured-img":"","footer-sml-layout":"","ast-disable-related-posts":"","theme-transparent-header-meta":"default","adv-header-id-meta":"","stick-header-meta":"default","header-above-stick-meta":"","header-main-stick-meta":"","header-below-stick-meta":"","astra-migrate-meta-layouts":"default","ast-page-background-enabled":"default","ast-page-background-meta":{"desktop":{"background-color":"","background-image":"","background-repeat":"repeat","background-position":"center center","background-size":"auto","background-attachment":"scroll","background-type":"","background-media":"","overlay-type":"","overlay-color":"","overlay-opacity":"","overlay-gradient":""},"tablet":{"background-color":"","background-image":"","background-repeat":"repeat","background-position":"center center","background-size":"auto","background-attachment":"scroll","background-type":"","background-media":"","overlay-type":"","overlay-color":"","overlay-opacity":"","overlay-gradient":""},"mobile":{"background-color":"","background-image":"","background-repeat":"repeat","background-position":"center center","background-size":"auto","background-attachment":"scroll","background-type":"","background-media":"","overlay-type":"","overlay-color":"","overlay-opacity":"","overlay-gradient":""}},"ast-content-background-meta":{"desktop":{"background-color":"var(--ast-global-color-5)","background-image":"","background-repeat":"repeat","background-position":"center center","background-size":"auto","background-attachment":"scroll","background-type":"","background-media":"","overlay-type":"","overlay-color":"","overlay-opacity":"","overlay-gradient":""},"tablet":{"background-color":"var(--ast-global-color-5)","background-image":"","background-repeat":"repeat","background-position":"center center","background-size":"auto","background-attachment":"scroll","background-type":"","background-media":"","overlay-type":"","overlay-color":"","overlay-opacity":"","overlay-gradient":""},"mobile":{"background-color":"var(--ast-global-color-5)","background-image":"","background-repeat":"repeat","background-position":"center center","background-size":"auto","background-attachment":"scroll","background-type":"","background-media":"","overlay-type":"","overlay-color":"","overlay-opacity":"","overlay-gradient":""}}},"product_brand":[],"product_cat":[1833],"product_tag":[1854,1829],"class_list":{"0":"post-16460","1":"product","2":"type-product","3":"status-publish","4":"has-post-thumbnail","6":"product_cat-biljke-za-korita-i-gredice","7":"product_tag-cvarci","8":"product_tag-kamenjari","9":"desktop-align-left","10":"tablet-align-left","11":"mobile-align-left","12":"ast-product-gallery-layout-horizontal","13":"ast-product-gallery-with-no-image","14":"ast-product-tabs-layout-horizontal","15":"ast-qv-on-image","17":"first","18":"instock","19":"taxable","20":"shipping-taxable","21":"purchasable","22":"product-type-simple"},"aioseo_notices":[],"_links":{"self":[{"href":"https:\/\/flanca.si\/hr\/wp-json\/wp\/v2\/product\/16460","targetHints":{"allow":["GET"]}}],"collection":[{"href":"https:\/\/flanca.si\/hr\/wp-json\/wp\/v2\/product"}],"about":[{"href":"https:\/\/flanca.si\/hr\/wp-json\/wp\/v2\/types\/product"}],"wp:featuredmedia":[{"embeddable":true,"href":"https:\/\/flanca.si\/hr\/wp-json\/wp\/v2\/media\/16462"}],"wp:attachment":[{"href":"https:\/\/flanca.si\/hr\/wp-json\/wp\/v2\/media?parent=16460"}],"wp:term":[{"taxonomy":"product_brand","embeddable":true,"href":"https:\/\/flanca.si\/hr\/wp-json\/wp\/v2\/product_brand?post=16460"},{"taxonomy":"product_cat","embeddable":true,"href":"https:\/\/flanca.si\/hr\/wp-json\/wp\/v2\/product_cat?post=16460"},{"taxonomy":"product_tag","embeddable":true,"href":"https:\/\/flanca.si\/hr\/wp-json\/wp\/v2\/product_tag?post=16460"}],"curies":[{"name":"wp","href":"https:\/\/api.w.org\/{rel}","templated":true}]}}