{"id":16387,"date":"2019-12-20T06:03:20","date_gmt":"2019-12-20T05:03:20","guid":{"rendered":"https:\/\/flanca.si\/izdelek\/luk-star-100-godina\/"},"modified":"2019-12-20T06:03:20","modified_gmt":"2019-12-20T05:03:20","slug":"luk-star-100-godina","status":"publish","type":"product","link":"https:\/\/flanca.si\/hr\/proizvod\/luk-star-100-godina\/","title":{"rendered":"Luk star 100 godina"},"content":{"rendered":"<p>Luk star 100 godina, po mnogima poznat i kao zimski luk, stogodi\u0161nji luk ili zimski luk. Biljka je nepretenciozna za uzgoj. Mo\u017ee se saditi u rano prolje\u0107e ili krajem ljeta za zimovanje. Tvori prekrasno uspravno stani\u0161te u kojem se lisne peteljke ne savijaju. Jednostavno i brzo \u010di\u0161\u0107enje. Korisna je cijela biljka, lukovica sa stabljikom i zelenilom. Ugodnog je blagog okusa. Mo\u017ee se koristiti cijelo ljeto kao mladi luk.<\/p>\n","protected":false},"excerpt":{"rendered":"<ul>\n<li>zimski luk, stogodi\u0161nji luk, zimski luk<\/li>\n<li>nepretenciozan za rast<\/li>\n<li>Sadimo u prolje\u0107e i krajem ljeta<\/li>\n<li>jednostavno i brzo \u010di\u0161\u0107enje<\/li>\n<\/ul>\n<h4><\/h4>\n","protected":false},"featured_media":16389,"template":"","meta":{"site-sidebar-layout":"default","site-content-layout":"default","ast-site-content-layout":"default","site-content-style":"default","site-sidebar-style":"default","ast-global-header-display":"","ast-banner-title-visibility":"","ast-main-header-display":"","ast-hfb-above-header-display":"","ast-hfb-below-header-display":"","ast-hfb-mobile-header-display":"","site-post-title":"","ast-breadcrumbs-content":"","ast-featured-img":"","footer-sml-layout":"","ast-disable-related-posts":"","theme-transparent-header-meta":"default","adv-header-id-meta":"","stick-header-meta":"default","header-above-stick-meta":"","header-main-stick-meta":"","header-below-stick-meta":"","astra-migrate-meta-layouts":"default","ast-page-background-enabled":"default","ast-page-background-meta":{"desktop":{"background-color":"","background-image":"","background-repeat":"repeat","background-position":"center center","background-size":"auto","background-attachment":"scroll","background-type":"","background-media":"","overlay-type":"","overlay-color":"","overlay-opacity":"","overlay-gradient":""},"tablet":{"background-color":"","background-image":"","background-repeat":"repeat","background-position":"center center","background-size":"auto","background-attachment":"scroll","background-type":"","background-media":"","overlay-type":"","overlay-color":"","overlay-opacity":"","overlay-gradient":""},"mobile":{"background-color":"","background-image":"","background-repeat":"repeat","background-position":"center center","background-size":"auto","background-attachment":"scroll","background-type":"","background-media":"","overlay-type":"","overlay-color":"","overlay-opacity":"","overlay-gradient":""}},"ast-content-background-meta":{"desktop":{"background-color":"var(--ast-global-color-5)","background-image":"","background-repeat":"repeat","background-position":"center center","background-size":"auto","background-attachment":"scroll","background-type":"","background-media":"","overlay-type":"","overlay-color":"","overlay-opacity":"","overlay-gradient":""},"tablet":{"background-color":"var(--ast-global-color-5)","background-image":"","background-repeat":"repeat","background-position":"center center","background-size":"auto","background-attachment":"scroll","background-type":"","background-media":"","overlay-type":"","overlay-color":"","overlay-opacity":"","overlay-gradient":""},"mobile":{"background-color":"var(--ast-global-color-5)","background-image":"","background-repeat":"repeat","background-position":"center center","background-size":"auto","background-attachment":"scroll","background-type":"","background-media":"","overlay-type":"","overlay-color":"","overlay-opacity":"","overlay-gradient":""}}},"product_brand":[],"product_cat":[1814],"product_tag":[1772,1630,1609,1823,1821],"class_list":{"0":"post-16387","1":"product","2":"type-product","3":"status-publish","4":"has-post-thumbnail","6":"product_cat-luk-i-spinat","7":"product_tag-allium-hr","8":"product_tag-kuhinja-hr","9":"product_tag-ljeto","10":"product_tag-luk","11":"product_tag-zarulje","12":"desktop-align-left","13":"tablet-align-left","14":"mobile-align-left","15":"ast-product-gallery-layout-horizontal","16":"ast-product-tabs-layout-horizontal","17":"ast-qv-on-image","19":"first","20":"outofstock","21":"taxable","22":"shipping-taxable","23":"purchasable","24":"product-type-simple"},"aioseo_notices":[],"_links":{"self":[{"href":"https:\/\/flanca.si\/hr\/wp-json\/wp\/v2\/product\/16387","targetHints":{"allow":["GET"]}}],"collection":[{"href":"https:\/\/flanca.si\/hr\/wp-json\/wp\/v2\/product"}],"about":[{"href":"https:\/\/flanca.si\/hr\/wp-json\/wp\/v2\/types\/product"}],"wp:featuredmedia":[{"embeddable":true,"href":"https:\/\/flanca.si\/hr\/wp-json\/wp\/v2\/media\/16389"}],"wp:attachment":[{"href":"https:\/\/flanca.si\/hr\/wp-json\/wp\/v2\/media?parent=16387"}],"wp:term":[{"taxonomy":"product_brand","embeddable":true,"href":"https:\/\/flanca.si\/hr\/wp-json\/wp\/v2\/product_brand?post=16387"},{"taxonomy":"product_cat","embeddable":true,"href":"https:\/\/flanca.si\/hr\/wp-json\/wp\/v2\/product_cat?post=16387"},{"taxonomy":"product_tag","embeddable":true,"href":"https:\/\/flanca.si\/hr\/wp-json\/wp\/v2\/product_tag?post=16387"}],"curies":[{"name":"wp","href":"https:\/\/api.w.org\/{rel}","templated":true}]}}