{"id":16315,"date":"2019-12-24T07:09:47","date_gmt":"2019-12-24T06:09:47","guid":{"rendered":"https:\/\/flanca.si\/izdelek\/luk-vlasac\/"},"modified":"2019-12-24T07:09:47","modified_gmt":"2019-12-24T06:09:47","slug":"luk-vlasac","status":"publish","type":"product","link":"https:\/\/flanca.si\/hr\/proizvod\/luk-vlasac\/","title":{"rendered":"Luk vlasac"},"content":{"rendered":"<p>Najmanja vi\u0161egodi\u0161nja biljka iz roda lukovica. Lako se uzgaja. Listovi ponovno rastu nakon rezanja. Odbija ne\u017eeljene insekte i privla\u010di p\u010dele svojim ljubi\u010dastim cvjetovima. Njegovi \u0161uplji, uski, zeleni listovi riznica su vitamina, minerala, posebnih ulja i drugih va\u017enih sastojaka koji doprinose njegovim ljekovitim svojstvima. 100 grama vlasca sadr\u017ei \u010dak 50 mg vitamina C, \u0161to predstavlja 85 posto dnevne preporu\u010dene doze ovog vitamina. Vlasac \u010disti krv, ubrzava probavu, odvodi vodu, antiseptik je, antioksidans koji inhibira procese starenja,&#8230; Pogodan je za anemiju i op\u0107enito pobolj\u0161ava dobrobit na\u0161eg organizma.  <\/p>\n","protected":false},"excerpt":{"rendered":"<ul>\n<li><em>Allium schoenoprasum<\/em><\/li>\n<li>Pripada \u017earuljama<\/li>\n<li>Formira \u0161uplje popise<\/li>\n<li>li\u0161\u0107e se brzo regenerira nakon rezanja<\/li>\n<li>bogat izvor vitamina C<\/li>\n<li>op\u0107enito pobolj\u0161ava dobrobit na\u0161eg tijela<\/li>\n<\/ul>\n<h4><strong>Pakirana 1 sadnica odjednom!<\/strong><\/h4>\n","protected":false},"featured_media":16316,"template":"","meta":{"site-sidebar-layout":"default","site-content-layout":"default","ast-site-content-layout":"default","site-content-style":"default","site-sidebar-style":"default","ast-global-header-display":"","ast-banner-title-visibility":"","ast-main-header-display":"","ast-hfb-above-header-display":"","ast-hfb-below-header-display":"","ast-hfb-mobile-header-display":"","site-post-title":"","ast-breadcrumbs-content":"","ast-featured-img":"","footer-sml-layout":"","ast-disable-related-posts":"","theme-transparent-header-meta":"default","adv-header-id-meta":"","stick-header-meta":"default","header-above-stick-meta":"","header-main-stick-meta":"","header-below-stick-meta":"","astra-migrate-meta-layouts":"default","ast-page-background-enabled":"default","ast-page-background-meta":{"desktop":{"background-color":"","background-image":"","background-repeat":"repeat","background-position":"center center","background-size":"auto","background-attachment":"scroll","background-type":"","background-media":"","overlay-type":"","overlay-color":"","overlay-opacity":"","overlay-gradient":""},"tablet":{"background-color":"","background-image":"","background-repeat":"repeat","background-position":"center center","background-size":"auto","background-attachment":"scroll","background-type":"","background-media":"","overlay-type":"","overlay-color":"","overlay-opacity":"","overlay-gradient":""},"mobile":{"background-color":"","background-image":"","background-repeat":"repeat","background-position":"center center","background-size":"auto","background-attachment":"scroll","background-type":"","background-media":"","overlay-type":"","overlay-color":"","overlay-opacity":"","overlay-gradient":""}},"ast-content-background-meta":{"desktop":{"background-color":"var(--ast-global-color-5)","background-image":"","background-repeat":"repeat","background-position":"center center","background-size":"auto","background-attachment":"scroll","background-type":"","background-media":"","overlay-type":"","overlay-color":"","overlay-opacity":"","overlay-gradient":""},"tablet":{"background-color":"var(--ast-global-color-5)","background-image":"","background-repeat":"repeat","background-position":"center center","background-size":"auto","background-attachment":"scroll","background-type":"","background-media":"","overlay-type":"","overlay-color":"","overlay-opacity":"","overlay-gradient":""},"mobile":{"background-color":"var(--ast-global-color-5)","background-image":"","background-repeat":"repeat","background-position":"center center","background-size":"auto","background-attachment":"scroll","background-type":"","background-media":"","overlay-type":"","overlay-color":"","overlay-opacity":"","overlay-gradient":""}}},"product_brand":[],"product_cat":[1752],"product_tag":[1772,1773,1774,1771],"class_list":{"0":"post-16315","1":"product","2":"type-product","3":"status-publish","4":"has-post-thumbnail","6":"product_cat-ostalo-bilje","7":"product_tag-allium-hr","8":"product_tag-lisce","9":"product_tag-luk-vlasac","10":"product_tag-vitamini-hr","11":"desktop-align-left","12":"tablet-align-left","13":"mobile-align-left","14":"ast-product-gallery-layout-horizontal","15":"ast-product-gallery-with-no-image","16":"ast-product-tabs-layout-horizontal","17":"ast-qv-on-image","19":"first","20":"instock","21":"taxable","22":"shipping-taxable","23":"purchasable","24":"product-type-simple"},"aioseo_notices":[],"_links":{"self":[{"href":"https:\/\/flanca.si\/hr\/wp-json\/wp\/v2\/product\/16315","targetHints":{"allow":["GET"]}}],"collection":[{"href":"https:\/\/flanca.si\/hr\/wp-json\/wp\/v2\/product"}],"about":[{"href":"https:\/\/flanca.si\/hr\/wp-json\/wp\/v2\/types\/product"}],"wp:featuredmedia":[{"embeddable":true,"href":"https:\/\/flanca.si\/hr\/wp-json\/wp\/v2\/media\/16316"}],"wp:attachment":[{"href":"https:\/\/flanca.si\/hr\/wp-json\/wp\/v2\/media?parent=16315"}],"wp:term":[{"taxonomy":"product_brand","embeddable":true,"href":"https:\/\/flanca.si\/hr\/wp-json\/wp\/v2\/product_brand?post=16315"},{"taxonomy":"product_cat","embeddable":true,"href":"https:\/\/flanca.si\/hr\/wp-json\/wp\/v2\/product_cat?post=16315"},{"taxonomy":"product_tag","embeddable":true,"href":"https:\/\/flanca.si\/hr\/wp-json\/wp\/v2\/product_tag?post=16315"}],"curies":[{"name":"wp","href":"https:\/\/api.w.org\/{rel}","templated":true}]}}