{"id":16303,"date":"2019-12-24T08:12:43","date_gmt":"2019-12-24T07:12:43","guid":{"rendered":"https:\/\/flanca.si\/izdelek\/kopar\/"},"modified":"2019-12-24T08:12:43","modified_gmt":"2019-12-24T07:12:43","slug":"kopar","status":"publish","type":"product","link":"https:\/\/flanca.si\/hr\/proizvod\/kopar\/","title":{"rendered":"Kopar"},"content":{"rendered":"<p>Obi\u010dni kopar je jednogodi\u0161nja biljka koja naraste od 40 do 120 cm visine. Listovi su fino podijeljeni, plavkasto-zelene boje. Cvate u kuglastim cvatovima. Sjemenke su duga\u010dke 4 do 5 mm i debljine oko 1 mm. Biljka ima karakteristi\u010dan aromati\u010dan miris, mo\u017ee se koristiti kao za\u010din ili kao ljekovita biljka. U su\u0161nim danima potrebno mu je redovito zalijevanje. Ina\u010de, to je nepretenciozna biljka za uzgoj. Kao za\u010din koristimo li\u0161\u0107e od kojeg mo\u017eete kuhati juhu od kopra, juhu od krumpira, umake, majonezu, preljeve za salatu. Li\u0161\u0107e beremo na kraju sun\u010danih dana. Gran\u010dice s cvije\u0107em koriste se za kiseljenje krastavaca, raj\u010dice i paprike. U kuhanju koristimo i sjemenke koje se dodaju mesnim jelima ili kruhu. Kopar poma\u017ee kod \u0161tucanja, probavnih smetnji i nesanice.    <\/p>\n","protected":false},"excerpt":{"rendered":"<ul>\n<li><em>Anethum graveolens<\/em><\/li>\n<li>jednogodi\u0161nja biljka<\/li>\n<li>karakteristi\u010dan aromati\u010dni miris biljke<\/li>\n<li>Za\u010dini i ljekovita biljka<\/li>\n<li>redovito zalijevanje tijekom su\u0161nih mjeseci<\/li>\n<li>poma\u017ee kod \u0161tucanja<\/li>\n<\/ul>\n<h4><strong>Pakirana 1 sadnica odjednom!<\/strong><\/h4>\n","protected":false},"featured_media":16305,"template":"","meta":{"site-sidebar-layout":"default","site-content-layout":"default","ast-site-content-layout":"default","site-content-style":"default","site-sidebar-style":"default","ast-global-header-display":"","ast-banner-title-visibility":"","ast-main-header-display":"","ast-hfb-above-header-display":"","ast-hfb-below-header-display":"","ast-hfb-mobile-header-display":"","site-post-title":"","ast-breadcrumbs-content":"","ast-featured-img":"","footer-sml-layout":"","ast-disable-related-posts":"","theme-transparent-header-meta":"default","adv-header-id-meta":"","stick-header-meta":"default","header-above-stick-meta":"","header-main-stick-meta":"","header-below-stick-meta":"","astra-migrate-meta-layouts":"default","ast-page-background-enabled":"default","ast-page-background-meta":{"desktop":{"background-color":"","background-image":"","background-repeat":"repeat","background-position":"center center","background-size":"auto","background-attachment":"scroll","background-type":"","background-media":"","overlay-type":"","overlay-color":"","overlay-opacity":"","overlay-gradient":""},"tablet":{"background-color":"","background-image":"","background-repeat":"repeat","background-position":"center center","background-size":"auto","background-attachment":"scroll","background-type":"","background-media":"","overlay-type":"","overlay-color":"","overlay-opacity":"","overlay-gradient":""},"mobile":{"background-color":"","background-image":"","background-repeat":"repeat","background-position":"center center","background-size":"auto","background-attachment":"scroll","background-type":"","background-media":"","overlay-type":"","overlay-color":"","overlay-opacity":"","overlay-gradient":""}},"ast-content-background-meta":{"desktop":{"background-color":"var(--ast-global-color-5)","background-image":"","background-repeat":"repeat","background-position":"center center","background-size":"auto","background-attachment":"scroll","background-type":"","background-media":"","overlay-type":"","overlay-color":"","overlay-opacity":"","overlay-gradient":""},"tablet":{"background-color":"var(--ast-global-color-5)","background-image":"","background-repeat":"repeat","background-position":"center center","background-size":"auto","background-attachment":"scroll","background-type":"","background-media":"","overlay-type":"","overlay-color":"","overlay-opacity":"","overlay-gradient":""},"mobile":{"background-color":"var(--ast-global-color-5)","background-image":"","background-repeat":"repeat","background-position":"center center","background-size":"auto","background-attachment":"scroll","background-type":"","background-media":"","overlay-type":"","overlay-color":"","overlay-opacity":"","overlay-gradient":""}}},"product_brand":[],"product_cat":[1752],"product_tag":[1755,1764,1630,1763],"class_list":{"0":"post-16303","1":"product","2":"type-product","3":"status-publish","4":"has-post-thumbnail","6":"product_cat-ostalo-bilje","7":"product_tag-biljke","8":"product_tag-kopar","9":"product_tag-kuhinja-hr","10":"product_tag-ljekovita-biljka","11":"desktop-align-left","12":"tablet-align-left","13":"mobile-align-left","14":"ast-product-gallery-layout-horizontal","15":"ast-product-tabs-layout-horizontal","16":"ast-qv-on-image","18":"first","19":"instock","20":"taxable","21":"shipping-taxable","22":"purchasable","23":"product-type-simple"},"aioseo_notices":[],"_links":{"self":[{"href":"https:\/\/flanca.si\/hr\/wp-json\/wp\/v2\/product\/16303","targetHints":{"allow":["GET"]}}],"collection":[{"href":"https:\/\/flanca.si\/hr\/wp-json\/wp\/v2\/product"}],"about":[{"href":"https:\/\/flanca.si\/hr\/wp-json\/wp\/v2\/types\/product"}],"wp:featuredmedia":[{"embeddable":true,"href":"https:\/\/flanca.si\/hr\/wp-json\/wp\/v2\/media\/16305"}],"wp:attachment":[{"href":"https:\/\/flanca.si\/hr\/wp-json\/wp\/v2\/media?parent=16303"}],"wp:term":[{"taxonomy":"product_brand","embeddable":true,"href":"https:\/\/flanca.si\/hr\/wp-json\/wp\/v2\/product_brand?post=16303"},{"taxonomy":"product_cat","embeddable":true,"href":"https:\/\/flanca.si\/hr\/wp-json\/wp\/v2\/product_cat?post=16303"},{"taxonomy":"product_tag","embeddable":true,"href":"https:\/\/flanca.si\/hr\/wp-json\/wp\/v2\/product_tag?post=16303"}],"curies":[{"name":"wp","href":"https:\/\/api.w.org\/{rel}","templated":true}]}}