{"id":15984,"date":"2019-12-06T08:35:05","date_gmt":"2019-12-06T07:35:05","guid":{"rendered":"https:\/\/flanca.si\/izdelek\/cikorija-grumolo-rosso\/"},"modified":"2019-12-06T08:35:05","modified_gmt":"2019-12-06T07:35:05","slug":"cikorija-grumolo-rosso","status":"publish","type":"product","link":"https:\/\/flanca.si\/hr\/proizvod\/cikorija-grumolo-rosso\/","title":{"rendered":"Cikorija Grumolo rosso"},"content":{"rendered":"<p>Cikorija pogodna za uzgoj u kasnoj zimi. Formira rozetu s vinsko-crvenim li\u0161\u0107em, zimi i do prolje\u0107a. Na po\u010detku sezone <span style=\"font-size: 16px\">okus je pomalo gorak, ali s hladno\u0107om dobiva slatko\u0107u.<\/span> Da biste ga prisilili, potrebno je iskopati biljke sredinom listopada. <\/p>\n","protected":false},"excerpt":{"rendered":"<ul>\n<li>kasna zimska obrada<\/li>\n<li>tvori vinsko crvenu rozetu<\/li>\n<li>Uz hladno\u0107u, okus postaje sla\u0111i<\/li>\n<li>U listopadu ga pripremamo za forsiranje<\/li>\n<\/ul>\n<h4><strong>Pakirano za 9 sadnica!<\/strong><\/h4>\n","protected":false},"featured_media":15986,"template":"","meta":{"site-sidebar-layout":"default","site-content-layout":"default","ast-site-content-layout":"default","site-content-style":"default","site-sidebar-style":"default","ast-global-header-display":"","ast-banner-title-visibility":"","ast-main-header-display":"","ast-hfb-above-header-display":"","ast-hfb-below-header-display":"","ast-hfb-mobile-header-display":"","site-post-title":"","ast-breadcrumbs-content":"","ast-featured-img":"","footer-sml-layout":"","ast-disable-related-posts":"","theme-transparent-header-meta":"default","adv-header-id-meta":"","stick-header-meta":"default","header-above-stick-meta":"","header-main-stick-meta":"","header-below-stick-meta":"","astra-migrate-meta-layouts":"default","ast-page-background-enabled":"default","ast-page-background-meta":{"desktop":{"background-color":"","background-image":"","background-repeat":"repeat","background-position":"center center","background-size":"auto","background-attachment":"scroll","background-type":"","background-media":"","overlay-type":"","overlay-color":"","overlay-opacity":"","overlay-gradient":""},"tablet":{"background-color":"","background-image":"","background-repeat":"repeat","background-position":"center center","background-size":"auto","background-attachment":"scroll","background-type":"","background-media":"","overlay-type":"","overlay-color":"","overlay-opacity":"","overlay-gradient":""},"mobile":{"background-color":"","background-image":"","background-repeat":"repeat","background-position":"center center","background-size":"auto","background-attachment":"scroll","background-type":"","background-media":"","overlay-type":"","overlay-color":"","overlay-opacity":"","overlay-gradient":""}},"ast-content-background-meta":{"desktop":{"background-color":"var(--ast-global-color-5)","background-image":"","background-repeat":"repeat","background-position":"center center","background-size":"auto","background-attachment":"scroll","background-type":"","background-media":"","overlay-type":"","overlay-color":"","overlay-opacity":"","overlay-gradient":""},"tablet":{"background-color":"var(--ast-global-color-5)","background-image":"","background-repeat":"repeat","background-position":"center center","background-size":"auto","background-attachment":"scroll","background-type":"","background-media":"","overlay-type":"","overlay-color":"","overlay-opacity":"","overlay-gradient":""},"mobile":{"background-color":"var(--ast-global-color-5)","background-image":"","background-repeat":"repeat","background-position":"center center","background-size":"auto","background-attachment":"scroll","background-type":"","background-media":"","overlay-type":"","overlay-color":"","overlay-opacity":"","overlay-gradient":""}}},"product_brand":[],"product_cat":[1709],"product_tag":[1714,1718,1607],"class_list":{"0":"post-15984","1":"product","2":"type-product","3":"status-publish","4":"has-post-thumbnail","6":"product_cat-salate-hr","7":"product_tag-cikorija","8":"product_tag-crvena-salata","9":"product_tag-jesen-hr-2","10":"desktop-align-left","11":"tablet-align-left","12":"mobile-align-left","13":"ast-product-gallery-layout-horizontal","14":"ast-product-tabs-layout-horizontal","15":"ast-qv-on-image","17":"first","18":"outofstock","19":"taxable","20":"shipping-taxable","21":"purchasable","22":"product-type-simple"},"aioseo_notices":[],"_links":{"self":[{"href":"https:\/\/flanca.si\/hr\/wp-json\/wp\/v2\/product\/15984","targetHints":{"allow":["GET"]}}],"collection":[{"href":"https:\/\/flanca.si\/hr\/wp-json\/wp\/v2\/product"}],"about":[{"href":"https:\/\/flanca.si\/hr\/wp-json\/wp\/v2\/types\/product"}],"wp:featuredmedia":[{"embeddable":true,"href":"https:\/\/flanca.si\/hr\/wp-json\/wp\/v2\/media\/15986"}],"wp:attachment":[{"href":"https:\/\/flanca.si\/hr\/wp-json\/wp\/v2\/media?parent=15984"}],"wp:term":[{"taxonomy":"product_brand","embeddable":true,"href":"https:\/\/flanca.si\/hr\/wp-json\/wp\/v2\/product_brand?post=15984"},{"taxonomy":"product_cat","embeddable":true,"href":"https:\/\/flanca.si\/hr\/wp-json\/wp\/v2\/product_cat?post=15984"},{"taxonomy":"product_tag","embeddable":true,"href":"https:\/\/flanca.si\/hr\/wp-json\/wp\/v2\/product_tag?post=15984"}],"curies":[{"name":"wp","href":"https:\/\/api.w.org\/{rel}","templated":true}]}}