{"id":15789,"date":"2019-12-16T10:50:57","date_gmt":"2019-12-16T09:50:57","guid":{"rendered":"https:\/\/flanca.si\/izdelek\/rajcica-novi-sad-jabukovaca\/"},"modified":"2019-12-16T10:50:57","modified_gmt":"2019-12-16T09:50:57","slug":"rajcica-novi-sad-jabukovaca","status":"publish","type":"product","link":"https:\/\/flanca.si\/hr\/proizvod\/rajcica-novi-sad-jabukovaca\/","title":{"rendered":"Raj\u010dica Novi Sad jabukova\u010da"},"content":{"rendered":"<p>Sorta Novosadski jabu\u010dar tradicionalna je sorta koja je dobro poznata slovenskim vrtlarima. Berba je srednje rana. Na grozdovima tvori srednje velike do velike plodove koji imaju izvrstan blago kiselkast okus, tipi\u010dan okus za raj\u010dice. Ravno okruglo vo\u0107e posebno je pogodno za svje\u017eu konzumaciju. Redovitim uklanjanjem li\u0161\u0107a raj\u010dica \u0107e se brati dugo u jesen. Plodovi sazrijevaju u kolovozu. Uzgojem u za\u0161ti\u0107enom podru\u010dju mo\u017eemo se pobrinuti za raniju berbu, jer se sadnice mogu saditi malo ranije. <\/p>\n","protected":false},"excerpt":{"rendered":"<ul>\n<li>Tradicionalna sorta<\/li>\n<li>Srednje rana berba<\/li>\n<li>tipi\u010dan okus raj\u010dice<\/li>\n<li>srednje do krupne plodove<\/li>\n<\/ul>\n<h4><strong>Pakirano po 4 sadnice!<\/strong><\/h4>\n","protected":false},"featured_media":15791,"template":"","meta":{"site-sidebar-layout":"default","site-content-layout":"default","ast-site-content-layout":"default","site-content-style":"default","site-sidebar-style":"default","ast-global-header-display":"","ast-banner-title-visibility":"","ast-main-header-display":"","ast-hfb-above-header-display":"","ast-hfb-below-header-display":"","ast-hfb-mobile-header-display":"","site-post-title":"","ast-breadcrumbs-content":"","ast-featured-img":"","footer-sml-layout":"","ast-disable-related-posts":"","theme-transparent-header-meta":"default","adv-header-id-meta":"","stick-header-meta":"default","header-above-stick-meta":"","header-main-stick-meta":"","header-below-stick-meta":"","astra-migrate-meta-layouts":"default","ast-page-background-enabled":"default","ast-page-background-meta":{"desktop":{"background-color":"","background-image":"","background-repeat":"repeat","background-position":"center center","background-size":"auto","background-attachment":"scroll","background-type":"","background-media":"","overlay-type":"","overlay-color":"","overlay-opacity":"","overlay-gradient":""},"tablet":{"background-color":"","background-image":"","background-repeat":"repeat","background-position":"center center","background-size":"auto","background-attachment":"scroll","background-type":"","background-media":"","overlay-type":"","overlay-color":"","overlay-opacity":"","overlay-gradient":""},"mobile":{"background-color":"","background-image":"","background-repeat":"repeat","background-position":"center center","background-size":"auto","background-attachment":"scroll","background-type":"","background-media":"","overlay-type":"","overlay-color":"","overlay-opacity":"","overlay-gradient":""}},"ast-content-background-meta":{"desktop":{"background-color":"var(--ast-global-color-5)","background-image":"","background-repeat":"repeat","background-position":"center center","background-size":"auto","background-attachment":"scroll","background-type":"","background-media":"","overlay-type":"","overlay-color":"","overlay-opacity":"","overlay-gradient":""},"tablet":{"background-color":"var(--ast-global-color-5)","background-image":"","background-repeat":"repeat","background-position":"center center","background-size":"auto","background-attachment":"scroll","background-type":"","background-media":"","overlay-type":"","overlay-color":"","overlay-opacity":"","overlay-gradient":""},"mobile":{"background-color":"var(--ast-global-color-5)","background-image":"","background-repeat":"repeat","background-position":"center center","background-size":"auto","background-attachment":"scroll","background-type":"","background-media":"","overlay-type":"","overlay-color":"","overlay-opacity":"","overlay-gradient":""}}},"product_brand":[],"product_cat":[1639],"product_tag":[1653,1591,1634],"class_list":{"0":"post-15789","1":"product","2":"type-product","3":"status-publish","4":"has-post-thumbnail","6":"product_cat-rajcica","7":"product_tag-grapolo-hr","8":"product_tag-plodista","9":"product_tag-rajcice","10":"desktop-align-left","11":"tablet-align-left","12":"mobile-align-left","13":"ast-product-gallery-layout-horizontal","14":"ast-product-gallery-with-no-image","15":"ast-product-tabs-layout-horizontal","16":"ast-qv-on-image","18":"first","19":"instock","20":"taxable","21":"shipping-taxable","22":"purchasable","23":"product-type-simple"},"aioseo_notices":[],"_links":{"self":[{"href":"https:\/\/flanca.si\/hr\/wp-json\/wp\/v2\/product\/15789","targetHints":{"allow":["GET"]}}],"collection":[{"href":"https:\/\/flanca.si\/hr\/wp-json\/wp\/v2\/product"}],"about":[{"href":"https:\/\/flanca.si\/hr\/wp-json\/wp\/v2\/types\/product"}],"wp:featuredmedia":[{"embeddable":true,"href":"https:\/\/flanca.si\/hr\/wp-json\/wp\/v2\/media\/15791"}],"wp:attachment":[{"href":"https:\/\/flanca.si\/hr\/wp-json\/wp\/v2\/media?parent=15789"}],"wp:term":[{"taxonomy":"product_brand","embeddable":true,"href":"https:\/\/flanca.si\/hr\/wp-json\/wp\/v2\/product_brand?post=15789"},{"taxonomy":"product_cat","embeddable":true,"href":"https:\/\/flanca.si\/hr\/wp-json\/wp\/v2\/product_cat?post=15789"},{"taxonomy":"product_tag","embeddable":true,"href":"https:\/\/flanca.si\/hr\/wp-json\/wp\/v2\/product_tag?post=15789"}],"curies":[{"name":"wp","href":"https:\/\/api.w.org\/{rel}","templated":true}]}}