{"id":15760,"date":"2019-12-17T07:20:42","date_gmt":"2019-12-17T06:20:42","guid":{"rendered":"https:\/\/flanca.si\/izdelek\/cijepljena-paprika-ziva-zuta-paprika\/"},"modified":"2019-12-17T07:20:42","modified_gmt":"2019-12-17T06:20:42","slug":"cijepljena-paprika-ziva-zuta-paprika","status":"publish","type":"product","link":"https:\/\/flanca.si\/hr\/proizvod\/cijepljena-paprika-ziva-zuta-paprika\/","title":{"rendered":"Cijepljena paprika \u017eiva \u017euta paprika"},"content":{"rendered":"<p>Kalemljena paprika predstavljena je s dva dijela, a to su podloga i sorta. U na\u0161em asortimanu imamo cijepljene paprike, \u010dija je sorta Vedrana, koja je \u017euta paprika tipa babura. Zbog cijepljenja na bujnu rastu\u0107u podlogu, biljka ima izniman rast u kombinaciji s sortom, kao i plodnost. Cijepljene paprike ostaju na va\u0161em vrtnom krevetu dugo u sezoni. Otporniji je na \u0161teto\u010dine, bolesti i prehrambene poreme\u0107aje (nedostatak hranjivih tvari). Idealan je za vrtlarenje u manjim prostorijama, jer je usjev ve\u0107i i kvalitetniji. Plodovi imaju debelu mesnatu stijenku i izuzetno su ujedna\u010deni. Izvrsne su kvalitete i okusa. Sadi se na otvorenom kada se tlo pravilno zagrije. Kao \u0161to je slu\u010daj s ostalim paprikama. Prilikom sadnje pazite da ne preplavite cijepljeno mjesto.  <\/p>\n","protected":false},"excerpt":{"rendered":"<ul>\n<li>\n<h4><strong>cijepljena sadnica<\/strong><\/h4>\n<\/li>\n<li>otpornija biljka<\/li>\n<li>izvrsna plodnost i kvaliteta<\/li>\n<li>jednoliko vo\u0107e s debelim zidovima<\/li>\n<\/ul>\n<h4><strong>Pakirana 1 sadnica odjednom!<\/strong><\/h4>\n","protected":false},"featured_media":15762,"template":"","meta":{"site-sidebar-layout":"default","site-content-layout":"default","ast-site-content-layout":"default","site-content-style":"default","site-sidebar-style":"default","ast-global-header-display":"","ast-banner-title-visibility":"","ast-main-header-display":"","ast-hfb-above-header-display":"","ast-hfb-below-header-display":"","ast-hfb-mobile-header-display":"","site-post-title":"","ast-breadcrumbs-content":"","ast-featured-img":"","footer-sml-layout":"","ast-disable-related-posts":"","theme-transparent-header-meta":"default","adv-header-id-meta":"","stick-header-meta":"default","header-above-stick-meta":"","header-main-stick-meta":"","header-below-stick-meta":"","astra-migrate-meta-layouts":"default","ast-page-background-enabled":"default","ast-page-background-meta":{"desktop":{"background-color":"","background-image":"","background-repeat":"repeat","background-position":"center center","background-size":"auto","background-attachment":"scroll","background-type":"","background-media":"","overlay-type":"","overlay-color":"","overlay-opacity":"","overlay-gradient":""},"tablet":{"background-color":"","background-image":"","background-repeat":"repeat","background-position":"center center","background-size":"auto","background-attachment":"scroll","background-type":"","background-media":"","overlay-type":"","overlay-color":"","overlay-opacity":"","overlay-gradient":""},"mobile":{"background-color":"","background-image":"","background-repeat":"repeat","background-position":"center center","background-size":"auto","background-attachment":"scroll","background-type":"","background-media":"","overlay-type":"","overlay-color":"","overlay-opacity":"","overlay-gradient":""}},"ast-content-background-meta":{"desktop":{"background-color":"var(--ast-global-color-5)","background-image":"","background-repeat":"repeat","background-position":"center center","background-size":"auto","background-attachment":"scroll","background-type":"","background-media":"","overlay-type":"","overlay-color":"","overlay-opacity":"","overlay-gradient":""},"tablet":{"background-color":"var(--ast-global-color-5)","background-image":"","background-repeat":"repeat","background-position":"center center","background-size":"auto","background-attachment":"scroll","background-type":"","background-media":"","overlay-type":"","overlay-color":"","overlay-opacity":"","overlay-gradient":""},"mobile":{"background-color":"var(--ast-global-color-5)","background-image":"","background-repeat":"repeat","background-position":"center center","background-size":"auto","background-attachment":"scroll","background-type":"","background-media":"","overlay-type":"","overlay-color":"","overlay-opacity":"","overlay-gradient":""}}},"product_brand":[],"product_cat":[1639],"product_tag":[1644,1632,1623,1638,1642],"class_list":{"0":"post-15760","1":"product","2":"type-product","3":"status-publish","4":"has-post-thumbnail","6":"product_cat-rajcica","7":"product_tag-cijepljena-paprika","8":"product_tag-cijepljene-sadnice","9":"product_tag-kalemljeno-povrce","10":"product_tag-papar","11":"product_tag-paprika-zuta","12":"desktop-align-left","13":"tablet-align-left","14":"mobile-align-left","15":"ast-product-gallery-layout-horizontal","16":"ast-product-gallery-with-no-image","17":"ast-product-tabs-layout-horizontal","18":"ast-qv-on-image","20":"first","21":"outofstock","22":"taxable","23":"shipping-taxable","24":"purchasable","25":"product-type-simple"},"aioseo_notices":[],"_links":{"self":[{"href":"https:\/\/flanca.si\/hr\/wp-json\/wp\/v2\/product\/15760","targetHints":{"allow":["GET"]}}],"collection":[{"href":"https:\/\/flanca.si\/hr\/wp-json\/wp\/v2\/product"}],"about":[{"href":"https:\/\/flanca.si\/hr\/wp-json\/wp\/v2\/types\/product"}],"wp:featuredmedia":[{"embeddable":true,"href":"https:\/\/flanca.si\/hr\/wp-json\/wp\/v2\/media\/15762"}],"wp:attachment":[{"href":"https:\/\/flanca.si\/hr\/wp-json\/wp\/v2\/media?parent=15760"}],"wp:term":[{"taxonomy":"product_brand","embeddable":true,"href":"https:\/\/flanca.si\/hr\/wp-json\/wp\/v2\/product_brand?post=15760"},{"taxonomy":"product_cat","embeddable":true,"href":"https:\/\/flanca.si\/hr\/wp-json\/wp\/v2\/product_cat?post=15760"},{"taxonomy":"product_tag","embeddable":true,"href":"https:\/\/flanca.si\/hr\/wp-json\/wp\/v2\/product_tag?post=15760"}],"curies":[{"name":"wp","href":"https:\/\/api.w.org\/{rel}","templated":true}]}}