{"id":24003,"date":"2026-04-19T19:32:40","date_gmt":"2026-04-19T17:32:40","guid":{"rendered":"https:\/\/flanca.si\/?post_type=product&#038;p=24003"},"modified":"2026-04-19T19:37:19","modified_gmt":"2026-04-19T17:37:19","slug":"walderdbeere-regina-delle-valli-kopija","status":"publish","type":"product","link":"https:\/\/flanca.si\/de\/produkt\/walderdbeere-regina-delle-valli-kopija\/","title":{"rendered":"Walderdbeere &#8218;Regina delle valli&#8216; (Kopija)"},"content":{"rendered":"<p>Regina delle Valli ist eine aromatische Sorte, die f\u00fcr alle Bereiche geeignet ist. Die Fr\u00fcchte sind kleiner und l\u00e4nglich. Die Fr\u00fcchte haben einen guten Geschmack und ein intensives Aroma Die Sorte tr\u00e4gt das ganze Jahr \u00fcber Fr\u00fcchte, von Mai bis Ende September. Sie wird an sonnigen bis halbschattigen Standorten gepflanzt. Es eignet sich zum Pflanzen von Steing\u00e4rten, Kanten von Gartenbeeten und Blumenbeh\u00e4ltern. Im Freiland pflanzen Sie am besten 8-9 Setzlinge pro Quadratmeter.  <\/p>\n<p><span style=\"font-size: 16px; font-style: normal; font-weight: 400;\">Pflanzen sind mehrj\u00e4hrig. Die am besten geeignete Pflanzzeit ist der Fr\u00fchling. <\/span><\/p>\n","protected":false},"excerpt":{"rendered":"<ul>\n<li><em>Fragaria vesca Regina delle valli<\/em><\/li>\n<li>Walderdbeeren<\/li>\n<li>Aromatische Fr\u00fcchte von au\u00dfergew\u00f6hnlichem Geschmack<\/li>\n<li>Fr\u00fcchte so gro\u00df wie die dicksten Waldbeeren<\/li>\n<\/ul>\n<h4><strong>Verpackt 1 S\u00e4mling auf einmal!<\/strong><\/h4>\n","protected":false},"featured_media":13229,"template":"","meta":{"site-sidebar-layout":"default","site-content-layout":"default","ast-site-content-layout":"default","site-content-style":"default","site-sidebar-style":"default","ast-global-header-display":"","ast-banner-title-visibility":"","ast-main-header-display":"","ast-hfb-above-header-display":"","ast-hfb-below-header-display":"","ast-hfb-mobile-header-display":"","site-post-title":"","ast-breadcrumbs-content":"","ast-featured-img":"","footer-sml-layout":"","ast-disable-related-posts":"","theme-transparent-header-meta":"default","adv-header-id-meta":"","stick-header-meta":"default","header-above-stick-meta":"","header-main-stick-meta":"","header-below-stick-meta":"","astra-migrate-meta-layouts":"set","ast-page-background-enabled":"default","ast-page-background-meta":{"desktop":{"background-color":"","background-image":"","background-repeat":"repeat","background-position":"center center","background-size":"auto","background-attachment":"scroll","background-type":"","background-media":"","overlay-type":"","overlay-color":"","overlay-opacity":"","overlay-gradient":""},"tablet":{"background-color":"","background-image":"","background-repeat":"repeat","background-position":"center center","background-size":"auto","background-attachment":"scroll","background-type":"","background-media":"","overlay-type":"","overlay-color":"","overlay-opacity":"","overlay-gradient":""},"mobile":{"background-color":"","background-image":"","background-repeat":"repeat","background-position":"center center","background-size":"auto","background-attachment":"scroll","background-type":"","background-media":"","overlay-type":"","overlay-color":"","overlay-opacity":"","overlay-gradient":""}},"ast-content-background-meta":{"desktop":{"background-color":"var(--ast-global-color-5)","background-image":"","background-repeat":"repeat","background-position":"center center","background-size":"auto","background-attachment":"scroll","background-type":"","background-media":"","overlay-type":"","overlay-color":"","overlay-opacity":"","overlay-gradient":""},"tablet":{"background-color":"var(--ast-global-color-5)","background-image":"","background-repeat":"repeat","background-position":"center center","background-size":"auto","background-attachment":"scroll","background-type":"","background-media":"","overlay-type":"","overlay-color":"","overlay-opacity":"","overlay-gradient":""},"mobile":{"background-color":"var(--ast-global-color-5)","background-image":"","background-repeat":"repeat","background-position":"center center","background-size":"auto","background-attachment":"scroll","background-type":"","background-media":"","overlay-type":"","overlay-color":"","overlay-opacity":"","overlay-gradient":""}}},"product_brand":[],"product_cat":[913],"product_tag":[914,917,916,893,920],"class_list":{"0":"post-24003","1":"product","2":"type-product","3":"status-publish","4":"has-post-thumbnail","6":"product_cat-erdbeeren","7":"product_tag-erdbeere","8":"product_tag-mehrfach","9":"product_tag-obst","10":"product_tag-sommer","11":"product_tag-wald","12":"desktop-align-left","13":"tablet-align-left","14":"mobile-align-left","15":"ast-product-gallery-layout-horizontal","16":"ast-product-gallery-with-no-image","17":"ast-product-tabs-layout-horizontal","18":"ast-qv-on-image","20":"first","21":"instock","22":"taxable","23":"shipping-taxable","24":"purchasable","25":"product-type-simple"},"aioseo_notices":[],"_links":{"self":[{"href":"https:\/\/flanca.si\/de\/wp-json\/wp\/v2\/product\/24003","targetHints":{"allow":["GET"]}}],"collection":[{"href":"https:\/\/flanca.si\/de\/wp-json\/wp\/v2\/product"}],"about":[{"href":"https:\/\/flanca.si\/de\/wp-json\/wp\/v2\/types\/product"}],"wp:featuredmedia":[{"embeddable":true,"href":"https:\/\/flanca.si\/de\/wp-json\/wp\/v2\/media\/13229"}],"wp:attachment":[{"href":"https:\/\/flanca.si\/de\/wp-json\/wp\/v2\/media?parent=24003"}],"wp:term":[{"taxonomy":"product_brand","embeddable":true,"href":"https:\/\/flanca.si\/de\/wp-json\/wp\/v2\/product_brand?post=24003"},{"taxonomy":"product_cat","embeddable":true,"href":"https:\/\/flanca.si\/de\/wp-json\/wp\/v2\/product_cat?post=24003"},{"taxonomy":"product_tag","embeddable":true,"href":"https:\/\/flanca.si\/de\/wp-json\/wp\/v2\/product_tag?post=24003"}],"curies":[{"name":"wp","href":"https:\/\/api.w.org\/{rel}","templated":true}]}}