{"id":23555,"date":"2026-04-02T07:38:56","date_gmt":"2026-04-02T05:38:56","guid":{"rendered":"https:\/\/flanca.si\/?post_type=product&#038;p=23555"},"modified":"2026-04-02T07:44:11","modified_gmt":"2026-04-02T05:44:11","slug":"jasmin-trompete-flava-kopija","status":"publish","type":"product","link":"https:\/\/flanca.si\/de\/produkt\/jasmin-trompete-flava-kopija\/","title":{"rendered":"Jasmin-Trompete &#8218;Flava&#8216; (Kopija)"},"content":{"rendered":"<div class=\"flex max-w-full flex-col flex-grow\">\n<div class=\"min-h-8 text-message flex w-full flex-col items-end gap-2 whitespace-normal break-words text-start [.text-message+&amp;]:mt-5\" dir=\"auto\" data-message-author-role=\"assistant\" data-message-id=\"1543864e-b03c-4141-9f9c-ee8bc50b4c98\" data-message-model-slug=\"gpt-4o\">\n<div class=\"flex w-full flex-col gap-1 empty:hidden first:pt-[3px]\">\n<div class=\"markdown prose w-full break-words dark:prose-invert light\">\n<p><strong>Campsis radicans &#8218;Flava&#8216;<\/strong>, bekannt als gelbe Trompete, ist eine attraktive Kletterpflanze, die f\u00fcr ihre zarten, gelben, trompetenf\u00f6rmigen Bl\u00fcten bekannt ist, die vom Sommer bis zum Fr\u00fchherbst (Juli bis September) bl\u00fchen. Diese Sorte ist in Nordamerika beheimatet und eine gute Wahl f\u00fcr G\u00e4rtner, die ihren Raum mit warmen Farben aufhellen m\u00f6chten. Ihre leuchtend gr\u00fcnen, gefiederten, zusammengesetzten Bl\u00e4tter bilden eine \u00fcppige Kulisse, w\u00e4hrend ihre Bl\u00fcten Bienen, Schmetterlinge und andere Best\u00e4uber anziehen. An der St\u00fctze kann sie von 5 bis 8 m hoch werden, mit einem j\u00e4hrlichen Zuwachs von 1-3 m. <strong>Pflege:<\/strong> Die Gelbe Trompete gedeiht an sonnigen Standorten und auf gut durchl\u00e4ssigen, m\u00e4\u00dfig reichhaltigen B\u00f6den. Obwohl sie Trockenheit vertr\u00e4gt, w\u00e4chst sie mit regelm\u00e4\u00dfiger Bew\u00e4sserung besser. Der R\u00fcckschnitt im zeitigen Fr\u00fchjahr hilft, die Form zu erhalten und die Bl\u00fcte zu stimulieren. Wenn wir ihn nicht regelm\u00e4\u00dfig beschneiden, kann er schnell au\u00dfer Kontrolle geraten. Junge Pflanzen brauchen eine St\u00fctze, um zu klettern, und eine ausgewachsene Pflanze wurzelt mit Hilfe von anhaftenden Wurzeln von selbst. <strong>Gebrauchen:<\/strong> &#8218;Flava&#8216; eignet sich hervorragend f\u00fcr die Verkleidung von Pergolen, Obelisken, Mauern und Z\u00e4unen, da sie schnell w\u00e4chst und eine H\u00f6he von bis zu 10 Metern erreicht. Es l\u00e4sst sich perfekt mit anderen Clematis, wie z.B. <strong>Clematis (z.B. Clematis viticella) oder mit Clematis<\/strong>, die die Farben erg\u00e4nzt, kombinieren. Sie k\u00f6nnen sie auch neben immergr\u00fcnen Pflanzen wie <strong><a href=\"https:\/\/flanca.si\/?s=ilex&amp;post_type=product\">Ilex<\/a> crenata<\/strong> oder <strong>Buxus<\/strong> pflanzen, um einen Kontrast zwischen der immergr\u00fcnen Basis und den leuchtenden Bl\u00fcten zu schaffen.   <\/p>\n<\/div>\n<\/div>\n<\/div>\n<\/div>\n<div class=\"mb-2 flex gap-3 empty:hidden -ml-2\">\n<div class=\"items-center justify-start rounded-xl p-1 flex\">\n<div class=\"flex items-center\">\n<div class=\"flex items-center pb-0\"><\/div>\n<\/div>\n<\/div>\n<\/div>\n","protected":false},"excerpt":{"rendered":"<ul>\n<li><em><em>Campsis radicans <\/em><\/em><em>&#8218;Flava&#8216;<\/em><\/li>\n<li>sommergr\u00fcne Kletterpflanze mit frischen, gr\u00fcnen, gefiederten Bl\u00e4ttern<\/li>\n<li>bl\u00fcht mit gelben Trompetenbl\u00fcten<\/li>\n<li>n\u00fctzlich f\u00fcr das \u00dcberwuchern von Z\u00e4unen, Mauern<\/li>\n<li>Um die gew\u00fcnschte Form zu erhalten, ist ein regelm\u00e4\u00dfiger R\u00fcckschnitt notwendig<\/li>\n<\/ul>\n<h5>Verpackt 1 S\u00e4mling auf einmal!<\/h5>\n","protected":false},"featured_media":23559,"template":"","meta":{"site-sidebar-layout":"default","site-content-layout":"","ast-site-content-layout":"default","site-content-style":"default","site-sidebar-style":"default","ast-global-header-display":"","ast-banner-title-visibility":"","ast-main-header-display":"","ast-hfb-above-header-display":"","ast-hfb-below-header-display":"","ast-hfb-mobile-header-display":"","site-post-title":"","ast-breadcrumbs-content":"","ast-featured-img":"","footer-sml-layout":"","ast-disable-related-posts":"","theme-transparent-header-meta":"default","adv-header-id-meta":"","stick-header-meta":"default","header-above-stick-meta":"","header-main-stick-meta":"","header-below-stick-meta":"","astra-migrate-meta-layouts":"set","ast-page-background-enabled":"default","ast-page-background-meta":{"desktop":{"background-color":"","background-image":"","background-repeat":"repeat","background-position":"center center","background-size":"auto","background-attachment":"scroll","background-type":"","background-media":"","overlay-type":"","overlay-color":"","overlay-opacity":"","overlay-gradient":""},"tablet":{"background-color":"","background-image":"","background-repeat":"repeat","background-position":"center center","background-size":"auto","background-attachment":"scroll","background-type":"","background-media":"","overlay-type":"","overlay-color":"","overlay-opacity":"","overlay-gradient":""},"mobile":{"background-color":"","background-image":"","background-repeat":"repeat","background-position":"center center","background-size":"auto","background-attachment":"scroll","background-type":"","background-media":"","overlay-type":"","overlay-color":"","overlay-opacity":"","overlay-gradient":""}},"ast-content-background-meta":{"desktop":{"background-color":"var(--ast-global-color-5)","background-image":"","background-repeat":"repeat","background-position":"center center","background-size":"auto","background-attachment":"scroll","background-type":"","background-media":"","overlay-type":"","overlay-color":"","overlay-opacity":"","overlay-gradient":""},"tablet":{"background-color":"var(--ast-global-color-5)","background-image":"","background-repeat":"repeat","background-position":"center center","background-size":"auto","background-attachment":"scroll","background-type":"","background-media":"","overlay-type":"","overlay-color":"","overlay-opacity":"","overlay-gradient":""},"mobile":{"background-color":"var(--ast-global-color-5)","background-image":"","background-repeat":"repeat","background-position":"center center","background-size":"auto","background-attachment":"scroll","background-type":"","background-media":"","overlay-type":"","overlay-color":"","overlay-opacity":"","overlay-gradient":""}}},"product_brand":[],"product_cat":[15],"product_tag":[946,1122],"class_list":{"0":"post-23555","1":"product","2":"type-product","3":"status-publish","4":"has-post-thumbnail","6":"product_cat-nekategorizirano","7":"product_tag-bluhend","8":"product_tag-seilbahn","9":"desktop-align-left","10":"tablet-align-left","11":"mobile-align-left","12":"ast-product-gallery-layout-horizontal","13":"ast-product-gallery-with-no-image","14":"ast-product-tabs-layout-horizontal","15":"ast-qv-on-image","17":"first","18":"instock","19":"taxable","20":"shipping-taxable","21":"purchasable","22":"product-type-simple"},"aioseo_notices":[],"_links":{"self":[{"href":"https:\/\/flanca.si\/de\/wp-json\/wp\/v2\/product\/23555","targetHints":{"allow":["GET"]}}],"collection":[{"href":"https:\/\/flanca.si\/de\/wp-json\/wp\/v2\/product"}],"about":[{"href":"https:\/\/flanca.si\/de\/wp-json\/wp\/v2\/types\/product"}],"wp:featuredmedia":[{"embeddable":true,"href":"https:\/\/flanca.si\/de\/wp-json\/wp\/v2\/media\/23559"}],"wp:attachment":[{"href":"https:\/\/flanca.si\/de\/wp-json\/wp\/v2\/media?parent=23555"}],"wp:term":[{"taxonomy":"product_brand","embeddable":true,"href":"https:\/\/flanca.si\/de\/wp-json\/wp\/v2\/product_brand?post=23555"},{"taxonomy":"product_cat","embeddable":true,"href":"https:\/\/flanca.si\/de\/wp-json\/wp\/v2\/product_cat?post=23555"},{"taxonomy":"product_tag","embeddable":true,"href":"https:\/\/flanca.si\/de\/wp-json\/wp\/v2\/product_tag?post=23555"}],"curies":[{"name":"wp","href":"https:\/\/api.w.org\/{rel}","templated":true}]}}